{"id":14,"date":"2019-02-06T10:55:38","date_gmt":"2019-02-06T09:55:38","guid":{"rendered":"http:\/\/dreirad-kommunikation.at\/frandl\/widerrufsbelehrung\/"},"modified":"2019-02-15T11:58:16","modified_gmt":"2019-02-15T10:58:16","slug":"cancellation-policy","status":"publish","type":"page","link":"https:\/\/frandl-sports.com\/en\/widerrufsbelehrung\/","title":{"rendered":"Cancellation policy"},"content":{"rendered":"\n<style type=\"text\/css\" data-created_by=\"avia_inline_auto\" id=\"style-css-av-y595-42d1aaf49a72f198ba80927a7e6d386a\">\n.flex_column.av-y595-42d1aaf49a72f198ba80927a7e6d386a{\nborder-radius:0px 0px 0px 0px;\npadding:0px 0px 0px 0px;\n}\n<\/style>\n<div  class='flex_column av-y595-42d1aaf49a72f198ba80927a7e6d386a av_one_full  avia-builder-el-0  avia-builder-el-no-sibling  first flex_column_div av-zero-column-padding  '     ><p>\n<style type=\"text\/css\" data-created_by=\"avia_inline_auto\" id=\"style-css-av-js5rx18r-9f4da3cdb6bd0a290c1020747b46d64c\">\n#top .av-special-heading.av-js5rx18r-9f4da3cdb6bd0a290c1020747b46d64c{\npadding-bottom:10px;\n}\nbody .av-special-heading.av-js5rx18r-9f4da3cdb6bd0a290c1020747b46d64c .av-special-heading-tag .heading-char{\nfont-size:25px;\n}\n.av-special-heading.av-js5rx18r-9f4da3cdb6bd0a290c1020747b46d64c .av-subheading{\nfont-size:15px;\n}\n<\/style>\n<div  class='av-special-heading av-js5rx18r-9f4da3cdb6bd0a290c1020747b46d64c av-special-heading-h1 blockquote modern-quote modern-centered'><h1 class='av-special-heading-tag '  itemprop=\"headline\"  >Widerrufsbelehrung<\/h1><div class=\"special-heading-border\"><div class=\"special-heading-inner-border\"><\/div><\/div><\/div><br \/>\n\n<style type=\"text\/css\" data-created_by=\"avia_inline_auto\" id=\"style-css-av-js5r6bij-5a53120cbf103ef601e70362b5327277\">\n#top .hr.av-js5r6bij-5a53120cbf103ef601e70362b5327277{\nmargin-top:30px;\nmargin-bottom:30px;\n}\n.hr.av-js5r6bij-5a53120cbf103ef601e70362b5327277 .hr-inner{\nwidth:500px;\nmax-width:45%;\n}\n<\/style>\n<div  class='hr av-js5r6bij-5a53120cbf103ef601e70362b5327277 hr-custom hr-center hr-icon-yes'><span class='hr-inner inner-border-av-border-thin'><span class=\"hr-inner-style\"><\/span><\/span><span class='av-seperator-icon avia-iconfont avia-font-entypo-fontello' data-av_icon='\ue81f' data-av_iconfont='entypo-fontello' ><\/span><span class='hr-inner inner-border-av-border-thin'><span class=\"hr-inner-style\"><\/span><\/span><\/div><br \/>\n<section  class='av_textblock_section av-js5r3u44-ced3b6d0180b1d91380ae83ca2b47499 '   itemscope=\"itemscope\" itemtype=\"https:\/\/schema.org\/CreativeWork\" ><div class='avia_textblock'  itemprop=\"text\" ><h3>Widerrufsrecht<\/h3>\n<p>Sie k\u00f6nnen Ihre Vertragserkl\u00e4rung innerhalb von [14 Tagen] [1] ohne Angabe von Gr\u00fcnden in Textform (z. B. Brief, Fax, E-Mail) [oder \u2013 wenn Ihnen die Sache vor Fristablauf \u00fcberlassen wird \u2013 auch durch R\u00fccksendung der Sache] [2] widerrufen. Die Frist beginnt nach Erhalt dieser Belehrung in Textform [3]. Zur Wahrung der Widerrufsfrist gen\u00fcgt die rechtzeitige Absendung des Widerrufs [oder der Sache] [2]. Der Widerruf ist zu richten an: [4]<br \/>\nWiderrufsfolgen [5]<br \/>\nIm Falle eines wirksamen Widerrufs sind die beiderseits empfangenen Leistungen zur\u00fcckzugew\u00e4hren und ggf. gezogene Nutzungen (z. B. Zinsen) herauszugeben. [6] K\u00f6nnen Sie uns die empfangene Leistung sowie Nutzungen (z. B. Gebrauchsvorteile) nicht oder teilweise nicht oder nur in verschlechtertem Zustand zur\u00fcckgew\u00e4hren beziehungsweise herausgeben, m\u00fcssen Sie uns insoweit Wertersatz leisten. [7] [F\u00fcr die Verschlechterung der Sache m\u00fcssen Sie Wertersatz nur leisten, soweit die Verschlechterung auf einen Umgang mit der Sache zur\u00fcckzuf\u00fchren ist, der \u00fcber die Pr\u00fcfung der Eigenschaften und der Funktionsweise hinausgeht. [8] Unter \u201ePr\u00fcfung der Eigenschaften und der Funktionsweise\u201c versteht man das Testen und Ausprobieren der jeweiligen Ware, wie es etwa im Ladengesch\u00e4ft m\u00f6glich und \u00fcblich ist. [9] Paketversandf\u00e4hige Sachen sind auf unsere [Kosten und] [10] Gefahr zur\u00fcckzusenden. Nicht paketversandf\u00e4hige Sachen werden bei Ihnen abgeholt.] [2] Verpflichtungen zur Erstattung von Zahlungen m\u00fcssen innerhalb von 30 Tagen erf\u00fcllt werden. Die Frist beginnt f\u00fcr Sie mit der Absendung Ihrer Widerrufserkl\u00e4rung [oder der Sache] [2] , f\u00fcr uns mit deren Empfang.<br \/>\nBesondere Hinweise<br \/>\n[11]<br \/>\n[12]<br \/>\n[13]<br \/>\n(Ort), (Datum), (Unterschrift des Verbrauchers) [14]<\/p>\n<p>Gestaltungshinweise:<br \/>\n[1]<br \/>\nWird die Belehrung nicht sp\u00e4testens bei, sondern erst nach Vertragsschluss mitgeteilt, lautet der Klammerzusatz \u201eeinem Monat\u201c. In diesem Fall ist auch Gestaltungshinweis 9 einschl\u00e4gig, wenn der dort genannte Hinweis nicht sp\u00e4testens bei Vertragsschluss in Textform erfolgt. Bei Fernabsatzvertr\u00e4gen steht eine unverz\u00fcglich nach Vertragsschluss in Textform mitgeteilte Widerrufsbelehrung einer solchen bei Vertragsschluss gleich, wenn der Unternehmer den Verbraucher gem\u00e4\u00df Artikel 246 \u00a7 1 Absatz 1 Nummer 10 EGBGB unterrichtet hat.<br \/>\n[2]<br \/>\nDer Klammerzusatz entf\u00e4llt bei Leistungen, die nicht in der \u00dcberlassung von Sachen bestehen.<br \/>\n[3]<br \/>\nLiegt einer der nachstehenden Sonderf\u00e4lle vor, ist Folgendes einzuf\u00fcgen:<br \/>\na)<br \/>\nbei schriftlich abzuschlie\u00dfenden Vertr\u00e4gen: \u201e , jedoch nicht, bevor Ihnen auch eine Vertragsurkunde, Ihr schriftlicher Antrag oder eine Abschrift der Vertragsurkunde oder des Antrags zur Verf\u00fcgung gestellt worden ist\u201c;<br \/>\nb)<br \/>\nbei Fernabsatzvertr\u00e4gen (\u00a7 312b Absatz 1 Satz 1 BGB) \u00fcber die<br \/>\naa)<br \/>\nLieferung von Waren: \u201e , jedoch nicht vor Eingang der Ware beim Empf\u00e4nger (bei der wiederkehrenden Lieferung gleichartiger Waren nicht vor Eingang der ersten Teillieferung) und auch nicht vor Erf\u00fcllung unserer Informationspflichten gem\u00e4\u00df Artikel 246 \u00a7 2 in Verbindung mit \u00a7 1 Absatz 1 und 2 EGBGB\u201c;<br \/>\nbb)<br \/>\nErbringung von Dienstleistungen au\u00dfer Zahlungsdiensten: \u201e , jedoch nicht vor Vertragsschluss und auch nicht vor Erf\u00fcllung unserer Informationspflichten gem\u00e4\u00df Artikel 246 \u00a7 2 in Verbindung mit \u00a7 1 Absatz 1 und 2 EGBGB\u201c;<br \/>\ncc)<br \/>\nErbringung von Zahlungsdiensten:<br \/>\naaa)<br \/>\nbei Zahlungsdiensterahmenvertr\u00e4gen: \u201e , jedoch nicht vor Vertragsschluss und auch nicht vor Erf\u00fcllung unserer Informationspflichten gem\u00e4\u00df Artikel 246 \u00a7 2 in Verbindung mit \u00a7 1 Absatz 1 Nummer 8 bis 12 und Absatz 2 Nummer 2, 4 und 8 sowie Artikel 248 \u00a7 4 Absatz 1 EGBGB\u201c;<br \/>\nbbb)<br \/>\nbei Kleinbetragsinstrumenten im Sinne des \u00a7 675i Absatz 1 BGB: \u201e , jedoch nicht vor Vertragsschluss und auch nicht vor Erf\u00fcllung unserer Informationspflichten gem\u00e4\u00df Artikel 246 \u00a7 2 in Verbindung mit \u00a7 1 Absatz 1 Nummer 8 bis 12 und Absatz 2 Nummer 2, 4 und 8 sowie Artikel 248 \u00a7 11 Absatz 1 EGBGB\u201c;<br \/>\nccc)<br \/>\nbei Einzelzahlungsvertr\u00e4gen: \u201e , jedoch nicht vor Vertragsschluss und auch nicht vor Erf\u00fcllung unserer Informationspflichten gem\u00e4\u00df Artikel 246 \u00a7 2 in Verbindung mit \u00a7 1 Absatz 1 Nummer 8 bis 12 und Absatz 2 Nummer 2, 4 und 8 sowie Artikel 248 \u00a7 13 Absatz 1 EGBGB\u201c;<br \/>\nc)<br \/>\nbei Vertr\u00e4gen im elektronischen Gesch\u00e4ftsverkehr (\u00a7 312g Absatz 1 Satz 1 BGB): \u201e , jedoch nicht vor Erf\u00fcllung unserer Pflichten gem\u00e4\u00df \u00a7 312g Absatz 1 Satz 1 BGB in Verbindung mit Artikel 246 \u00a7 3 EGBGB\u201c;<br \/>\nd)<br \/>\nbei einem Kauf auf Probe (\u00a7 454 BGB): \u201e , jedoch nicht, bevor der Kaufvertrag durch Ihre Billigung des gekauften Gegenstandes f\u00fcr Sie bindend geworden ist\u201c.<br \/>\nWird f\u00fcr einen Vertrag belehrt, der unter mehrere der vorstehenden Sonderf\u00e4lle f\u00e4llt (z. B. ein Fernabsatzvertrag \u00fcber die Lieferung von Waren im elektronischen Gesch\u00e4ftsverkehr), sind die jeweils zutreffenden Erg\u00e4nzungen zu kombinieren (in dem genannten Beispiel wie folgt: \u201e , jedoch nicht vor Eingang der Ware beim Empf\u00e4nger [bei der wiederkehrenden Lieferung gleichartiger Waren nicht vor Eingang der ersten Teillieferung] und auch nicht vor Erf\u00fcllung unserer Informationspflichten gem\u00e4\u00df Artikel 246 \u00a7 2 in Verbindung mit \u00a7 1 Absatz 1 und 2 EGBGB sowie unserer Pflichten gem\u00e4\u00df \u00a7 312g Absatz 1 Satz 1 BGB in Verbindung mit Artikel 246 \u00a7 3 EGBGB\u201c). Soweit zu kombinierende Erg\u00e4nzungen sprachlich identisch sind, sind Wiederholungen des Wortlauts nicht erforderlich.<br \/>\n[4]<br \/>\nEinsetzen: Namen\/Firma und ladungsf\u00e4hige Anschrift des Widerrufsadressaten.<br \/>\nZus\u00e4tzlich k\u00f6nnen angegeben werden: Telefaxnummer, E-Mail-Adresse und\/oder, wenn der Verbraucher eine Best\u00e4tigung seiner Widerrufserkl\u00e4rung an den Unternehmer erh\u00e4lt, auch eine Internetadresse.<br \/>\n[5]<br \/>\nDieser Absatz kann entfallen, wenn die beiderseitigen Leistungen erst nach Ablauf der Widerrufsfrist erbracht werden. Dasselbe gilt, wenn eine R\u00fcckabwicklung nicht in Betracht kommt (z. B. Hereinnahme einer B\u00fcrgschaft).<br \/>\n[6]<br \/>\nBei der Vereinbarung eines Entgelts f\u00fcr die Duldung einer \u00dcberziehung im Sinne des \u00a7 505 BGB ist hier Folgendes einzuf\u00fcgen:<br \/>\n\u201e\u00dcberziehen Sie Ihr Konto ohne einger\u00e4umte \u00dcberziehungsm\u00f6glichkeit oder \u00fcberschreiten Sie die Ihnen einger\u00e4umte \u00dcberziehungsm\u00f6glichkeit, k\u00f6nnen wir von Ihnen \u00fcber die R\u00fcckzahlung des Betrags der \u00dcberziehung oder \u00dcberschreitung hinaus weder Kosten noch Zinsen verlangen, wenn wir Sie nicht ordnungsgem\u00e4\u00df \u00fcber die Bedingungen und Folgen der \u00dcberziehung oder \u00dcberschreitung (z. B. anwendbarer Sollzinssatz, Kosten) informiert haben.\u201c<br \/>\n[7]<br \/>\nBei Fernabsatzvertr\u00e4gen \u00fcber Dienstleistungen ist folgender Satz einzuf\u00fcgen:<br \/>\n\u201eDies kann dazu f\u00fchren, dass Sie die vertraglichen Zahlungsverpflichtungen f\u00fcr den Zeitraum bis zum Widerruf gleichwohl erf\u00fcllen m\u00fcssen.\u201c<br \/>\n[8]<br \/>\nBei Fernabsatzvertr\u00e4gen \u00fcber die Lieferung von Waren ist anstelle des vorhergehenden Satzes folgender Satz einzuf\u00fcgen:<br \/>\n\u201eF\u00fcr die Verschlechterung der Sache und f\u00fcr gezogene Nutzungen m\u00fcssen Sie Wertersatz nur leisten, soweit die Nutzungen oder die Verschlechterung auf einen Umgang mit der Sache zur\u00fcckzuf\u00fchren ist, der \u00fcber die Pr\u00fcfung der Eigenschaften und der Funktionsweise hinausgeht.\u201c<br \/>\n[9]<br \/>\nWenn ein Hinweis auf die Wertersatzpflicht gem\u00e4\u00df \u00a7 357 Absatz 3 Satz 1 BGB nicht sp\u00e4testens bei Vertragsschluss in Textform erfolgt, ist anstelle der beiden vorhergehenden S\u00e4tze einzuf\u00fcgen: \u201eF\u00fcr eine durch die bestimmungsgem\u00e4\u00dfe Ingebrauchnahme der Sache entstandene Verschlechterung m\u00fcssen Sie keinen Wertersatz leisten.\u201c Bei Fernabsatzvertr\u00e4gen steht ein unverz\u00fcglich nach Vertragsschluss in Textform mitgeteilter Hinweis einem solchen bei Vertragsschluss gleich, wenn der Unternehmer den Verbraucher rechtzeitig vor Abgabe von dessen Vertragserkl\u00e4rung in einer dem eingesetzten Fernkommunikationsmittel entsprechenden Weise \u00fcber die Wertersatzpflicht unterrichtet hat.<br \/>\nHandelt es sich um einen Fernabsatzvertrag \u00fcber die Lieferung von Waren, ist anzuf\u00fcgen:<br \/>\n\u201eWertersatz f\u00fcr gezogene Nutzungen m\u00fcssen Sie nur leisten, soweit Sie die Ware in einer Art und Weise genutzt haben, die \u00fcber die Pr\u00fcfung der Eigenschaften und der Funktionsweise hinausgeht. Unter \u201ePr\u00fcfung der Eigenschaften und der Funktionsweise\u201c versteht man das Testen und Ausprobieren der jeweiligen Ware, wie es etwa im Ladengesch\u00e4ft m\u00f6glich und \u00fcblich ist.\u201c<br \/>\n[10]<br \/>\nIst entsprechend \u00a7 357 Absatz 2 Satz 3 BGB eine \u00dcbernahme der Versandkosten durch den Verbraucher vereinbart worden, kann der Klammerzusatz weggelassen werden. Stattdessen ist hinter \u201ezur\u00fcckzusenden.\u201c Folgendes einzuf\u00fcgen:<br \/>\n\u201eSie haben die regelm\u00e4\u00dfigen Kosten der R\u00fccksendung zu tragen, wenn die gelieferte Ware der bestellten entspricht und wenn der Preis der zur\u00fcckzusendenden Sache einen Betrag von 40 Euro nicht \u00fcbersteigt oder wenn Sie bei einem h\u00f6heren Preis der Sache zum Zeitpunkt des Widerrufs noch nicht die Gegenleistung oder eine vertraglich vereinbarte Teilzahlung erbracht haben. Anderenfalls ist die R\u00fccksendung f\u00fcr Sie kostenfrei.\u201c<br \/>\n[11]<br \/>\nBei einem Widerrufsrecht gem\u00e4\u00df \u00a7 312d Absatz 1 BGB, das f\u00fcr einen Fernabsatzvertrag \u00fcber die Erbringung einer Dienstleistung gilt, ist hier folgender Hinweis aufzunehmen:<br \/>\n\u201eIhr Widerrufsrecht erlischt vorzeitig, wenn der Vertrag von beiden Seiten auf Ihren ausdr\u00fccklichen Wunsch vollst\u00e4ndig erf\u00fcllt ist, bevor Sie Ihr Widerrufsrecht ausge\u00fcbt haben.\u201c<br \/>\n[12]<br \/>\nDer nachfolgende Hinweis f\u00fcr finanzierte Gesch\u00e4fte kann entfallen, wenn kein verbundenes Gesch\u00e4ft vorliegt:<br \/>\n\u201eWenn Sie diesen Vertrag durch ein Darlehen finanzieren und ihn sp\u00e4ter widerrufen, sind Sie auch an den Darlehensvertrag nicht mehr gebunden, sofern beide Vertr\u00e4ge eine wirtschaftliche Einheit bilden. Dies ist insbesondere dann anzunehmen, wenn wir gleichzeitig Ihr Darlehensgeber sind oder wenn sich Ihr Darlehensgeber im Hinblick auf die Finanzierung unserer Mitwirkung bedient. Wenn uns das Darlehen bei Wirksamwerden des Widerrufs oder bei der R\u00fcckgabe der Ware bereits zugeflossen ist, tritt Ihr Darlehensgeber im Verh\u00e4ltnis zu Ihnen hinsichtlich der Rechtsfolgen des Widerrufs oder der R\u00fcckgabe in unsere Rechte und Pflichten aus dem finanzierten Vertrag ein. Letzteres gilt nicht, wenn der vorliegende Vertrag den Erwerb von Finanzinstrumenten (z. B. von Wertpapieren, Devisen oder Derivaten) zum Gegenstand hat.<br \/>\nWollen Sie eine vertragliche Bindung so weitgehend wie m\u00f6glich vermeiden, machen Sie von Ihrem Widerrufsrecht Gebrauch und widerrufen Sie zudem den Darlehensvertrag, wenn Ihnen auch daf\u00fcr ein Widerrufsrecht zusteht.\u201c<br \/>\nBei einem finanzierten Erwerb eines Grundst\u00fccks oder eines grundst\u00fccksgleichen Rechts ist Satz 2 des vorstehenden Hinweises wie folgt zu \u00e4ndern:<br \/>\n\u201eDies ist nur anzunehmen, wenn die Vertragspartner in beiden Vertr\u00e4gen identisch sind oder wenn der Darlehensgeber \u00fcber die Zurverf\u00fcgungstellung von Darlehen hinaus Ihr Grundst\u00fccksgesch\u00e4ft durch Zusammenwirken mit dem Ver\u00e4u\u00dferer f\u00f6rdert, indem er sich dessen Ver\u00e4u\u00dferungsinteressen ganz oder teilweise zu eigen macht, bei der Planung, Werbung oder Durchf\u00fchrung des Projekts Funktionen des Ver\u00e4u\u00dferers \u00fcbernimmt oder den Ver\u00e4u\u00dferer einseitig beg\u00fcnstigt.\u201c<br \/>\n[13]<br \/>\nDer nachfolgende Hinweis f\u00fcr Fernabsatzvertr\u00e4ge \u00fcber Finanzdienstleistungen kann entfallen, wenn kein hinzugef\u00fcgter Fernabsatzvertrag \u00fcber eine Dienstleistung vorliegt:<br \/>\n\u201eBei Widerruf dieses Fernabsatzvertrags \u00fcber eine Finanzdienstleistung sind Sie auch an einen hinzugef\u00fcgten Fernabsatzvertrag nicht mehr gebunden, wenn dieser Vertrag eine weitere Dienstleistung von uns oder eines Dritten auf der Grundlage einer Vereinbarung zwischen uns und dem Dritten zum Gegenstand hat.\u201c<br \/>\n[14]<br \/>\nOrt, Datum und Unterschriftsleiste k\u00f6nnen entfallen. In diesem Fall sind diese Angaben entweder durch die W\u00f6rter \u201eEnde der Widerrufsbelehrung\u201c oder durch die W\u00f6rter \u201eIhr(e) (einsetzen: Firma des Unternehmers)\u201c zu ersetzen.<\/p>\n<\/div><\/section><\/p><\/div>\n","protected":false},"excerpt":{"rendered":"","protected":false},"author":661,"featured_media":0,"parent":0,"menu_order":0,"comment_status":"closed","ping_status":"closed","template":"","meta":{"footnotes":""},"class_list":["post-14","page","type-page","status-publish","hentry"],"yoast_head":"<!-- This site is optimized with the Yoast SEO plugin v27.5 - https:\/\/yoast.com\/product\/yoast-seo-wordpress\/ -->\n<title>Widerrufsbelehrung - Frandl Sports<\/title>\n<meta name=\"robots\" content=\"index, follow, max-snippet:-1, max-image-preview:large, max-video-preview:-1\" \/>\n<link rel=\"canonical\" href=\"https:\/\/frandl-sports.com\/en\/cancellation-policy\/\" \/>\n<meta property=\"og:locale\" content=\"en_GB\" \/>\n<meta property=\"og:type\" content=\"article\" \/>\n<meta property=\"og:title\" content=\"Widerrufsbelehrung - Frandl Sports\" \/>\n<meta property=\"og:url\" content=\"https:\/\/frandl-sports.com\/en\/cancellation-policy\/\" \/>\n<meta property=\"og:site_name\" content=\"Frandl Sports\" \/>\n<meta property=\"article:modified_time\" content=\"2019-02-15T10:58:16+00:00\" \/>\n<meta name=\"twitter:card\" content=\"summary_large_image\" \/>\n<meta name=\"twitter:label1\" content=\"Estimated reading time\" \/>\n\t<meta name=\"twitter:data1\" content=\"9 minutes\" \/>\n<script type=\"application\/ld+json\" class=\"yoast-schema-graph\">{\"@context\":\"https:\\\/\\\/schema.org\",\"@graph\":[{\"@type\":\"WebPage\",\"@id\":\"https:\\\/\\\/frandl-sports.com\\\/widerrufsbelehrung\\\/\",\"url\":\"https:\\\/\\\/frandl-sports.com\\\/widerrufsbelehrung\\\/\",\"name\":\"Widerrufsbelehrung - Frandl Sports\",\"isPartOf\":{\"@id\":\"https:\\\/\\\/frandl-sports.com\\\/#website\"},\"datePublished\":\"2019-02-06T09:55:38+00:00\",\"dateModified\":\"2019-02-15T10:58:16+00:00\",\"breadcrumb\":{\"@id\":\"https:\\\/\\\/frandl-sports.com\\\/widerrufsbelehrung\\\/#breadcrumb\"},\"inLanguage\":\"en-GB\",\"potentialAction\":[{\"@type\":\"ReadAction\",\"target\":[\"https:\\\/\\\/frandl-sports.com\\\/widerrufsbelehrung\\\/\"]}]},{\"@type\":\"BreadcrumbList\",\"@id\":\"https:\\\/\\\/frandl-sports.com\\\/widerrufsbelehrung\\\/#breadcrumb\",\"itemListElement\":[{\"@type\":\"ListItem\",\"position\":1,\"name\":\"Startseite\",\"item\":\"https:\\\/\\\/frandl-sports.com\\\/\"},{\"@type\":\"ListItem\",\"position\":2,\"name\":\"Widerrufsbelehrung\"}]},{\"@type\":\"WebSite\",\"@id\":\"https:\\\/\\\/frandl-sports.com\\\/#website\",\"url\":\"https:\\\/\\\/frandl-sports.com\\\/\",\"name\":\"Frandl Sports\",\"description\":\"FRANDL SPORTS ist der kompetente Gesamtausstatter f\u00fcr professionelle Unternehmen im Bereich Wintersport\",\"publisher\":{\"@id\":\"https:\\\/\\\/frandl-sports.com\\\/#organization\"},\"potentialAction\":[{\"@type\":\"SearchAction\",\"target\":{\"@type\":\"EntryPoint\",\"urlTemplate\":\"https:\\\/\\\/frandl-sports.com\\\/?s={search_term_string}\"},\"query-input\":{\"@type\":\"PropertyValueSpecification\",\"valueRequired\":true,\"valueName\":\"search_term_string\"}}],\"inLanguage\":\"en-GB\"},{\"@type\":\"Organization\",\"@id\":\"https:\\\/\\\/frandl-sports.com\\\/#organization\",\"name\":\"Frandl Sports\",\"url\":\"https:\\\/\\\/frandl-sports.com\\\/\",\"logo\":{\"@type\":\"ImageObject\",\"inLanguage\":\"en-GB\",\"@id\":\"https:\\\/\\\/frandl-sports.com\\\/#\\\/schema\\\/logo\\\/image\\\/\",\"url\":\"https:\\\/\\\/frandl-sports.com\\\/wp-content\\\/uploads\\\/2026\\\/03\\\/Favicon_1.png\",\"contentUrl\":\"https:\\\/\\\/frandl-sports.com\\\/wp-content\\\/uploads\\\/2026\\\/03\\\/Favicon_1.png\",\"width\":500,\"height\":500,\"caption\":\"Frandl Sports\"},\"image\":{\"@id\":\"https:\\\/\\\/frandl-sports.com\\\/#\\\/schema\\\/logo\\\/image\\\/\"}}]}<\/script>\n<!-- \/ Yoast SEO plugin. -->","yoast_head_json":{"title":"Cancellation policy - Frandl Sports","robots":{"index":"index","follow":"follow","max-snippet":"max-snippet:-1","max-image-preview":"max-image-preview:large","max-video-preview":"max-video-preview:-1"},"canonical":"https:\/\/frandl-sports.com\/en\/cancellation-policy\/","og_locale":"en_GB","og_type":"article","og_title":"Widerrufsbelehrung - Frandl Sports","og_url":"https:\/\/frandl-sports.com\/en\/cancellation-policy\/","og_site_name":"Frandl Sports","article_modified_time":"2019-02-15T10:58:16+00:00","twitter_card":"summary_large_image","twitter_misc":{"Estimated reading time":"9 minutes"},"schema":{"@context":"https:\/\/schema.org","@graph":[{"@type":"WebPage","@id":"https:\/\/frandl-sports.com\/widerrufsbelehrung\/","url":"https:\/\/frandl-sports.com\/widerrufsbelehrung\/","name":"Cancellation policy - Frandl Sports","isPartOf":{"@id":"https:\/\/frandl-sports.com\/#website"},"datePublished":"2019-02-06T09:55:38+00:00","dateModified":"2019-02-15T10:58:16+00:00","breadcrumb":{"@id":"https:\/\/frandl-sports.com\/widerrufsbelehrung\/#breadcrumb"},"inLanguage":"en-GB","potentialAction":[{"@type":"ReadAction","target":["https:\/\/frandl-sports.com\/widerrufsbelehrung\/"]}]},{"@type":"BreadcrumbList","@id":"https:\/\/frandl-sports.com\/widerrufsbelehrung\/#breadcrumb","itemListElement":[{"@type":"ListItem","position":1,"name":"Startseite","item":"https:\/\/frandl-sports.com\/"},{"@type":"ListItem","position":2,"name":"Widerrufsbelehrung"}]},{"@type":"WebSite","@id":"https:\/\/frandl-sports.com\/#website","url":"https:\/\/frandl-sports.com\/","name":"Frandl Sports","description":"FRANDL SPORTS is the competent all-round supplier for professional companies in the winter sports sector","publisher":{"@id":"https:\/\/frandl-sports.com\/#organization"},"potentialAction":[{"@type":"SearchAction","target":{"@type":"EntryPoint","urlTemplate":"https:\/\/frandl-sports.com\/?s={search_term_string}"},"query-input":{"@type":"PropertyValueSpecification","valueRequired":true,"valueName":"search_term_string"}}],"inLanguage":"en-GB"},{"@type":"Organization","@id":"https:\/\/frandl-sports.com\/#organization","name":"Frandl Sports","url":"https:\/\/frandl-sports.com\/","logo":{"@type":"ImageObject","inLanguage":"en-GB","@id":"https:\/\/frandl-sports.com\/#\/schema\/logo\/image\/","url":"https:\/\/frandl-sports.com\/wp-content\/uploads\/2026\/03\/Favicon_1.png","contentUrl":"https:\/\/frandl-sports.com\/wp-content\/uploads\/2026\/03\/Favicon_1.png","width":500,"height":500,"caption":"Frandl Sports"},"image":{"@id":"https:\/\/frandl-sports.com\/#\/schema\/logo\/image\/"}}]}},"_links":{"self":[{"href":"https:\/\/frandl-sports.com\/en\/wp-json\/wp\/v2\/pages\/14","targetHints":{"allow":["GET"]}}],"collection":[{"href":"https:\/\/frandl-sports.com\/en\/wp-json\/wp\/v2\/pages"}],"about":[{"href":"https:\/\/frandl-sports.com\/en\/wp-json\/wp\/v2\/types\/page"}],"author":[{"embeddable":true,"href":"https:\/\/frandl-sports.com\/en\/wp-json\/wp\/v2\/users\/661"}],"replies":[{"embeddable":true,"href":"https:\/\/frandl-sports.com\/en\/wp-json\/wp\/v2\/comments?post=14"}],"version-history":[{"count":0,"href":"https:\/\/frandl-sports.com\/en\/wp-json\/wp\/v2\/pages\/14\/revisions"}],"wp:attachment":[{"href":"https:\/\/frandl-sports.com\/en\/wp-json\/wp\/v2\/media?parent=14"}],"curies":[{"name":"wp","href":"https:\/\/api.w.org\/{rel}","templated":true}]}}