{"id":1068,"date":"2012-09-28T10:08:21","date_gmt":"2012-09-28T10:08:21","guid":{"rendered":"https:\/\/frandl-sports.com\/?post_type=product&#038;p=1068"},"modified":"2026-03-19T15:29:52","modified_gmt":"2026-03-19T14:29:52","slug":"waxed","status":"publish","type":"product","link":"https:\/\/frandl-sports.com\/en\/produkt\/wachstisch\/","title":{"rendered":"Waxing table"},"content":{"rendered":"<p>Scope of delivery:<\/p>\n<ul>\n<li>Waxing table<\/li>\n<\/ul>","protected":false},"excerpt":{"rendered":"<p>Professional waxing table for ski service, World Cup version, made of aluminium and stainless steel, height-adjustable, with practical carrying handle, can be folded up easily, accessories are stowed away at the same time, weight approx. 12 kg, all ski clamps from the shop can be attached to the table, all one system and can be extended as required. Other ski clamps can also be used, maximum mounting size for square tubes 25 x 25 mm.<\/p>","protected":false},"featured_media":38626,"comment_status":"open","ping_status":"closed","template":"","meta":[],"pwb-brand":[847],"product_brand":[420],"product_cat":[846,167],"product_tag":[],"class_list":{"0":"post-1068","1":"product","2":"type-product","3":"status-publish","4":"has-post-thumbnail","6":"pwb-brand-habrus","7":"product_brand-holmenkol","8":"product_cat-wachstische","9":"product_cat-wachstische-skispanner","10":"product_shipping_class-15kg","12":"first","13":"instock","14":"taxable","15":"shipping-taxable","16":"purchasable","17":"product-type-simple"},"yoast_head":"<!-- This site is optimized with the Yoast SEO plugin v27.6 - https:\/\/yoast.com\/product\/yoast-seo-wordpress\/ -->\n<title>Wachstisch - Frandl Sports<\/title>\n<meta name=\"robots\" content=\"index, follow, max-snippet:-1, max-image-preview:large, max-video-preview:-1\" \/>\n<link rel=\"canonical\" href=\"https:\/\/frandl-sports.com\/en\/product\/waxed\/\" \/>\n<meta property=\"og:locale\" content=\"en_GB\" \/>\n<meta property=\"og:type\" content=\"article\" \/>\n<meta property=\"og:title\" content=\"Wachstisch - Frandl Sports\" \/>\n<meta property=\"og:description\" content=\"Profesioneller Wachstisch f\u00fcr den Skiservice, Weltcup Ausf\u00fchrung, aus Aluminium und Edelstahl gefertigt, h\u00f6henverstellbar, mit praktischem Tragegriff, l\u00e4sst sich super zusammenklappen, Zubeh\u00f6r ist gleich mit verstaut, Gewicht ca. 12 kg, an dem Tisch k\u00f6nnen alle Skispanner aus dem Shop befestigt werden, alles ein System und beliebig erweiterbar. Auch andere Skispanner kann man verwenden, maximale Aufnahmegr\u00f6\u00dfe f\u00fcr Vierkantrohre 25 x 25 mm.\" \/>\n<meta property=\"og:url\" content=\"https:\/\/frandl-sports.com\/en\/product\/waxed\/\" \/>\n<meta property=\"og:site_name\" content=\"Frandl Sports\" \/>\n<meta property=\"article:modified_time\" content=\"2026-03-19T14:29:52+00:00\" \/>\n<meta property=\"og:image\" content=\"https:\/\/frandl-sports.com\/wp-content\/uploads\/2012\/09\/Wachstisch-1-590x590-1.jpg\" \/>\n\t<meta property=\"og:image:width\" content=\"590\" \/>\n\t<meta property=\"og:image:height\" content=\"590\" \/>\n\t<meta property=\"og:image:type\" content=\"image\/jpeg\" \/>\n<meta name=\"twitter:card\" content=\"summary_large_image\" \/>\n<script type=\"application\/ld+json\" class=\"yoast-schema-graph\">{\"@context\":\"https:\\\/\\\/schema.org\",\"@graph\":[{\"@type\":\"WebPage\",\"@id\":\"https:\\\/\\\/frandl-sports.com\\\/produkt\\\/wachstisch\\\/\",\"url\":\"https:\\\/\\\/frandl-sports.com\\\/produkt\\\/wachstisch\\\/\",\"name\":\"Wachstisch - Frandl Sports\",\"isPartOf\":{\"@id\":\"https:\\\/\\\/frandl-sports.com\\\/#website\"},\"primaryImageOfPage\":{\"@id\":\"https:\\\/\\\/frandl-sports.com\\\/produkt\\\/wachstisch\\\/#primaryimage\"},\"image\":{\"@id\":\"https:\\\/\\\/frandl-sports.com\\\/produkt\\\/wachstisch\\\/#primaryimage\"},\"thumbnailUrl\":\"https:\\\/\\\/frandl-sports.com\\\/wp-content\\\/uploads\\\/2012\\\/09\\\/Wachstisch-1-590x590-1.jpg\",\"datePublished\":\"2012-09-28T10:08:21+00:00\",\"dateModified\":\"2026-03-19T14:29:52+00:00\",\"breadcrumb\":{\"@id\":\"https:\\\/\\\/frandl-sports.com\\\/produkt\\\/wachstisch\\\/#breadcrumb\"},\"inLanguage\":\"en-GB\",\"potentialAction\":[{\"@type\":\"ReadAction\",\"target\":[\"https:\\\/\\\/frandl-sports.com\\\/produkt\\\/wachstisch\\\/\"]}]},{\"@type\":\"ImageObject\",\"inLanguage\":\"en-GB\",\"@id\":\"https:\\\/\\\/frandl-sports.com\\\/produkt\\\/wachstisch\\\/#primaryimage\",\"url\":\"https:\\\/\\\/frandl-sports.com\\\/wp-content\\\/uploads\\\/2012\\\/09\\\/Wachstisch-1-590x590-1.jpg\",\"contentUrl\":\"https:\\\/\\\/frandl-sports.com\\\/wp-content\\\/uploads\\\/2012\\\/09\\\/Wachstisch-1-590x590-1.jpg\",\"width\":590,\"height\":590},{\"@type\":\"BreadcrumbList\",\"@id\":\"https:\\\/\\\/frandl-sports.com\\\/produkt\\\/wachstisch\\\/#breadcrumb\",\"itemListElement\":[{\"@type\":\"ListItem\",\"position\":1,\"name\":\"Startseite\",\"item\":\"https:\\\/\\\/frandl-sports.com\\\/\"},{\"@type\":\"ListItem\",\"position\":2,\"name\":\"Shop\",\"item\":\"https:\\\/\\\/frandl-sports.com\\\/shop\\\/\"},{\"@type\":\"ListItem\",\"position\":3,\"name\":\"Wachstisch\"}]},{\"@type\":\"WebSite\",\"@id\":\"https:\\\/\\\/frandl-sports.com\\\/#website\",\"url\":\"https:\\\/\\\/frandl-sports.com\\\/\",\"name\":\"Frandl Sports\",\"description\":\"FRANDL SPORTS ist der kompetente Gesamtausstatter f\u00fcr professionelle Unternehmen im Bereich Wintersport\",\"publisher\":{\"@id\":\"https:\\\/\\\/frandl-sports.com\\\/#organization\"},\"potentialAction\":[{\"@type\":\"SearchAction\",\"target\":{\"@type\":\"EntryPoint\",\"urlTemplate\":\"https:\\\/\\\/frandl-sports.com\\\/?s={search_term_string}\"},\"query-input\":{\"@type\":\"PropertyValueSpecification\",\"valueRequired\":true,\"valueName\":\"search_term_string\"}}],\"inLanguage\":\"en-GB\"},{\"@type\":\"Organization\",\"@id\":\"https:\\\/\\\/frandl-sports.com\\\/#organization\",\"name\":\"Frandl Sports\",\"url\":\"https:\\\/\\\/frandl-sports.com\\\/\",\"logo\":{\"@type\":\"ImageObject\",\"inLanguage\":\"en-GB\",\"@id\":\"https:\\\/\\\/frandl-sports.com\\\/#\\\/schema\\\/logo\\\/image\\\/\",\"url\":\"https:\\\/\\\/frandl-sports.com\\\/wp-content\\\/uploads\\\/2026\\\/03\\\/Favicon_1.png\",\"contentUrl\":\"https:\\\/\\\/frandl-sports.com\\\/wp-content\\\/uploads\\\/2026\\\/03\\\/Favicon_1.png\",\"width\":500,\"height\":500,\"caption\":\"Frandl Sports\"},\"image\":{\"@id\":\"https:\\\/\\\/frandl-sports.com\\\/#\\\/schema\\\/logo\\\/image\\\/\"}}]}<\/script>\n<!-- \/ Yoast SEO plugin. -->","yoast_head_json":{"title":"Waxing table - Frandl Sports","robots":{"index":"index","follow":"follow","max-snippet":"max-snippet:-1","max-image-preview":"max-image-preview:large","max-video-preview":"max-video-preview:-1"},"canonical":"https:\/\/frandl-sports.com\/en\/product\/waxed\/","og_locale":"en_GB","og_type":"article","og_title":"Wachstisch - Frandl Sports","og_description":"Profesioneller Wachstisch f\u00fcr den Skiservice, Weltcup Ausf\u00fchrung, aus Aluminium und Edelstahl gefertigt, h\u00f6henverstellbar, mit praktischem Tragegriff, l\u00e4sst sich super zusammenklappen, Zubeh\u00f6r ist gleich mit verstaut, Gewicht ca. 12 kg, an dem Tisch k\u00f6nnen alle Skispanner aus dem Shop befestigt werden, alles ein System und beliebig erweiterbar. Auch andere Skispanner kann man verwenden, maximale Aufnahmegr\u00f6\u00dfe f\u00fcr Vierkantrohre 25 x 25 mm.","og_url":"https:\/\/frandl-sports.com\/en\/product\/waxed\/","og_site_name":"Frandl Sports","article_modified_time":"2026-03-19T14:29:52+00:00","og_image":[{"width":590,"height":590,"url":"https:\/\/frandl-sports.com\/wp-content\/uploads\/2012\/09\/Wachstisch-1-590x590-1.jpg","type":"image\/jpeg"}],"twitter_card":"summary_large_image","schema":{"@context":"https:\/\/schema.org","@graph":[{"@type":"WebPage","@id":"https:\/\/frandl-sports.com\/produkt\/wachstisch\/","url":"https:\/\/frandl-sports.com\/produkt\/wachstisch\/","name":"Waxing table - Frandl Sports","isPartOf":{"@id":"https:\/\/frandl-sports.com\/#website"},"primaryImageOfPage":{"@id":"https:\/\/frandl-sports.com\/produkt\/wachstisch\/#primaryimage"},"image":{"@id":"https:\/\/frandl-sports.com\/produkt\/wachstisch\/#primaryimage"},"thumbnailUrl":"https:\/\/frandl-sports.com\/wp-content\/uploads\/2012\/09\/Wachstisch-1-590x590-1.jpg","datePublished":"2012-09-28T10:08:21+00:00","dateModified":"2026-03-19T14:29:52+00:00","breadcrumb":{"@id":"https:\/\/frandl-sports.com\/produkt\/wachstisch\/#breadcrumb"},"inLanguage":"en-GB","potentialAction":[{"@type":"ReadAction","target":["https:\/\/frandl-sports.com\/produkt\/wachstisch\/"]}]},{"@type":"ImageObject","inLanguage":"en-GB","@id":"https:\/\/frandl-sports.com\/produkt\/wachstisch\/#primaryimage","url":"https:\/\/frandl-sports.com\/wp-content\/uploads\/2012\/09\/Wachstisch-1-590x590-1.jpg","contentUrl":"https:\/\/frandl-sports.com\/wp-content\/uploads\/2012\/09\/Wachstisch-1-590x590-1.jpg","width":590,"height":590},{"@type":"BreadcrumbList","@id":"https:\/\/frandl-sports.com\/produkt\/wachstisch\/#breadcrumb","itemListElement":[{"@type":"ListItem","position":1,"name":"Startseite","item":"https:\/\/frandl-sports.com\/"},{"@type":"ListItem","position":2,"name":"Shop","item":"https:\/\/frandl-sports.com\/shop\/"},{"@type":"ListItem","position":3,"name":"Wachstisch"}]},{"@type":"WebSite","@id":"https:\/\/frandl-sports.com\/#website","url":"https:\/\/frandl-sports.com\/","name":"Frandl Sports","description":"FRANDL SPORTS is the competent all-round supplier for professional companies in the winter sports sector","publisher":{"@id":"https:\/\/frandl-sports.com\/#organization"},"potentialAction":[{"@type":"SearchAction","target":{"@type":"EntryPoint","urlTemplate":"https:\/\/frandl-sports.com\/?s={search_term_string}"},"query-input":{"@type":"PropertyValueSpecification","valueRequired":true,"valueName":"search_term_string"}}],"inLanguage":"en-GB"},{"@type":"Organization","@id":"https:\/\/frandl-sports.com\/#organization","name":"Frandl Sports","url":"https:\/\/frandl-sports.com\/","logo":{"@type":"ImageObject","inLanguage":"en-GB","@id":"https:\/\/frandl-sports.com\/#\/schema\/logo\/image\/","url":"https:\/\/frandl-sports.com\/wp-content\/uploads\/2026\/03\/Favicon_1.png","contentUrl":"https:\/\/frandl-sports.com\/wp-content\/uploads\/2026\/03\/Favicon_1.png","width":500,"height":500,"caption":"Frandl Sports"},"image":{"@id":"https:\/\/frandl-sports.com\/#\/schema\/logo\/image\/"}}]}},"brands":[{"id":847,"name":"Habrus","slug":"habitus"}],"_links":{"self":[{"href":"https:\/\/frandl-sports.com\/en\/wp-json\/wp\/v2\/product\/1068","targetHints":{"allow":["GET"]}}],"collection":[{"href":"https:\/\/frandl-sports.com\/en\/wp-json\/wp\/v2\/product"}],"about":[{"href":"https:\/\/frandl-sports.com\/en\/wp-json\/wp\/v2\/types\/product"}],"replies":[{"embeddable":true,"href":"https:\/\/frandl-sports.com\/en\/wp-json\/wp\/v2\/comments?post=1068"}],"wp:featuredmedia":[{"embeddable":true,"href":"https:\/\/frandl-sports.com\/en\/wp-json\/wp\/v2\/media\/38626"}],"wp:attachment":[{"href":"https:\/\/frandl-sports.com\/en\/wp-json\/wp\/v2\/media?parent=1068"}],"wp:term":[{"taxonomy":"pwb-brand","embeddable":true,"href":"https:\/\/frandl-sports.com\/en\/wp-json\/wp\/v2\/pwb-brand?post=1068"},{"taxonomy":"product_brand","embeddable":true,"href":"https:\/\/frandl-sports.com\/en\/wp-json\/wp\/v2\/product_brand?post=1068"},{"taxonomy":"product_cat","embeddable":true,"href":"https:\/\/frandl-sports.com\/en\/wp-json\/wp\/v2\/product_cat?post=1068"},{"taxonomy":"product_tag","embeddable":true,"href":"https:\/\/frandl-sports.com\/en\/wp-json\/wp\/v2\/product_tag?post=1068"}],"curies":[{"name":"wp","href":"https:\/\/api.w.org\/{rel}","templated":true}]}}