{"id":2608,"date":"2014-09-28T21:07:39","date_gmt":"2014-09-28T21:07:39","guid":{"rendered":"https:\/\/frandl-sports.com\/?post_type=product&#038;p=2608"},"modified":"2026-03-26T16:28:54","modified_gmt":"2026-03-26T15:28:54","slug":"base-man","status":"publish","type":"product","link":"https:\/\/frandl-sports.com\/en\/produkt\/base-man\/","title":{"rendered":"Baseman - Worldcup bottom edge measuring device"},"content":{"rendered":"<article id=\"block-234\" class=\"g-block g-block-html g-block-234\">\n<div class=\"g-block-inner g-padbox\">\n<div class=\"g-block-content\">\n<div class=\"g-block-html-outer\">\n<div class=\"g-block-html-inner\">\n<div class=\"g-html-content\">\n<div class=\"g-heading\">\n<div class=\"g-title\">\n<h2 class=\"\">WorldCup precision protractor for the lower edge<\/h2>\n<\/div>\n<\/div>\n<div class=\"g-body\">\n<p>Baseman precision protractor for the lower edge of skis and snowboards.<\/p>\n<p>The first step towards a perfectly sanded bottom edge:<\/p>\n<ul>\n<li>With the Baseman you can quickly and precisely determine the angle of the bottom edge of your ski or snowboard.<\/li>\n<li>This information is important for the sanding process in order to know how many degrees to set on your sander.<\/li>\n<\/ul>\n<div class=\"divider-angular1 bg-divider flip-v bg-overlay\"><\/div>\n<div class=\"g-stage-container container\">\n<div class=\"g-story g-story-33 g-story-root justify-content-center align-content-center\">\n<article id=\"block-224\" class=\"g-block g-block-picture g-block-224 aos-init aos-animate\" data-aos=\"fade\">\n<div class=\"g-block-inner g-padbox justify-content-center align-items-center\">\n<div class=\"g-block-content\">\n<div class=\"g-media\">\n<div class=\"g-heading\">\n<div class=\"g-title\">\n<h2 class=\"\">Details:<\/h2>\n<\/div>\n<\/div>\n<div class=\"g-body\">\n<p><b>1. display:<\/b> Reading the lower edge angle (1 mm corresponds to 1\u00b0)<br \/>\n<b>2. zero button:<\/b> Zeroing (calibrating) the dial gauge<br \/>\n<b>3. LED lamp:<\/b> Backlight for light-split method<br \/>\n<b>4. lamp holder:<\/b> Lamp holder with continuous light function<br \/>\n<b>5. fixing screws:<\/b> Fixing the lamp holder<br \/>\n<b>6. straight edge:<\/b>\u00a0Measure the lower edge angle<br \/>\n<b>7th marking:<\/b> Precise positioning in front of the lower edge<br \/>\n<b>8. fixing screws:<\/b> Straight edge attachment<br \/>\n<b>9. measuring probe:<\/b> Measuring point for the dial gauge<br \/>\n<b>10th support bracket:<\/b> Adjustable support angle for precise adjustment<br \/>\n<b>11. adjusting nut:<\/b> Turning the adjusting nut changes the light gap at the lower edge<br \/>\n<b>12th unit button:<\/b> Adjust between mm\/inch<br \/>\n<b>13. on\/off button:<\/b> Switching the dial gauge on and off<\/p>\n<\/div>\n<\/div>\n<\/div>\n<\/div>\n<\/article>\n<\/div>\n<\/div>\n<\/div>\n<\/div>\n<\/div>\n<\/div>\n<\/div>\n<\/div>\n<\/article>","protected":false},"excerpt":{"rendered":"<p>Baseman precision protractor for the lower edge of skis and snowboards.<\/p>","protected":false},"featured_media":38634,"comment_status":"open","ping_status":"closed","template":"","meta":[],"pwb-brand":[706],"product_brand":[427],"product_cat":[385,327],"product_tag":[],"class_list":{"0":"post-2608","1":"product","2":"type-product","3":"status-publish","4":"has-post-thumbnail","6":"pwb-brand-snowglide","7":"product_brand-mbas","8":"product_cat-razor-tune","9":"product_cat-snowglide-skischleifgerat","10":"product_shipping_class-5kg","12":"first","13":"outofstock","14":"taxable","15":"shipping-taxable","16":"purchasable","17":"product-type-simple"},"yoast_head":"<!-- This site is optimized with the Yoast SEO plugin v27.6 - https:\/\/yoast.com\/product\/yoast-seo-wordpress\/ -->\n<title>Baseman - Worldcup Unterkantenmessger\u00e4t - Frandl Sports<\/title>\n<meta name=\"robots\" content=\"index, follow, max-snippet:-1, max-image-preview:large, max-video-preview:-1\" \/>\n<link rel=\"canonical\" href=\"https:\/\/frandl-sports.com\/en\/product\/base-man\/\" \/>\n<meta property=\"og:locale\" content=\"en_GB\" \/>\n<meta property=\"og:type\" content=\"article\" \/>\n<meta property=\"og:title\" content=\"Baseman - Worldcup Unterkantenmessger\u00e4t - Frandl Sports\" \/>\n<meta property=\"og:description\" content=\"Baseman Pr\u00e4zisionswinkelmesser f\u00fcr die Unterkante von Ski und Snowboard.\" \/>\n<meta property=\"og:url\" content=\"https:\/\/frandl-sports.com\/en\/product\/base-man\/\" \/>\n<meta property=\"og:site_name\" content=\"Frandl Sports\" \/>\n<meta property=\"article:modified_time\" content=\"2026-03-26T15:28:54+00:00\" \/>\n<meta property=\"og:image\" content=\"https:\/\/frandl-sports.com\/wp-content\/uploads\/2014\/09\/BaseMan-1-590x590-1.jpg\" \/>\n\t<meta property=\"og:image:width\" content=\"590\" \/>\n\t<meta property=\"og:image:height\" content=\"590\" \/>\n\t<meta property=\"og:image:type\" content=\"image\/jpeg\" \/>\n<meta name=\"twitter:card\" content=\"summary_large_image\" \/>\n<meta name=\"twitter:label1\" content=\"Estimated reading time\" \/>\n\t<meta name=\"twitter:data1\" content=\"1 minute\" \/>\n<script type=\"application\/ld+json\" class=\"yoast-schema-graph\">{\"@context\":\"https:\\\/\\\/schema.org\",\"@graph\":[{\"@type\":\"WebPage\",\"@id\":\"https:\\\/\\\/frandl-sports.com\\\/produkt\\\/base-man\\\/\",\"url\":\"https:\\\/\\\/frandl-sports.com\\\/produkt\\\/base-man\\\/\",\"name\":\"Baseman - Worldcup Unterkantenmessger\u00e4t - Frandl Sports\",\"isPartOf\":{\"@id\":\"https:\\\/\\\/frandl-sports.com\\\/#website\"},\"primaryImageOfPage\":{\"@id\":\"https:\\\/\\\/frandl-sports.com\\\/produkt\\\/base-man\\\/#primaryimage\"},\"image\":{\"@id\":\"https:\\\/\\\/frandl-sports.com\\\/produkt\\\/base-man\\\/#primaryimage\"},\"thumbnailUrl\":\"https:\\\/\\\/frandl-sports.com\\\/wp-content\\\/uploads\\\/2014\\\/09\\\/BaseMan-1-590x590-1.jpg\",\"datePublished\":\"2014-09-28T21:07:39+00:00\",\"dateModified\":\"2026-03-26T15:28:54+00:00\",\"breadcrumb\":{\"@id\":\"https:\\\/\\\/frandl-sports.com\\\/produkt\\\/base-man\\\/#breadcrumb\"},\"inLanguage\":\"en-GB\",\"potentialAction\":[{\"@type\":\"ReadAction\",\"target\":[\"https:\\\/\\\/frandl-sports.com\\\/produkt\\\/base-man\\\/\"]}]},{\"@type\":\"ImageObject\",\"inLanguage\":\"en-GB\",\"@id\":\"https:\\\/\\\/frandl-sports.com\\\/produkt\\\/base-man\\\/#primaryimage\",\"url\":\"https:\\\/\\\/frandl-sports.com\\\/wp-content\\\/uploads\\\/2014\\\/09\\\/BaseMan-1-590x590-1.jpg\",\"contentUrl\":\"https:\\\/\\\/frandl-sports.com\\\/wp-content\\\/uploads\\\/2014\\\/09\\\/BaseMan-1-590x590-1.jpg\",\"width\":590,\"height\":590},{\"@type\":\"BreadcrumbList\",\"@id\":\"https:\\\/\\\/frandl-sports.com\\\/produkt\\\/base-man\\\/#breadcrumb\",\"itemListElement\":[{\"@type\":\"ListItem\",\"position\":1,\"name\":\"Startseite\",\"item\":\"https:\\\/\\\/frandl-sports.com\\\/\"},{\"@type\":\"ListItem\",\"position\":2,\"name\":\"Shop\",\"item\":\"https:\\\/\\\/frandl-sports.com\\\/shop\\\/\"},{\"@type\":\"ListItem\",\"position\":3,\"name\":\"Baseman &#8211; Worldcup Unterkantenmessger\u00e4t\"}]},{\"@type\":\"WebSite\",\"@id\":\"https:\\\/\\\/frandl-sports.com\\\/#website\",\"url\":\"https:\\\/\\\/frandl-sports.com\\\/\",\"name\":\"Frandl Sports\",\"description\":\"FRANDL SPORTS ist der kompetente Gesamtausstatter f\u00fcr professionelle Unternehmen im Bereich Wintersport\",\"publisher\":{\"@id\":\"https:\\\/\\\/frandl-sports.com\\\/#organization\"},\"potentialAction\":[{\"@type\":\"SearchAction\",\"target\":{\"@type\":\"EntryPoint\",\"urlTemplate\":\"https:\\\/\\\/frandl-sports.com\\\/?s={search_term_string}\"},\"query-input\":{\"@type\":\"PropertyValueSpecification\",\"valueRequired\":true,\"valueName\":\"search_term_string\"}}],\"inLanguage\":\"en-GB\"},{\"@type\":\"Organization\",\"@id\":\"https:\\\/\\\/frandl-sports.com\\\/#organization\",\"name\":\"Frandl Sports\",\"url\":\"https:\\\/\\\/frandl-sports.com\\\/\",\"logo\":{\"@type\":\"ImageObject\",\"inLanguage\":\"en-GB\",\"@id\":\"https:\\\/\\\/frandl-sports.com\\\/#\\\/schema\\\/logo\\\/image\\\/\",\"url\":\"https:\\\/\\\/frandl-sports.com\\\/wp-content\\\/uploads\\\/2026\\\/03\\\/Favicon_1.png\",\"contentUrl\":\"https:\\\/\\\/frandl-sports.com\\\/wp-content\\\/uploads\\\/2026\\\/03\\\/Favicon_1.png\",\"width\":500,\"height\":500,\"caption\":\"Frandl Sports\"},\"image\":{\"@id\":\"https:\\\/\\\/frandl-sports.com\\\/#\\\/schema\\\/logo\\\/image\\\/\"}}]}<\/script>\n<!-- \/ Yoast SEO plugin. -->","yoast_head_json":{"title":"Baseman - Worldcup bottom edge measuring device - Frandl Sports","robots":{"index":"index","follow":"follow","max-snippet":"max-snippet:-1","max-image-preview":"max-image-preview:large","max-video-preview":"max-video-preview:-1"},"canonical":"https:\/\/frandl-sports.com\/en\/product\/base-man\/","og_locale":"en_GB","og_type":"article","og_title":"Baseman - Worldcup Unterkantenmessger\u00e4t - Frandl Sports","og_description":"Baseman Pr\u00e4zisionswinkelmesser f\u00fcr die Unterkante von Ski und Snowboard.","og_url":"https:\/\/frandl-sports.com\/en\/product\/base-man\/","og_site_name":"Frandl Sports","article_modified_time":"2026-03-26T15:28:54+00:00","og_image":[{"width":590,"height":590,"url":"https:\/\/frandl-sports.com\/wp-content\/uploads\/2014\/09\/BaseMan-1-590x590-1.jpg","type":"image\/jpeg"}],"twitter_card":"summary_large_image","twitter_misc":{"Estimated reading time":"1 minute"},"schema":{"@context":"https:\/\/schema.org","@graph":[{"@type":"WebPage","@id":"https:\/\/frandl-sports.com\/produkt\/base-man\/","url":"https:\/\/frandl-sports.com\/produkt\/base-man\/","name":"Baseman - Worldcup bottom edge measuring device - Frandl Sports","isPartOf":{"@id":"https:\/\/frandl-sports.com\/#website"},"primaryImageOfPage":{"@id":"https:\/\/frandl-sports.com\/produkt\/base-man\/#primaryimage"},"image":{"@id":"https:\/\/frandl-sports.com\/produkt\/base-man\/#primaryimage"},"thumbnailUrl":"https:\/\/frandl-sports.com\/wp-content\/uploads\/2014\/09\/BaseMan-1-590x590-1.jpg","datePublished":"2014-09-28T21:07:39+00:00","dateModified":"2026-03-26T15:28:54+00:00","breadcrumb":{"@id":"https:\/\/frandl-sports.com\/produkt\/base-man\/#breadcrumb"},"inLanguage":"en-GB","potentialAction":[{"@type":"ReadAction","target":["https:\/\/frandl-sports.com\/produkt\/base-man\/"]}]},{"@type":"ImageObject","inLanguage":"en-GB","@id":"https:\/\/frandl-sports.com\/produkt\/base-man\/#primaryimage","url":"https:\/\/frandl-sports.com\/wp-content\/uploads\/2014\/09\/BaseMan-1-590x590-1.jpg","contentUrl":"https:\/\/frandl-sports.com\/wp-content\/uploads\/2014\/09\/BaseMan-1-590x590-1.jpg","width":590,"height":590},{"@type":"BreadcrumbList","@id":"https:\/\/frandl-sports.com\/produkt\/base-man\/#breadcrumb","itemListElement":[{"@type":"ListItem","position":1,"name":"Startseite","item":"https:\/\/frandl-sports.com\/"},{"@type":"ListItem","position":2,"name":"Shop","item":"https:\/\/frandl-sports.com\/shop\/"},{"@type":"ListItem","position":3,"name":"Baseman &#8211; Worldcup Unterkantenmessger\u00e4t"}]},{"@type":"WebSite","@id":"https:\/\/frandl-sports.com\/#website","url":"https:\/\/frandl-sports.com\/","name":"Frandl Sports","description":"FRANDL SPORTS is the competent all-round supplier for professional companies in the winter sports sector","publisher":{"@id":"https:\/\/frandl-sports.com\/#organization"},"potentialAction":[{"@type":"SearchAction","target":{"@type":"EntryPoint","urlTemplate":"https:\/\/frandl-sports.com\/?s={search_term_string}"},"query-input":{"@type":"PropertyValueSpecification","valueRequired":true,"valueName":"search_term_string"}}],"inLanguage":"en-GB"},{"@type":"Organization","@id":"https:\/\/frandl-sports.com\/#organization","name":"Frandl Sports","url":"https:\/\/frandl-sports.com\/","logo":{"@type":"ImageObject","inLanguage":"en-GB","@id":"https:\/\/frandl-sports.com\/#\/schema\/logo\/image\/","url":"https:\/\/frandl-sports.com\/wp-content\/uploads\/2026\/03\/Favicon_1.png","contentUrl":"https:\/\/frandl-sports.com\/wp-content\/uploads\/2026\/03\/Favicon_1.png","width":500,"height":500,"caption":"Frandl Sports"},"image":{"@id":"https:\/\/frandl-sports.com\/#\/schema\/logo\/image\/"}}]}},"brands":[{"id":706,"name":"Snowglide","slug":"snowglide"}],"_links":{"self":[{"href":"https:\/\/frandl-sports.com\/en\/wp-json\/wp\/v2\/product\/2608","targetHints":{"allow":["GET"]}}],"collection":[{"href":"https:\/\/frandl-sports.com\/en\/wp-json\/wp\/v2\/product"}],"about":[{"href":"https:\/\/frandl-sports.com\/en\/wp-json\/wp\/v2\/types\/product"}],"replies":[{"embeddable":true,"href":"https:\/\/frandl-sports.com\/en\/wp-json\/wp\/v2\/comments?post=2608"}],"wp:featuredmedia":[{"embeddable":true,"href":"https:\/\/frandl-sports.com\/en\/wp-json\/wp\/v2\/media\/38634"}],"wp:attachment":[{"href":"https:\/\/frandl-sports.com\/en\/wp-json\/wp\/v2\/media?parent=2608"}],"wp:term":[{"taxonomy":"pwb-brand","embeddable":true,"href":"https:\/\/frandl-sports.com\/en\/wp-json\/wp\/v2\/pwb-brand?post=2608"},{"taxonomy":"product_brand","embeddable":true,"href":"https:\/\/frandl-sports.com\/en\/wp-json\/wp\/v2\/product_brand?post=2608"},{"taxonomy":"product_cat","embeddable":true,"href":"https:\/\/frandl-sports.com\/en\/wp-json\/wp\/v2\/product_cat?post=2608"},{"taxonomy":"product_tag","embeddable":true,"href":"https:\/\/frandl-sports.com\/en\/wp-json\/wp\/v2\/product_tag?post=2608"}],"curies":[{"name":"wp","href":"https:\/\/api.w.org\/{rel}","templated":true}]}}