{"id":2736,"date":"2014-10-19T22:04:32","date_gmt":"2014-10-19T22:04:32","guid":{"rendered":"https:\/\/frandl-sports.com\/?post_type=product&#038;p=2736"},"modified":"2026-03-19T15:39:01","modified_gmt":"2026-03-19T14:39:01","slug":"half-brain-shrastalines","status":"publish","type":"product","link":"https:\/\/frandl-sports.com\/en\/produkt\/half-brain-shrastalines\/","title":{"rendered":"HALF BRAIN SHRASTALINES"},"content":{"rendered":"<p><span style=\"color: #222222; font-family: Verdana, Arial, sans-serif; font-size: 15px; line-height: 18px;\">The lightweight and boldly styled HALF BRAIN impresses with its clear design and maximum safety and comfort. Our SHREDVent system and the SHREDWheel make the helmet even more comfortable. Our ski goggle\/helmet system ensures a cool head thanks to optimum ventilation. The exclusive ICEdot identification system has your back in an emergency. The HALF BRAIN fulfils and exceeds the CE EN 1077\/B and ASTMF2040 standards.<\/span><br style=\"margin: 0px; padding: 0px; color: #222222; font-family: Verdana, Arial, sans-serif; font-size: 15px; line-height: 18px;\" \/><span style=\"color: #222222; font-family: Verdana, Arial, sans-serif; font-size: 15px; line-height: 18px;\">- VENTSystem - ventilation slots<\/span><br style=\"margin: 0px; padding: 0px; color: #222222; font-family: Verdana, Arial, sans-serif; font-size: 15px; line-height: 18px;\" \/><span style=\"color: #222222; font-family: Verdana, Arial, sans-serif; font-size: 15px; line-height: 18px;\">- Audio Integration Compatible<\/span><br style=\"margin: 0px; padding: 0px; color: #222222; font-family: Verdana, Arial, sans-serif; font-size: 15px; line-height: 18px;\" \/><span style=\"color: #222222; font-family: Verdana, Arial, sans-serif; font-size: 15px; line-height: 18px;\">- ICEdot Technology<\/span><br style=\"margin: 0px; padding: 0px; color: #222222; font-family: Verdana, Arial, sans-serif; font-size: 15px; line-height: 18px;\" \/><span style=\"color: #222222; font-family: Verdana, Arial, sans-serif; font-size: 15px; line-height: 18px;\">- Fitting wheel for individual customisation<\/span><br style=\"margin: 0px; padding: 0px; color: #222222; font-family: Verdana, Arial, sans-serif; font-size: 15px; line-height: 18px;\" \/><span style=\"color: #222222; font-family: Verdana, Arial, sans-serif; font-size: 15px; line-height: 18px;\">- Foldable VENT Cap - removable insert to seal ventilation slits<\/span><\/p>","protected":false},"excerpt":{"rendered":"<p>Der leichte und verwegen gestylte HALF BRAIN besticht durch ein klares Design und \u00fcberzeugt durch maximale Sicherheit und Komfort. Unser SHREDVent System und das SHREDWheel machen den Helm noch bequemer. Unser Skibrillen-Helm-System sorgt durch optimale Bel\u00fcftung f\u00fcr einen k\u00fchlen Kopf. Das exklusive ICEdot-Identifikationssystem st\u00e4rkt dir in Notf\u00e4llen den R\u00fccken. Der HALF BRAIN erf\u00fcllt und \u00fcbertrifft [&hellip;]<\/p>\n","protected":false},"featured_media":38644,"comment_status":"open","ping_status":"closed","template":"","meta":[],"pwb-brand":[703],"product_brand":[425],"product_cat":[682],"product_tag":[],"class_list":{"0":"post-2736","1":"product","2":"type-product","3":"status-publish","4":"has-post-thumbnail","6":"pwb-brand-shred","7":"product_brand-shred-5","8":"product_cat-unkategorisiert","9":"product_shipping_class-2kg","10":"pa_grobe-m-xl-57-61","12":"first","13":"outofstock","14":"sale","15":"taxable","16":"shipping-taxable","17":"purchasable","18":"product-type-variable"},"yoast_head":"<!-- This site is optimized with the Yoast SEO plugin v27.6 - https:\/\/yoast.com\/product\/yoast-seo-wordpress\/ -->\n<title>HALF BRAIN SHRASTALINES - Frandl Sports<\/title>\n<meta name=\"robots\" content=\"index, follow, max-snippet:-1, max-image-preview:large, max-video-preview:-1\" \/>\n<link rel=\"canonical\" href=\"https:\/\/frandl-sports.com\/en\/product\/half-brain-shrastalines\/\" \/>\n<meta property=\"og:locale\" content=\"en_GB\" \/>\n<meta property=\"og:type\" content=\"article\" \/>\n<meta property=\"og:title\" content=\"HALF BRAIN SHRASTALINES - Frandl Sports\" \/>\n<meta property=\"og:description\" content=\"Der leichte und verwegen gestylte HALF BRAIN besticht durch ein klares Design und \u00fcberzeugt durch maximale Sicherheit und Komfort. Unser SHREDVent System und das SHREDWheel machen den Helm noch bequemer. Unser Skibrillen-Helm-System sorgt durch optimale Bel\u00fcftung f\u00fcr einen k\u00fchlen Kopf. Das exklusive ICEdot-Identifikationssystem st\u00e4rkt dir in Notf\u00e4llen den R\u00fccken. Der HALF BRAIN erf\u00fcllt und \u00fcbertrifft [&hellip;]\" \/>\n<meta property=\"og:url\" content=\"https:\/\/frandl-sports.com\/en\/product\/half-brain-shrastalines\/\" \/>\n<meta property=\"og:site_name\" content=\"Frandl Sports\" \/>\n<meta property=\"article:modified_time\" content=\"2026-03-19T14:39:01+00:00\" \/>\n<meta property=\"og:image\" content=\"https:\/\/frandl-sports.com\/wp-content\/uploads\/2014\/10\/sale-7-590x590-1.jpg\" \/>\n\t<meta property=\"og:image:width\" content=\"590\" \/>\n\t<meta property=\"og:image:height\" content=\"590\" \/>\n\t<meta property=\"og:image:type\" content=\"image\/jpeg\" \/>\n<meta name=\"twitter:card\" content=\"summary_large_image\" \/>\n<meta name=\"twitter:label1\" content=\"Estimated reading time\" \/>\n\t<meta name=\"twitter:data1\" content=\"1 minute\" \/>\n<script type=\"application\/ld+json\" class=\"yoast-schema-graph\">{\"@context\":\"https:\\\/\\\/schema.org\",\"@graph\":[{\"@type\":\"WebPage\",\"@id\":\"https:\\\/\\\/frandl-sports.com\\\/produkt\\\/half-brain-shrastalines\\\/\",\"url\":\"https:\\\/\\\/frandl-sports.com\\\/produkt\\\/half-brain-shrastalines\\\/\",\"name\":\"HALF BRAIN SHRASTALINES - Frandl Sports\",\"isPartOf\":{\"@id\":\"https:\\\/\\\/frandl-sports.com\\\/#website\"},\"primaryImageOfPage\":{\"@id\":\"https:\\\/\\\/frandl-sports.com\\\/produkt\\\/half-brain-shrastalines\\\/#primaryimage\"},\"image\":{\"@id\":\"https:\\\/\\\/frandl-sports.com\\\/produkt\\\/half-brain-shrastalines\\\/#primaryimage\"},\"thumbnailUrl\":\"https:\\\/\\\/frandl-sports.com\\\/wp-content\\\/uploads\\\/2014\\\/10\\\/sale-7-590x590-1.jpg\",\"datePublished\":\"2014-10-19T22:04:32+00:00\",\"dateModified\":\"2026-03-19T14:39:01+00:00\",\"breadcrumb\":{\"@id\":\"https:\\\/\\\/frandl-sports.com\\\/produkt\\\/half-brain-shrastalines\\\/#breadcrumb\"},\"inLanguage\":\"en-GB\",\"potentialAction\":[{\"@type\":\"ReadAction\",\"target\":[\"https:\\\/\\\/frandl-sports.com\\\/produkt\\\/half-brain-shrastalines\\\/\"]}]},{\"@type\":\"ImageObject\",\"inLanguage\":\"en-GB\",\"@id\":\"https:\\\/\\\/frandl-sports.com\\\/produkt\\\/half-brain-shrastalines\\\/#primaryimage\",\"url\":\"https:\\\/\\\/frandl-sports.com\\\/wp-content\\\/uploads\\\/2014\\\/10\\\/sale-7-590x590-1.jpg\",\"contentUrl\":\"https:\\\/\\\/frandl-sports.com\\\/wp-content\\\/uploads\\\/2014\\\/10\\\/sale-7-590x590-1.jpg\",\"width\":590,\"height\":590},{\"@type\":\"BreadcrumbList\",\"@id\":\"https:\\\/\\\/frandl-sports.com\\\/produkt\\\/half-brain-shrastalines\\\/#breadcrumb\",\"itemListElement\":[{\"@type\":\"ListItem\",\"position\":1,\"name\":\"Startseite\",\"item\":\"https:\\\/\\\/frandl-sports.com\\\/\"},{\"@type\":\"ListItem\",\"position\":2,\"name\":\"Shop\",\"item\":\"https:\\\/\\\/frandl-sports.com\\\/shop\\\/\"},{\"@type\":\"ListItem\",\"position\":3,\"name\":\"HALF BRAIN SHRASTALINES\"}]},{\"@type\":\"WebSite\",\"@id\":\"https:\\\/\\\/frandl-sports.com\\\/#website\",\"url\":\"https:\\\/\\\/frandl-sports.com\\\/\",\"name\":\"Frandl Sports\",\"description\":\"FRANDL SPORTS ist der kompetente Gesamtausstatter f\u00fcr professionelle Unternehmen im Bereich Wintersport\",\"publisher\":{\"@id\":\"https:\\\/\\\/frandl-sports.com\\\/#organization\"},\"potentialAction\":[{\"@type\":\"SearchAction\",\"target\":{\"@type\":\"EntryPoint\",\"urlTemplate\":\"https:\\\/\\\/frandl-sports.com\\\/?s={search_term_string}\"},\"query-input\":{\"@type\":\"PropertyValueSpecification\",\"valueRequired\":true,\"valueName\":\"search_term_string\"}}],\"inLanguage\":\"en-GB\"},{\"@type\":\"Organization\",\"@id\":\"https:\\\/\\\/frandl-sports.com\\\/#organization\",\"name\":\"Frandl Sports\",\"url\":\"https:\\\/\\\/frandl-sports.com\\\/\",\"logo\":{\"@type\":\"ImageObject\",\"inLanguage\":\"en-GB\",\"@id\":\"https:\\\/\\\/frandl-sports.com\\\/#\\\/schema\\\/logo\\\/image\\\/\",\"url\":\"https:\\\/\\\/frandl-sports.com\\\/wp-content\\\/uploads\\\/2026\\\/03\\\/Favicon_1.png\",\"contentUrl\":\"https:\\\/\\\/frandl-sports.com\\\/wp-content\\\/uploads\\\/2026\\\/03\\\/Favicon_1.png\",\"width\":500,\"height\":500,\"caption\":\"Frandl Sports\"},\"image\":{\"@id\":\"https:\\\/\\\/frandl-sports.com\\\/#\\\/schema\\\/logo\\\/image\\\/\"}}]}<\/script>\n<!-- \/ Yoast SEO plugin. -->","yoast_head_json":{"title":"HALF BRAIN SHRASTALINES - Frandl Sports","robots":{"index":"index","follow":"follow","max-snippet":"max-snippet:-1","max-image-preview":"max-image-preview:large","max-video-preview":"max-video-preview:-1"},"canonical":"https:\/\/frandl-sports.com\/en\/product\/half-brain-shrastalines\/","og_locale":"en_GB","og_type":"article","og_title":"HALF BRAIN SHRASTALINES - Frandl Sports","og_description":"Der leichte und verwegen gestylte HALF BRAIN besticht durch ein klares Design und \u00fcberzeugt durch maximale Sicherheit und Komfort. Unser SHREDVent System und das SHREDWheel machen den Helm noch bequemer. Unser Skibrillen-Helm-System sorgt durch optimale Bel\u00fcftung f\u00fcr einen k\u00fchlen Kopf. Das exklusive ICEdot-Identifikationssystem st\u00e4rkt dir in Notf\u00e4llen den R\u00fccken. Der HALF BRAIN erf\u00fcllt und \u00fcbertrifft [&hellip;]","og_url":"https:\/\/frandl-sports.com\/en\/product\/half-brain-shrastalines\/","og_site_name":"Frandl Sports","article_modified_time":"2026-03-19T14:39:01+00:00","og_image":[{"width":590,"height":590,"url":"https:\/\/frandl-sports.com\/wp-content\/uploads\/2014\/10\/sale-7-590x590-1.jpg","type":"image\/jpeg"}],"twitter_card":"summary_large_image","twitter_misc":{"Estimated reading time":"1 minute"},"schema":{"@context":"https:\/\/schema.org","@graph":[{"@type":"WebPage","@id":"https:\/\/frandl-sports.com\/produkt\/half-brain-shrastalines\/","url":"https:\/\/frandl-sports.com\/produkt\/half-brain-shrastalines\/","name":"HALF BRAIN SHRASTALINES - Frandl Sports","isPartOf":{"@id":"https:\/\/frandl-sports.com\/#website"},"primaryImageOfPage":{"@id":"https:\/\/frandl-sports.com\/produkt\/half-brain-shrastalines\/#primaryimage"},"image":{"@id":"https:\/\/frandl-sports.com\/produkt\/half-brain-shrastalines\/#primaryimage"},"thumbnailUrl":"https:\/\/frandl-sports.com\/wp-content\/uploads\/2014\/10\/sale-7-590x590-1.jpg","datePublished":"2014-10-19T22:04:32+00:00","dateModified":"2026-03-19T14:39:01+00:00","breadcrumb":{"@id":"https:\/\/frandl-sports.com\/produkt\/half-brain-shrastalines\/#breadcrumb"},"inLanguage":"en-GB","potentialAction":[{"@type":"ReadAction","target":["https:\/\/frandl-sports.com\/produkt\/half-brain-shrastalines\/"]}]},{"@type":"ImageObject","inLanguage":"en-GB","@id":"https:\/\/frandl-sports.com\/produkt\/half-brain-shrastalines\/#primaryimage","url":"https:\/\/frandl-sports.com\/wp-content\/uploads\/2014\/10\/sale-7-590x590-1.jpg","contentUrl":"https:\/\/frandl-sports.com\/wp-content\/uploads\/2014\/10\/sale-7-590x590-1.jpg","width":590,"height":590},{"@type":"BreadcrumbList","@id":"https:\/\/frandl-sports.com\/produkt\/half-brain-shrastalines\/#breadcrumb","itemListElement":[{"@type":"ListItem","position":1,"name":"Startseite","item":"https:\/\/frandl-sports.com\/"},{"@type":"ListItem","position":2,"name":"Shop","item":"https:\/\/frandl-sports.com\/shop\/"},{"@type":"ListItem","position":3,"name":"HALF BRAIN SHRASTALINES"}]},{"@type":"WebSite","@id":"https:\/\/frandl-sports.com\/#website","url":"https:\/\/frandl-sports.com\/","name":"Frandl Sports","description":"FRANDL SPORTS is the competent all-round supplier for professional companies in the winter sports sector","publisher":{"@id":"https:\/\/frandl-sports.com\/#organization"},"potentialAction":[{"@type":"SearchAction","target":{"@type":"EntryPoint","urlTemplate":"https:\/\/frandl-sports.com\/?s={search_term_string}"},"query-input":{"@type":"PropertyValueSpecification","valueRequired":true,"valueName":"search_term_string"}}],"inLanguage":"en-GB"},{"@type":"Organization","@id":"https:\/\/frandl-sports.com\/#organization","name":"Frandl Sports","url":"https:\/\/frandl-sports.com\/","logo":{"@type":"ImageObject","inLanguage":"en-GB","@id":"https:\/\/frandl-sports.com\/#\/schema\/logo\/image\/","url":"https:\/\/frandl-sports.com\/wp-content\/uploads\/2026\/03\/Favicon_1.png","contentUrl":"https:\/\/frandl-sports.com\/wp-content\/uploads\/2026\/03\/Favicon_1.png","width":500,"height":500,"caption":"Frandl Sports"},"image":{"@id":"https:\/\/frandl-sports.com\/#\/schema\/logo\/image\/"}}]}},"brands":[{"id":703,"name":"Shred","slug":"shred"}],"_links":{"self":[{"href":"https:\/\/frandl-sports.com\/en\/wp-json\/wp\/v2\/product\/2736","targetHints":{"allow":["GET"]}}],"collection":[{"href":"https:\/\/frandl-sports.com\/en\/wp-json\/wp\/v2\/product"}],"about":[{"href":"https:\/\/frandl-sports.com\/en\/wp-json\/wp\/v2\/types\/product"}],"replies":[{"embeddable":true,"href":"https:\/\/frandl-sports.com\/en\/wp-json\/wp\/v2\/comments?post=2736"}],"wp:featuredmedia":[{"embeddable":true,"href":"https:\/\/frandl-sports.com\/en\/wp-json\/wp\/v2\/media\/38644"}],"wp:attachment":[{"href":"https:\/\/frandl-sports.com\/en\/wp-json\/wp\/v2\/media?parent=2736"}],"wp:term":[{"taxonomy":"pwb-brand","embeddable":true,"href":"https:\/\/frandl-sports.com\/en\/wp-json\/wp\/v2\/pwb-brand?post=2736"},{"taxonomy":"product_brand","embeddable":true,"href":"https:\/\/frandl-sports.com\/en\/wp-json\/wp\/v2\/product_brand?post=2736"},{"taxonomy":"product_cat","embeddable":true,"href":"https:\/\/frandl-sports.com\/en\/wp-json\/wp\/v2\/product_cat?post=2736"},{"taxonomy":"product_tag","embeddable":true,"href":"https:\/\/frandl-sports.com\/en\/wp-json\/wp\/v2\/product_tag?post=2736"}],"curies":[{"name":"wp","href":"https:\/\/api.w.org\/{rel}","templated":true}]}}