{"id":31541,"date":"2020-10-14T09:58:43","date_gmt":"2020-10-14T07:58:43","guid":{"rendered":"https:\/\/frandl-sports.com\/?post_type=product&#038;p=31541"},"modified":"2023-11-07T19:08:41","modified_gmt":"2023-11-07T18:08:41","slug":"worldcup-race-coach-flex-s-gtx","status":"publish","type":"product","link":"https:\/\/frandl-sports.com\/en\/produkt\/worldcup-race-coach-flex-s-gtx\/","title":{"rendered":"Worldcup Race Coach Flex S GTX - black - ice lemon"},"content":{"rendered":"<p>The Worldcup Race Coach Flex GTX is a version of the LEKI Original racing glove tailored to the needs of top skiers. The palm made of robust goatskin, the waterproof GORE-TEX\u00ae membrane and the exclusive Trigger S system characterise this high-quality glove. Features such as the ceramic-reinforced EVA finger pads, the large LEKI Flex Panel and extended Soft padding ensure hand protection without compromising freedom of movement. The Hyperloft and ThinsulateTM insulation keeps hands warm even in sub-zero temperatures.<\/p>","protected":false},"excerpt":{"rendered":"<p>Der Worldcup Race Coach Flex GTX ist eine auf die Bed\u00fcrfnisse von Top-Skifahrern abgestimmte Version des LEKI Original Rennhandschuhs. Die Innenhand aus robustem Ziegenleder, die wasserdichte GORE-TEX\u00ae Membran und das exklusive Trigger S System zeichnen diesen hochwertigen Handschuh aus. F\u00fcr den Schutz der Hand &#8211; ohne Beeintr\u00e4chtigung der Bewegungsfreiheit &#8211; sorgen Features wie die keramikverst\u00e4rkten [&hellip;]<\/p>\n","protected":false},"featured_media":31672,"comment_status":"open","ping_status":"closed","template":"","meta":[],"pwb-brand":[696],"product_brand":[],"product_cat":[243],"product_tag":[],"class_list":{"0":"post-31541","1":"product","2":"type-product","3":"status-publish","4":"has-post-thumbnail","6":"pwb-brand-leki","7":"product_cat-leki-gloves","8":"product_shipping_class-2kg","9":"pa_grobe-469","10":"pa_grobe-927","12":"first","13":"instock","14":"sale","15":"taxable","16":"shipping-taxable","17":"purchasable","18":"product-type-variable"},"yoast_head":"<!-- This site is optimized with the Yoast SEO plugin v27.6 - https:\/\/yoast.com\/product\/yoast-seo-wordpress\/ -->\n<title>Worldcup Race Coach Flex S GTX - black - ice lemon - Frandl Sports<\/title>\n<meta name=\"robots\" content=\"index, follow, max-snippet:-1, max-image-preview:large, max-video-preview:-1\" \/>\n<link rel=\"canonical\" href=\"https:\/\/frandl-sports.com\/en\/product\/worldcup-race-coach-flex-s-gtx\/\" \/>\n<meta property=\"og:locale\" content=\"en_GB\" \/>\n<meta property=\"og:type\" content=\"article\" \/>\n<meta property=\"og:title\" content=\"Worldcup Race Coach Flex S GTX - black - ice lemon - Frandl Sports\" \/>\n<meta property=\"og:description\" content=\"Der Worldcup Race Coach Flex GTX ist eine auf die Bed\u00fcrfnisse von Top-Skifahrern abgestimmte Version des LEKI Original Rennhandschuhs. Die Innenhand aus robustem Ziegenleder, die wasserdichte GORE-TEX\u00ae Membran und das exklusive Trigger S System zeichnen diesen hochwertigen Handschuh aus. F\u00fcr den Schutz der Hand &#8211; ohne Beeintr\u00e4chtigung der Bewegungsfreiheit &#8211; sorgen Features wie die keramikverst\u00e4rkten [&hellip;]\" \/>\n<meta property=\"og:url\" content=\"https:\/\/frandl-sports.com\/en\/product\/worldcup-race-coach-flex-s-gtx\/\" \/>\n<meta property=\"og:site_name\" content=\"Frandl Sports\" \/>\n<meta property=\"article:modified_time\" content=\"2023-11-07T18:08:41+00:00\" \/>\n<meta property=\"og:image\" content=\"https:\/\/frandl-sports.com\/wp-content\/uploads\/2020\/10\/Worldcup-Race-Coach-Flex-S-GTX-black-ice-lemon.jpg\" \/>\n\t<meta property=\"og:image:width\" content=\"800\" \/>\n\t<meta property=\"og:image:height\" content=\"800\" \/>\n\t<meta property=\"og:image:type\" content=\"image\/jpeg\" \/>\n<meta name=\"twitter:card\" content=\"summary_large_image\" \/>\n<meta name=\"twitter:label1\" content=\"Estimated reading time\" \/>\n\t<meta name=\"twitter:data1\" content=\"1 minute\" \/>\n<script type=\"application\/ld+json\" class=\"yoast-schema-graph\">{\"@context\":\"https:\\\/\\\/schema.org\",\"@graph\":[{\"@type\":\"WebPage\",\"@id\":\"https:\\\/\\\/frandl-sports.com\\\/produkt\\\/worldcup-race-coach-flex-s-gtx\\\/\",\"url\":\"https:\\\/\\\/frandl-sports.com\\\/produkt\\\/worldcup-race-coach-flex-s-gtx\\\/\",\"name\":\"Worldcup Race Coach Flex S GTX - black - ice lemon - Frandl Sports\",\"isPartOf\":{\"@id\":\"https:\\\/\\\/frandl-sports.com\\\/#website\"},\"primaryImageOfPage\":{\"@id\":\"https:\\\/\\\/frandl-sports.com\\\/produkt\\\/worldcup-race-coach-flex-s-gtx\\\/#primaryimage\"},\"image\":{\"@id\":\"https:\\\/\\\/frandl-sports.com\\\/produkt\\\/worldcup-race-coach-flex-s-gtx\\\/#primaryimage\"},\"thumbnailUrl\":\"https:\\\/\\\/frandl-sports.com\\\/wp-content\\\/uploads\\\/2020\\\/10\\\/Worldcup-Race-Coach-Flex-S-GTX-black-ice-lemon.jpg\",\"datePublished\":\"2020-10-14T07:58:43+00:00\",\"dateModified\":\"2023-11-07T18:08:41+00:00\",\"breadcrumb\":{\"@id\":\"https:\\\/\\\/frandl-sports.com\\\/produkt\\\/worldcup-race-coach-flex-s-gtx\\\/#breadcrumb\"},\"inLanguage\":\"en-GB\",\"potentialAction\":[{\"@type\":\"ReadAction\",\"target\":[\"https:\\\/\\\/frandl-sports.com\\\/produkt\\\/worldcup-race-coach-flex-s-gtx\\\/\"]}]},{\"@type\":\"ImageObject\",\"inLanguage\":\"en-GB\",\"@id\":\"https:\\\/\\\/frandl-sports.com\\\/produkt\\\/worldcup-race-coach-flex-s-gtx\\\/#primaryimage\",\"url\":\"https:\\\/\\\/frandl-sports.com\\\/wp-content\\\/uploads\\\/2020\\\/10\\\/Worldcup-Race-Coach-Flex-S-GTX-black-ice-lemon.jpg\",\"contentUrl\":\"https:\\\/\\\/frandl-sports.com\\\/wp-content\\\/uploads\\\/2020\\\/10\\\/Worldcup-Race-Coach-Flex-S-GTX-black-ice-lemon.jpg\",\"width\":800,\"height\":800},{\"@type\":\"BreadcrumbList\",\"@id\":\"https:\\\/\\\/frandl-sports.com\\\/produkt\\\/worldcup-race-coach-flex-s-gtx\\\/#breadcrumb\",\"itemListElement\":[{\"@type\":\"ListItem\",\"position\":1,\"name\":\"Startseite\",\"item\":\"https:\\\/\\\/frandl-sports.com\\\/\"},{\"@type\":\"ListItem\",\"position\":2,\"name\":\"Shop\",\"item\":\"https:\\\/\\\/frandl-sports.com\\\/shop\\\/\"},{\"@type\":\"ListItem\",\"position\":3,\"name\":\"Worldcup Race Coach Flex S GTX &#8211; black &#8211; ice lemon\"}]},{\"@type\":\"WebSite\",\"@id\":\"https:\\\/\\\/frandl-sports.com\\\/#website\",\"url\":\"https:\\\/\\\/frandl-sports.com\\\/\",\"name\":\"Frandl Sports\",\"description\":\"FRANDL SPORTS ist der kompetente Gesamtausstatter f\u00fcr professionelle Unternehmen im Bereich Wintersport\",\"publisher\":{\"@id\":\"https:\\\/\\\/frandl-sports.com\\\/#organization\"},\"potentialAction\":[{\"@type\":\"SearchAction\",\"target\":{\"@type\":\"EntryPoint\",\"urlTemplate\":\"https:\\\/\\\/frandl-sports.com\\\/?s={search_term_string}\"},\"query-input\":{\"@type\":\"PropertyValueSpecification\",\"valueRequired\":true,\"valueName\":\"search_term_string\"}}],\"inLanguage\":\"en-GB\"},{\"@type\":\"Organization\",\"@id\":\"https:\\\/\\\/frandl-sports.com\\\/#organization\",\"name\":\"Frandl Sports\",\"url\":\"https:\\\/\\\/frandl-sports.com\\\/\",\"logo\":{\"@type\":\"ImageObject\",\"inLanguage\":\"en-GB\",\"@id\":\"https:\\\/\\\/frandl-sports.com\\\/#\\\/schema\\\/logo\\\/image\\\/\",\"url\":\"https:\\\/\\\/frandl-sports.com\\\/wp-content\\\/uploads\\\/2026\\\/03\\\/Favicon_1.png\",\"contentUrl\":\"https:\\\/\\\/frandl-sports.com\\\/wp-content\\\/uploads\\\/2026\\\/03\\\/Favicon_1.png\",\"width\":500,\"height\":500,\"caption\":\"Frandl Sports\"},\"image\":{\"@id\":\"https:\\\/\\\/frandl-sports.com\\\/#\\\/schema\\\/logo\\\/image\\\/\"}}]}<\/script>\n<!-- \/ Yoast SEO plugin. -->","yoast_head_json":{"title":"Worldcup Race Coach Flex S GTX - black - ice lemon - Frandl Sports","robots":{"index":"index","follow":"follow","max-snippet":"max-snippet:-1","max-image-preview":"max-image-preview:large","max-video-preview":"max-video-preview:-1"},"canonical":"https:\/\/frandl-sports.com\/en\/product\/worldcup-race-coach-flex-s-gtx\/","og_locale":"en_GB","og_type":"article","og_title":"Worldcup Race Coach Flex S GTX - black - ice lemon - Frandl Sports","og_description":"Der Worldcup Race Coach Flex GTX ist eine auf die Bed\u00fcrfnisse von Top-Skifahrern abgestimmte Version des LEKI Original Rennhandschuhs. Die Innenhand aus robustem Ziegenleder, die wasserdichte GORE-TEX\u00ae Membran und das exklusive Trigger S System zeichnen diesen hochwertigen Handschuh aus. F\u00fcr den Schutz der Hand &#8211; ohne Beeintr\u00e4chtigung der Bewegungsfreiheit &#8211; sorgen Features wie die keramikverst\u00e4rkten [&hellip;]","og_url":"https:\/\/frandl-sports.com\/en\/product\/worldcup-race-coach-flex-s-gtx\/","og_site_name":"Frandl Sports","article_modified_time":"2023-11-07T18:08:41+00:00","og_image":[{"width":800,"height":800,"url":"https:\/\/frandl-sports.com\/wp-content\/uploads\/2020\/10\/Worldcup-Race-Coach-Flex-S-GTX-black-ice-lemon.jpg","type":"image\/jpeg"}],"twitter_card":"summary_large_image","twitter_misc":{"Estimated reading time":"1 minute"},"schema":{"@context":"https:\/\/schema.org","@graph":[{"@type":"WebPage","@id":"https:\/\/frandl-sports.com\/produkt\/worldcup-race-coach-flex-s-gtx\/","url":"https:\/\/frandl-sports.com\/produkt\/worldcup-race-coach-flex-s-gtx\/","name":"Worldcup Race Coach Flex S GTX - black - ice lemon - Frandl Sports","isPartOf":{"@id":"https:\/\/frandl-sports.com\/#website"},"primaryImageOfPage":{"@id":"https:\/\/frandl-sports.com\/produkt\/worldcup-race-coach-flex-s-gtx\/#primaryimage"},"image":{"@id":"https:\/\/frandl-sports.com\/produkt\/worldcup-race-coach-flex-s-gtx\/#primaryimage"},"thumbnailUrl":"https:\/\/frandl-sports.com\/wp-content\/uploads\/2020\/10\/Worldcup-Race-Coach-Flex-S-GTX-black-ice-lemon.jpg","datePublished":"2020-10-14T07:58:43+00:00","dateModified":"2023-11-07T18:08:41+00:00","breadcrumb":{"@id":"https:\/\/frandl-sports.com\/produkt\/worldcup-race-coach-flex-s-gtx\/#breadcrumb"},"inLanguage":"en-GB","potentialAction":[{"@type":"ReadAction","target":["https:\/\/frandl-sports.com\/produkt\/worldcup-race-coach-flex-s-gtx\/"]}]},{"@type":"ImageObject","inLanguage":"en-GB","@id":"https:\/\/frandl-sports.com\/produkt\/worldcup-race-coach-flex-s-gtx\/#primaryimage","url":"https:\/\/frandl-sports.com\/wp-content\/uploads\/2020\/10\/Worldcup-Race-Coach-Flex-S-GTX-black-ice-lemon.jpg","contentUrl":"https:\/\/frandl-sports.com\/wp-content\/uploads\/2020\/10\/Worldcup-Race-Coach-Flex-S-GTX-black-ice-lemon.jpg","width":800,"height":800},{"@type":"BreadcrumbList","@id":"https:\/\/frandl-sports.com\/produkt\/worldcup-race-coach-flex-s-gtx\/#breadcrumb","itemListElement":[{"@type":"ListItem","position":1,"name":"Startseite","item":"https:\/\/frandl-sports.com\/"},{"@type":"ListItem","position":2,"name":"Shop","item":"https:\/\/frandl-sports.com\/shop\/"},{"@type":"ListItem","position":3,"name":"Worldcup Race Coach Flex S GTX &#8211; black &#8211; ice lemon"}]},{"@type":"WebSite","@id":"https:\/\/frandl-sports.com\/#website","url":"https:\/\/frandl-sports.com\/","name":"Frandl Sports","description":"FRANDL SPORTS is the competent all-round supplier for professional companies in the winter sports sector","publisher":{"@id":"https:\/\/frandl-sports.com\/#organization"},"potentialAction":[{"@type":"SearchAction","target":{"@type":"EntryPoint","urlTemplate":"https:\/\/frandl-sports.com\/?s={search_term_string}"},"query-input":{"@type":"PropertyValueSpecification","valueRequired":true,"valueName":"search_term_string"}}],"inLanguage":"en-GB"},{"@type":"Organization","@id":"https:\/\/frandl-sports.com\/#organization","name":"Frandl Sports","url":"https:\/\/frandl-sports.com\/","logo":{"@type":"ImageObject","inLanguage":"en-GB","@id":"https:\/\/frandl-sports.com\/#\/schema\/logo\/image\/","url":"https:\/\/frandl-sports.com\/wp-content\/uploads\/2026\/03\/Favicon_1.png","contentUrl":"https:\/\/frandl-sports.com\/wp-content\/uploads\/2026\/03\/Favicon_1.png","width":500,"height":500,"caption":"Frandl Sports"},"image":{"@id":"https:\/\/frandl-sports.com\/#\/schema\/logo\/image\/"}}]}},"brands":[{"id":696,"name":"Leki","slug":"leki"}],"_links":{"self":[{"href":"https:\/\/frandl-sports.com\/en\/wp-json\/wp\/v2\/product\/31541","targetHints":{"allow":["GET"]}}],"collection":[{"href":"https:\/\/frandl-sports.com\/en\/wp-json\/wp\/v2\/product"}],"about":[{"href":"https:\/\/frandl-sports.com\/en\/wp-json\/wp\/v2\/types\/product"}],"replies":[{"embeddable":true,"href":"https:\/\/frandl-sports.com\/en\/wp-json\/wp\/v2\/comments?post=31541"}],"wp:featuredmedia":[{"embeddable":true,"href":"https:\/\/frandl-sports.com\/en\/wp-json\/wp\/v2\/media\/31672"}],"wp:attachment":[{"href":"https:\/\/frandl-sports.com\/en\/wp-json\/wp\/v2\/media?parent=31541"}],"wp:term":[{"taxonomy":"pwb-brand","embeddable":true,"href":"https:\/\/frandl-sports.com\/en\/wp-json\/wp\/v2\/pwb-brand?post=31541"},{"taxonomy":"product_brand","embeddable":true,"href":"https:\/\/frandl-sports.com\/en\/wp-json\/wp\/v2\/product_brand?post=31541"},{"taxonomy":"product_cat","embeddable":true,"href":"https:\/\/frandl-sports.com\/en\/wp-json\/wp\/v2\/product_cat?post=31541"},{"taxonomy":"product_tag","embeddable":true,"href":"https:\/\/frandl-sports.com\/en\/wp-json\/wp\/v2\/product_tag?post=31541"}],"curies":[{"name":"wp","href":"https:\/\/api.w.org\/{rel}","templated":true}]}}