{"id":31602,"date":"2020-10-15T10:33:45","date_gmt":"2020-10-15T08:33:45","guid":{"rendered":"https:\/\/frandl-sports.com\/?post_type=product&#038;p=31602"},"modified":"2020-10-16T19:42:05","modified_gmt":"2020-10-16T17:42:05","slug":"impact-racing-jr-white-ochre","status":"publish","type":"product","link":"https:\/\/frandl-sports.com\/en\/produkt\/impact-racing-jr-weiss-ocker\/","title":{"rendered":"Impact Racing Jr. white-ochre"},"content":{"rendered":"<p>Short and close-fitting slalom glove. Robust goatskin leather in the palm for optimum grip and dexterity. Knuckle protection and shock-absorbing material on the backhand to protect against gates and impacts. Insulated with warming G-Loft polyester.<\/p>","protected":false},"excerpt":{"rendered":"<p>Short and close-fitting slalom glove. Robust goatskin leather in the palm for optimum grip and dexterity. Knuckle protection and shock-absorbing material on the backhand to protect against gates and impacts. Insulated with warming G-Loft polyester.<\/p>","protected":false},"featured_media":31656,"comment_status":"open","ping_status":"closed","template":"","meta":[],"pwb-brand":[693],"product_brand":[],"product_cat":[239,237],"product_tag":[],"class_list":{"0":"post-31602","1":"product","2":"type-product","3":"status-publish","4":"has-post-thumbnail","6":"pwb-brand-hestra","7":"product_cat-handschuhe","8":"product_cat-hestra-gloves","9":"product_shipping_class-2kg","10":"pa_grobe-471","11":"pa_grobe-469","12":"pa_grobe-475","14":"first","15":"instock","16":"sale","17":"taxable","18":"shipping-taxable","19":"purchasable","20":"product-type-variable"},"yoast_head":"<!-- This site is optimized with the Yoast SEO plugin v27.6 - https:\/\/yoast.com\/product\/yoast-seo-wordpress\/ -->\n<title>Impact Racing Jr. wei\u00df-ocker - Frandl Sports<\/title>\n<meta name=\"robots\" content=\"index, follow, max-snippet:-1, max-image-preview:large, max-video-preview:-1\" \/>\n<link rel=\"canonical\" href=\"https:\/\/frandl-sports.com\/en\/product\/impact-racing-jr-white-ochre\/\" \/>\n<meta property=\"og:locale\" content=\"en_GB\" \/>\n<meta property=\"og:type\" content=\"article\" \/>\n<meta property=\"og:title\" content=\"Impact Racing Jr. wei\u00df-ocker - Frandl Sports\" \/>\n<meta property=\"og:description\" content=\"Kurzer und eng anliegender Slalomhandschuh. Robustes Ziegenleder in der Handfl\u00e4che f\u00fcr optimalen Halt und Geschicklichkeit. Kn\u00f6chelschutz und sto\u00dfd\u00e4mpfendes Material an der R\u00fcckhand zum Schutz vor Toren und St\u00f6\u00dfen. Isoliert mit w\u00e4rmendem G-Loft-Polyester.\" \/>\n<meta property=\"og:url\" content=\"https:\/\/frandl-sports.com\/en\/product\/impact-racing-jr-white-ochre\/\" \/>\n<meta property=\"og:site_name\" content=\"Frandl Sports\" \/>\n<meta property=\"article:modified_time\" content=\"2020-10-16T17:42:05+00:00\" \/>\n<meta property=\"og:image\" content=\"https:\/\/frandl-sports.com\/wp-content\/uploads\/2020\/10\/IMPACT-RACING-JR..jpg\" \/>\n\t<meta property=\"og:image:width\" content=\"800\" \/>\n\t<meta property=\"og:image:height\" content=\"800\" \/>\n\t<meta property=\"og:image:type\" content=\"image\/jpeg\" \/>\n<meta name=\"twitter:card\" content=\"summary_large_image\" \/>\n<script type=\"application\/ld+json\" class=\"yoast-schema-graph\">{\"@context\":\"https:\\\/\\\/schema.org\",\"@graph\":[{\"@type\":\"WebPage\",\"@id\":\"https:\\\/\\\/frandl-sports.com\\\/produkt\\\/impact-racing-jr-weiss-ocker\\\/\",\"url\":\"https:\\\/\\\/frandl-sports.com\\\/produkt\\\/impact-racing-jr-weiss-ocker\\\/\",\"name\":\"Impact Racing Jr. wei\u00df-ocker - Frandl Sports\",\"isPartOf\":{\"@id\":\"https:\\\/\\\/frandl-sports.com\\\/#website\"},\"primaryImageOfPage\":{\"@id\":\"https:\\\/\\\/frandl-sports.com\\\/produkt\\\/impact-racing-jr-weiss-ocker\\\/#primaryimage\"},\"image\":{\"@id\":\"https:\\\/\\\/frandl-sports.com\\\/produkt\\\/impact-racing-jr-weiss-ocker\\\/#primaryimage\"},\"thumbnailUrl\":\"https:\\\/\\\/frandl-sports.com\\\/wp-content\\\/uploads\\\/2020\\\/10\\\/IMPACT-RACING-JR..jpg\",\"datePublished\":\"2020-10-15T08:33:45+00:00\",\"dateModified\":\"2020-10-16T17:42:05+00:00\",\"breadcrumb\":{\"@id\":\"https:\\\/\\\/frandl-sports.com\\\/produkt\\\/impact-racing-jr-weiss-ocker\\\/#breadcrumb\"},\"inLanguage\":\"en-GB\",\"potentialAction\":[{\"@type\":\"ReadAction\",\"target\":[\"https:\\\/\\\/frandl-sports.com\\\/produkt\\\/impact-racing-jr-weiss-ocker\\\/\"]}]},{\"@type\":\"ImageObject\",\"inLanguage\":\"en-GB\",\"@id\":\"https:\\\/\\\/frandl-sports.com\\\/produkt\\\/impact-racing-jr-weiss-ocker\\\/#primaryimage\",\"url\":\"https:\\\/\\\/frandl-sports.com\\\/wp-content\\\/uploads\\\/2020\\\/10\\\/IMPACT-RACING-JR..jpg\",\"contentUrl\":\"https:\\\/\\\/frandl-sports.com\\\/wp-content\\\/uploads\\\/2020\\\/10\\\/IMPACT-RACING-JR..jpg\",\"width\":800,\"height\":800},{\"@type\":\"BreadcrumbList\",\"@id\":\"https:\\\/\\\/frandl-sports.com\\\/produkt\\\/impact-racing-jr-weiss-ocker\\\/#breadcrumb\",\"itemListElement\":[{\"@type\":\"ListItem\",\"position\":1,\"name\":\"Startseite\",\"item\":\"https:\\\/\\\/frandl-sports.com\\\/\"},{\"@type\":\"ListItem\",\"position\":2,\"name\":\"Shop\",\"item\":\"https:\\\/\\\/frandl-sports.com\\\/shop\\\/\"},{\"@type\":\"ListItem\",\"position\":3,\"name\":\"Impact Racing Jr. wei\u00df-ocker\"}]},{\"@type\":\"WebSite\",\"@id\":\"https:\\\/\\\/frandl-sports.com\\\/#website\",\"url\":\"https:\\\/\\\/frandl-sports.com\\\/\",\"name\":\"Frandl Sports\",\"description\":\"FRANDL SPORTS ist der kompetente Gesamtausstatter f\u00fcr professionelle Unternehmen im Bereich Wintersport\",\"publisher\":{\"@id\":\"https:\\\/\\\/frandl-sports.com\\\/#organization\"},\"potentialAction\":[{\"@type\":\"SearchAction\",\"target\":{\"@type\":\"EntryPoint\",\"urlTemplate\":\"https:\\\/\\\/frandl-sports.com\\\/?s={search_term_string}\"},\"query-input\":{\"@type\":\"PropertyValueSpecification\",\"valueRequired\":true,\"valueName\":\"search_term_string\"}}],\"inLanguage\":\"en-GB\"},{\"@type\":\"Organization\",\"@id\":\"https:\\\/\\\/frandl-sports.com\\\/#organization\",\"name\":\"Frandl Sports\",\"url\":\"https:\\\/\\\/frandl-sports.com\\\/\",\"logo\":{\"@type\":\"ImageObject\",\"inLanguage\":\"en-GB\",\"@id\":\"https:\\\/\\\/frandl-sports.com\\\/#\\\/schema\\\/logo\\\/image\\\/\",\"url\":\"https:\\\/\\\/frandl-sports.com\\\/wp-content\\\/uploads\\\/2026\\\/03\\\/Favicon_1.png\",\"contentUrl\":\"https:\\\/\\\/frandl-sports.com\\\/wp-content\\\/uploads\\\/2026\\\/03\\\/Favicon_1.png\",\"width\":500,\"height\":500,\"caption\":\"Frandl Sports\"},\"image\":{\"@id\":\"https:\\\/\\\/frandl-sports.com\\\/#\\\/schema\\\/logo\\\/image\\\/\"}}]}<\/script>\n<!-- \/ Yoast SEO plugin. -->","yoast_head_json":{"title":"Impact Racing Jr. white-ochre - Frandl Sports","robots":{"index":"index","follow":"follow","max-snippet":"max-snippet:-1","max-image-preview":"max-image-preview:large","max-video-preview":"max-video-preview:-1"},"canonical":"https:\/\/frandl-sports.com\/en\/product\/impact-racing-jr-white-ochre\/","og_locale":"en_GB","og_type":"article","og_title":"Impact Racing Jr. wei\u00df-ocker - Frandl Sports","og_description":"Kurzer und eng anliegender Slalomhandschuh. Robustes Ziegenleder in der Handfl\u00e4che f\u00fcr optimalen Halt und Geschicklichkeit. Kn\u00f6chelschutz und sto\u00dfd\u00e4mpfendes Material an der R\u00fcckhand zum Schutz vor Toren und St\u00f6\u00dfen. Isoliert mit w\u00e4rmendem G-Loft-Polyester.","og_url":"https:\/\/frandl-sports.com\/en\/product\/impact-racing-jr-white-ochre\/","og_site_name":"Frandl Sports","article_modified_time":"2020-10-16T17:42:05+00:00","og_image":[{"width":800,"height":800,"url":"https:\/\/frandl-sports.com\/wp-content\/uploads\/2020\/10\/IMPACT-RACING-JR..jpg","type":"image\/jpeg"}],"twitter_card":"summary_large_image","schema":{"@context":"https:\/\/schema.org","@graph":[{"@type":"WebPage","@id":"https:\/\/frandl-sports.com\/produkt\/impact-racing-jr-weiss-ocker\/","url":"https:\/\/frandl-sports.com\/produkt\/impact-racing-jr-weiss-ocker\/","name":"Impact Racing Jr. white-ochre - Frandl Sports","isPartOf":{"@id":"https:\/\/frandl-sports.com\/#website"},"primaryImageOfPage":{"@id":"https:\/\/frandl-sports.com\/produkt\/impact-racing-jr-weiss-ocker\/#primaryimage"},"image":{"@id":"https:\/\/frandl-sports.com\/produkt\/impact-racing-jr-weiss-ocker\/#primaryimage"},"thumbnailUrl":"https:\/\/frandl-sports.com\/wp-content\/uploads\/2020\/10\/IMPACT-RACING-JR..jpg","datePublished":"2020-10-15T08:33:45+00:00","dateModified":"2020-10-16T17:42:05+00:00","breadcrumb":{"@id":"https:\/\/frandl-sports.com\/produkt\/impact-racing-jr-weiss-ocker\/#breadcrumb"},"inLanguage":"en-GB","potentialAction":[{"@type":"ReadAction","target":["https:\/\/frandl-sports.com\/produkt\/impact-racing-jr-weiss-ocker\/"]}]},{"@type":"ImageObject","inLanguage":"en-GB","@id":"https:\/\/frandl-sports.com\/produkt\/impact-racing-jr-weiss-ocker\/#primaryimage","url":"https:\/\/frandl-sports.com\/wp-content\/uploads\/2020\/10\/IMPACT-RACING-JR..jpg","contentUrl":"https:\/\/frandl-sports.com\/wp-content\/uploads\/2020\/10\/IMPACT-RACING-JR..jpg","width":800,"height":800},{"@type":"BreadcrumbList","@id":"https:\/\/frandl-sports.com\/produkt\/impact-racing-jr-weiss-ocker\/#breadcrumb","itemListElement":[{"@type":"ListItem","position":1,"name":"Startseite","item":"https:\/\/frandl-sports.com\/"},{"@type":"ListItem","position":2,"name":"Shop","item":"https:\/\/frandl-sports.com\/shop\/"},{"@type":"ListItem","position":3,"name":"Impact Racing Jr. wei\u00df-ocker"}]},{"@type":"WebSite","@id":"https:\/\/frandl-sports.com\/#website","url":"https:\/\/frandl-sports.com\/","name":"Frandl Sports","description":"FRANDL SPORTS is the competent all-round supplier for professional companies in the winter sports sector","publisher":{"@id":"https:\/\/frandl-sports.com\/#organization"},"potentialAction":[{"@type":"SearchAction","target":{"@type":"EntryPoint","urlTemplate":"https:\/\/frandl-sports.com\/?s={search_term_string}"},"query-input":{"@type":"PropertyValueSpecification","valueRequired":true,"valueName":"search_term_string"}}],"inLanguage":"en-GB"},{"@type":"Organization","@id":"https:\/\/frandl-sports.com\/#organization","name":"Frandl Sports","url":"https:\/\/frandl-sports.com\/","logo":{"@type":"ImageObject","inLanguage":"en-GB","@id":"https:\/\/frandl-sports.com\/#\/schema\/logo\/image\/","url":"https:\/\/frandl-sports.com\/wp-content\/uploads\/2026\/03\/Favicon_1.png","contentUrl":"https:\/\/frandl-sports.com\/wp-content\/uploads\/2026\/03\/Favicon_1.png","width":500,"height":500,"caption":"Frandl Sports"},"image":{"@id":"https:\/\/frandl-sports.com\/#\/schema\/logo\/image\/"}}]}},"brands":[{"id":693,"name":"Hestra","slug":"hestra"}],"_links":{"self":[{"href":"https:\/\/frandl-sports.com\/en\/wp-json\/wp\/v2\/product\/31602","targetHints":{"allow":["GET"]}}],"collection":[{"href":"https:\/\/frandl-sports.com\/en\/wp-json\/wp\/v2\/product"}],"about":[{"href":"https:\/\/frandl-sports.com\/en\/wp-json\/wp\/v2\/types\/product"}],"replies":[{"embeddable":true,"href":"https:\/\/frandl-sports.com\/en\/wp-json\/wp\/v2\/comments?post=31602"}],"wp:featuredmedia":[{"embeddable":true,"href":"https:\/\/frandl-sports.com\/en\/wp-json\/wp\/v2\/media\/31656"}],"wp:attachment":[{"href":"https:\/\/frandl-sports.com\/en\/wp-json\/wp\/v2\/media?parent=31602"}],"wp:term":[{"taxonomy":"pwb-brand","embeddable":true,"href":"https:\/\/frandl-sports.com\/en\/wp-json\/wp\/v2\/pwb-brand?post=31602"},{"taxonomy":"product_brand","embeddable":true,"href":"https:\/\/frandl-sports.com\/en\/wp-json\/wp\/v2\/product_brand?post=31602"},{"taxonomy":"product_cat","embeddable":true,"href":"https:\/\/frandl-sports.com\/en\/wp-json\/wp\/v2\/product_cat?post=31602"},{"taxonomy":"product_tag","embeddable":true,"href":"https:\/\/frandl-sports.com\/en\/wp-json\/wp\/v2\/product_tag?post=31602"}],"curies":[{"name":"wp","href":"https:\/\/api.w.org\/{rel}","templated":true}]}}