{"id":33705,"date":"2022-09-27T13:20:50","date_gmt":"2022-09-27T11:20:50","guid":{"rendered":"https:\/\/frandl-sports.com\/?post_type=product&#038;p=33705"},"modified":"2026-04-20T13:57:08","modified_gmt":"2026-04-20T11:57:08","slug":"hero-world-cup-za-m-grey","status":"publish","type":"product","link":"https:\/\/frandl-sports.com\/en\/produkt\/hero-world-cup-za-m-grey\/","title":{"rendered":"HERO WORLD CUP ZA - M.GREY"},"content":{"rendered":"<div class=\"product-list-section-container\">\n<div class=\"product-list-read-more-container\">\n<p>Competition-proven power. The Hero World Cup ZA is a top-quality boot designed for top performance for ambitious racers. The still customisable racing boot shell has a 92mm last and a medium-hard racing flex. Extra thick walls and a racing hinge construction ensure the most efficient power transmission in skiing. The model with a neutral, upright stance is particularly narrow and designed for control and edge control. An ultra-thin cork sole and lace-up liner provides a precise fit for unrivalled precision on snow.<\/p>\n<p>World Cup Race Fit<br \/>\nWorld Cup Race Fit with 92 mm last width is our narrowest last width and ensures optimum precision and power transmission<\/p>\n<p>Better manoeuvrability, better fit<br \/>\nThe shell's Dual Core technology enables targeted power transmission and an accurate fit for more lively rebound, responsiveness and control<\/p>\n<p>Racing buckles<br \/>\nThe racing buckles are particularly close to the shell to ensure a slim, aerodynamic profile<\/p>\n<p>Racing precision at World Cup level<br \/>\nWorld Cup inner shoes with cork insulation, adjustable tongue and lacing system for top performance<\/p>\n<p>Warning! Not ISO standard compatible. Mill off before use.<br \/>\nToe and heel areas must be professionally sanded before use to be compatible with bindings.<\/p>\n<\/div>\n<\/div>","protected":false},"excerpt":{"rendered":"<p>Wettkampferprobte Power. Der Hero World Cup ZA ist ein auf H\u00f6chstleistung ausgelegter Schuh in Topqualit\u00e4t f\u00fcr ambitionierte Rennl\u00e4ufer. Die noch anzupassende Rennschuhschale hat einen 92mm Leisten und einen mittelharten Rennflex. Extra dicke W\u00e4nden und eine Rennscharnier-Konstruktion sorgen f\u00fcr die effizienteste Kraft\u00fcbertragung im Skisport. Das Modell mit einem neutralen, aufrechten Stand ist besonders schmal und auf [&hellip;]<\/p>\n","protected":false},"featured_media":37275,"comment_status":"open","ping_status":"closed","template":"","meta":[],"pwb-brand":[702],"product_brand":[429],"product_cat":[758,401],"product_tag":[],"class_list":{"0":"post-33705","1":"product","2":"type-product","3":"status-publish","4":"has-post-thumbnail","6":"pwb-brand-rossignol","7":"product_brand-rossignol-9","8":"product_cat-rossignol-3","9":"product_cat-rossignol-7","10":"product_shipping_class-2kg","11":"pa_grobe-22-5","12":"pa_grobe-23-5","13":"pa_grobe-24-5","14":"pa_grobe-25-5","15":"pa_grobe-26-5","16":"pa_grobe-27-5","17":"pa_grobe-28-5","19":"first","20":"instock","21":"sale","22":"taxable","23":"shipping-taxable","24":"purchasable","25":"product-type-variable"},"yoast_head":"<!-- This site is optimized with the Yoast SEO plugin v27.6 - https:\/\/yoast.com\/product\/yoast-seo-wordpress\/ -->\n<title>HERO WORLD CUP ZA - M.GREY - Frandl Sports<\/title>\n<meta name=\"robots\" content=\"index, follow, max-snippet:-1, max-image-preview:large, max-video-preview:-1\" \/>\n<link rel=\"canonical\" href=\"https:\/\/frandl-sports.com\/en\/product\/hero-world-cup-za-m-grey\/\" \/>\n<meta property=\"og:locale\" content=\"en_GB\" \/>\n<meta property=\"og:type\" content=\"article\" \/>\n<meta property=\"og:title\" content=\"HERO WORLD CUP ZA - M.GREY - Frandl Sports\" \/>\n<meta property=\"og:description\" content=\"Wettkampferprobte Power. Der Hero World Cup ZA ist ein auf H\u00f6chstleistung ausgelegter Schuh in Topqualit\u00e4t f\u00fcr ambitionierte Rennl\u00e4ufer. Die noch anzupassende Rennschuhschale hat einen 92mm Leisten und einen mittelharten Rennflex. Extra dicke W\u00e4nden und eine Rennscharnier-Konstruktion sorgen f\u00fcr die effizienteste Kraft\u00fcbertragung im Skisport. Das Modell mit einem neutralen, aufrechten Stand ist besonders schmal und auf [&hellip;]\" \/>\n<meta property=\"og:url\" content=\"https:\/\/frandl-sports.com\/en\/product\/hero-world-cup-za-m-grey\/\" \/>\n<meta property=\"og:site_name\" content=\"Frandl Sports\" \/>\n<meta property=\"article:modified_time\" content=\"2026-04-20T11:57:08+00:00\" \/>\n<meta property=\"og:image\" content=\"https:\/\/frandl-sports.com\/wp-content\/uploads\/2022\/09\/1-10.gif\" \/>\n\t<meta property=\"og:image:width\" content=\"800\" \/>\n\t<meta property=\"og:image:height\" content=\"800\" \/>\n\t<meta property=\"og:image:type\" content=\"image\/gif\" \/>\n<meta name=\"twitter:card\" content=\"summary_large_image\" \/>\n<script type=\"application\/ld+json\" class=\"yoast-schema-graph\">{\"@context\":\"https:\\\/\\\/schema.org\",\"@graph\":[{\"@type\":\"WebPage\",\"@id\":\"https:\\\/\\\/frandl-sports.com\\\/produkt\\\/hero-world-cup-za-m-grey\\\/\",\"url\":\"https:\\\/\\\/frandl-sports.com\\\/produkt\\\/hero-world-cup-za-m-grey\\\/\",\"name\":\"HERO WORLD CUP ZA - M.GREY - Frandl Sports\",\"isPartOf\":{\"@id\":\"https:\\\/\\\/frandl-sports.com\\\/#website\"},\"primaryImageOfPage\":{\"@id\":\"https:\\\/\\\/frandl-sports.com\\\/produkt\\\/hero-world-cup-za-m-grey\\\/#primaryimage\"},\"image\":{\"@id\":\"https:\\\/\\\/frandl-sports.com\\\/produkt\\\/hero-world-cup-za-m-grey\\\/#primaryimage\"},\"thumbnailUrl\":\"https:\\\/\\\/frandl-sports.com\\\/wp-content\\\/uploads\\\/2022\\\/09\\\/1-10.gif\",\"datePublished\":\"2022-09-27T11:20:50+00:00\",\"dateModified\":\"2026-04-20T11:57:08+00:00\",\"breadcrumb\":{\"@id\":\"https:\\\/\\\/frandl-sports.com\\\/produkt\\\/hero-world-cup-za-m-grey\\\/#breadcrumb\"},\"inLanguage\":\"en-GB\",\"potentialAction\":[{\"@type\":\"ReadAction\",\"target\":[\"https:\\\/\\\/frandl-sports.com\\\/produkt\\\/hero-world-cup-za-m-grey\\\/\"]}]},{\"@type\":\"ImageObject\",\"inLanguage\":\"en-GB\",\"@id\":\"https:\\\/\\\/frandl-sports.com\\\/produkt\\\/hero-world-cup-za-m-grey\\\/#primaryimage\",\"url\":\"https:\\\/\\\/frandl-sports.com\\\/wp-content\\\/uploads\\\/2022\\\/09\\\/1-10.gif\",\"contentUrl\":\"https:\\\/\\\/frandl-sports.com\\\/wp-content\\\/uploads\\\/2022\\\/09\\\/1-10.gif\",\"width\":800,\"height\":800},{\"@type\":\"BreadcrumbList\",\"@id\":\"https:\\\/\\\/frandl-sports.com\\\/produkt\\\/hero-world-cup-za-m-grey\\\/#breadcrumb\",\"itemListElement\":[{\"@type\":\"ListItem\",\"position\":1,\"name\":\"Startseite\",\"item\":\"https:\\\/\\\/frandl-sports.com\\\/\"},{\"@type\":\"ListItem\",\"position\":2,\"name\":\"Shop\",\"item\":\"https:\\\/\\\/frandl-sports.com\\\/shop\\\/\"},{\"@type\":\"ListItem\",\"position\":3,\"name\":\"HERO WORLD CUP ZA &#8211; M.GREY\"}]},{\"@type\":\"WebSite\",\"@id\":\"https:\\\/\\\/frandl-sports.com\\\/#website\",\"url\":\"https:\\\/\\\/frandl-sports.com\\\/\",\"name\":\"Frandl Sports\",\"description\":\"FRANDL SPORTS ist der kompetente Gesamtausstatter f\u00fcr professionelle Unternehmen im Bereich Wintersport\",\"publisher\":{\"@id\":\"https:\\\/\\\/frandl-sports.com\\\/#organization\"},\"potentialAction\":[{\"@type\":\"SearchAction\",\"target\":{\"@type\":\"EntryPoint\",\"urlTemplate\":\"https:\\\/\\\/frandl-sports.com\\\/?s={search_term_string}\"},\"query-input\":{\"@type\":\"PropertyValueSpecification\",\"valueRequired\":true,\"valueName\":\"search_term_string\"}}],\"inLanguage\":\"en-GB\"},{\"@type\":\"Organization\",\"@id\":\"https:\\\/\\\/frandl-sports.com\\\/#organization\",\"name\":\"Frandl Sports\",\"url\":\"https:\\\/\\\/frandl-sports.com\\\/\",\"logo\":{\"@type\":\"ImageObject\",\"inLanguage\":\"en-GB\",\"@id\":\"https:\\\/\\\/frandl-sports.com\\\/#\\\/schema\\\/logo\\\/image\\\/\",\"url\":\"https:\\\/\\\/frandl-sports.com\\\/wp-content\\\/uploads\\\/2026\\\/03\\\/Favicon_1.png\",\"contentUrl\":\"https:\\\/\\\/frandl-sports.com\\\/wp-content\\\/uploads\\\/2026\\\/03\\\/Favicon_1.png\",\"width\":500,\"height\":500,\"caption\":\"Frandl Sports\"},\"image\":{\"@id\":\"https:\\\/\\\/frandl-sports.com\\\/#\\\/schema\\\/logo\\\/image\\\/\"}}]}<\/script>\n<!-- \/ Yoast SEO plugin. -->","yoast_head_json":{"title":"HERO WORLD CUP ZA - M.GREY - Frandl Sports","robots":{"index":"index","follow":"follow","max-snippet":"max-snippet:-1","max-image-preview":"max-image-preview:large","max-video-preview":"max-video-preview:-1"},"canonical":"https:\/\/frandl-sports.com\/en\/product\/hero-world-cup-za-m-grey\/","og_locale":"en_GB","og_type":"article","og_title":"HERO WORLD CUP ZA - M.GREY - Frandl Sports","og_description":"Wettkampferprobte Power. Der Hero World Cup ZA ist ein auf H\u00f6chstleistung ausgelegter Schuh in Topqualit\u00e4t f\u00fcr ambitionierte Rennl\u00e4ufer. Die noch anzupassende Rennschuhschale hat einen 92mm Leisten und einen mittelharten Rennflex. Extra dicke W\u00e4nden und eine Rennscharnier-Konstruktion sorgen f\u00fcr die effizienteste Kraft\u00fcbertragung im Skisport. Das Modell mit einem neutralen, aufrechten Stand ist besonders schmal und auf [&hellip;]","og_url":"https:\/\/frandl-sports.com\/en\/product\/hero-world-cup-za-m-grey\/","og_site_name":"Frandl Sports","article_modified_time":"2026-04-20T11:57:08+00:00","og_image":[{"width":800,"height":800,"url":"https:\/\/frandl-sports.com\/wp-content\/uploads\/2022\/09\/1-10.gif","type":"image\/gif"}],"twitter_card":"summary_large_image","schema":{"@context":"https:\/\/schema.org","@graph":[{"@type":"WebPage","@id":"https:\/\/frandl-sports.com\/produkt\/hero-world-cup-za-m-grey\/","url":"https:\/\/frandl-sports.com\/produkt\/hero-world-cup-za-m-grey\/","name":"HERO WORLD CUP ZA - M.GREY - Frandl Sports","isPartOf":{"@id":"https:\/\/frandl-sports.com\/#website"},"primaryImageOfPage":{"@id":"https:\/\/frandl-sports.com\/produkt\/hero-world-cup-za-m-grey\/#primaryimage"},"image":{"@id":"https:\/\/frandl-sports.com\/produkt\/hero-world-cup-za-m-grey\/#primaryimage"},"thumbnailUrl":"https:\/\/frandl-sports.com\/wp-content\/uploads\/2022\/09\/1-10.gif","datePublished":"2022-09-27T11:20:50+00:00","dateModified":"2026-04-20T11:57:08+00:00","breadcrumb":{"@id":"https:\/\/frandl-sports.com\/produkt\/hero-world-cup-za-m-grey\/#breadcrumb"},"inLanguage":"en-GB","potentialAction":[{"@type":"ReadAction","target":["https:\/\/frandl-sports.com\/produkt\/hero-world-cup-za-m-grey\/"]}]},{"@type":"ImageObject","inLanguage":"en-GB","@id":"https:\/\/frandl-sports.com\/produkt\/hero-world-cup-za-m-grey\/#primaryimage","url":"https:\/\/frandl-sports.com\/wp-content\/uploads\/2022\/09\/1-10.gif","contentUrl":"https:\/\/frandl-sports.com\/wp-content\/uploads\/2022\/09\/1-10.gif","width":800,"height":800},{"@type":"BreadcrumbList","@id":"https:\/\/frandl-sports.com\/produkt\/hero-world-cup-za-m-grey\/#breadcrumb","itemListElement":[{"@type":"ListItem","position":1,"name":"Startseite","item":"https:\/\/frandl-sports.com\/"},{"@type":"ListItem","position":2,"name":"Shop","item":"https:\/\/frandl-sports.com\/shop\/"},{"@type":"ListItem","position":3,"name":"HERO WORLD CUP ZA &#8211; M.GREY"}]},{"@type":"WebSite","@id":"https:\/\/frandl-sports.com\/#website","url":"https:\/\/frandl-sports.com\/","name":"Frandl Sports","description":"FRANDL SPORTS is the competent all-round supplier for professional companies in the winter sports sector","publisher":{"@id":"https:\/\/frandl-sports.com\/#organization"},"potentialAction":[{"@type":"SearchAction","target":{"@type":"EntryPoint","urlTemplate":"https:\/\/frandl-sports.com\/?s={search_term_string}"},"query-input":{"@type":"PropertyValueSpecification","valueRequired":true,"valueName":"search_term_string"}}],"inLanguage":"en-GB"},{"@type":"Organization","@id":"https:\/\/frandl-sports.com\/#organization","name":"Frandl Sports","url":"https:\/\/frandl-sports.com\/","logo":{"@type":"ImageObject","inLanguage":"en-GB","@id":"https:\/\/frandl-sports.com\/#\/schema\/logo\/image\/","url":"https:\/\/frandl-sports.com\/wp-content\/uploads\/2026\/03\/Favicon_1.png","contentUrl":"https:\/\/frandl-sports.com\/wp-content\/uploads\/2026\/03\/Favicon_1.png","width":500,"height":500,"caption":"Frandl Sports"},"image":{"@id":"https:\/\/frandl-sports.com\/#\/schema\/logo\/image\/"}}]}},"brands":[{"id":702,"name":"Rossignol","slug":"rossignol"}],"_links":{"self":[{"href":"https:\/\/frandl-sports.com\/en\/wp-json\/wp\/v2\/product\/33705","targetHints":{"allow":["GET"]}}],"collection":[{"href":"https:\/\/frandl-sports.com\/en\/wp-json\/wp\/v2\/product"}],"about":[{"href":"https:\/\/frandl-sports.com\/en\/wp-json\/wp\/v2\/types\/product"}],"replies":[{"embeddable":true,"href":"https:\/\/frandl-sports.com\/en\/wp-json\/wp\/v2\/comments?post=33705"}],"wp:featuredmedia":[{"embeddable":true,"href":"https:\/\/frandl-sports.com\/en\/wp-json\/wp\/v2\/media\/37275"}],"wp:attachment":[{"href":"https:\/\/frandl-sports.com\/en\/wp-json\/wp\/v2\/media?parent=33705"}],"wp:term":[{"taxonomy":"pwb-brand","embeddable":true,"href":"https:\/\/frandl-sports.com\/en\/wp-json\/wp\/v2\/pwb-brand?post=33705"},{"taxonomy":"product_brand","embeddable":true,"href":"https:\/\/frandl-sports.com\/en\/wp-json\/wp\/v2\/product_brand?post=33705"},{"taxonomy":"product_cat","embeddable":true,"href":"https:\/\/frandl-sports.com\/en\/wp-json\/wp\/v2\/product_cat?post=33705"},{"taxonomy":"product_tag","embeddable":true,"href":"https:\/\/frandl-sports.com\/en\/wp-json\/wp\/v2\/product_tag?post=33705"}],"curies":[{"name":"wp","href":"https:\/\/api.w.org\/{rel}","templated":true}]}}