{"id":3380,"date":"2015-11-08T21:51:57","date_gmt":"2015-11-08T20:51:57","guid":{"rendered":"https:\/\/frandl-sports.com\/?post_type=product&#038;p=3380"},"modified":"2026-03-19T15:35:05","modified_gmt":"2026-03-19T14:35:05","slug":"snowglide-sanding-unit","status":"publish","type":"product","link":"https:\/\/frandl-sports.com\/en\/produkt\/snowglide-schleifgerat\/","title":{"rendered":"Snowglide AF-C sander"},"content":{"rendered":"<p>AF.C for side scantling files<br \/>\n(86\u00b0 - 90\u00b0 whole angle) included<br \/>\n1 x grinding disc B46<br \/>\n1x mains connection unit<br \/>\n1x carrying bag for AF-C<\/p>","protected":false},"excerpt":{"rendered":"<p>AF.C zum Seitenkantelfeilen (86\u00b0 &#8211; 90\u00b0 ganze Winkel) inklusive 1 x Schleifscheibe B46 1x Netzanschlu\u00dfger\u00e4t 1x Tragetasche f\u00fcr AF-C<\/p>","protected":false},"featured_media":38636,"comment_status":"open","ping_status":"closed","template":"","meta":[],"pwb-brand":[706],"product_brand":[431],"product_cat":[1031,327],"product_tag":[],"class_list":{"0":"post-3380","1":"product","2":"type-product","3":"status-publish","4":"has-post-thumbnail","6":"pwb-brand-snowglide","7":"product_brand-snowglide","8":"product_cat-handschleifgeraete-7","9":"product_cat-snowglide-skischleifgerat","10":"product_shipping_class-5kg","12":"first","13":"instock","14":"taxable","15":"shipping-taxable","16":"purchasable","17":"product-type-simple"},"yoast_head":"<!-- This site is optimized with the Yoast SEO plugin v27.6 - https:\/\/yoast.com\/product\/yoast-seo-wordpress\/ -->\n<title>Snowglide Schleifger\u00e4t AF-C - Frandl Sports<\/title>\n<meta name=\"robots\" content=\"index, follow, max-snippet:-1, max-image-preview:large, max-video-preview:-1\" \/>\n<link rel=\"canonical\" href=\"https:\/\/frandl-sports.com\/en\/product\/snowglide-sanding-unit\/\" \/>\n<meta property=\"og:locale\" content=\"en_GB\" \/>\n<meta property=\"og:type\" content=\"article\" \/>\n<meta property=\"og:title\" content=\"Snowglide Schleifger\u00e4t AF-C - Frandl Sports\" \/>\n<meta property=\"og:description\" content=\"AF.C zum Seitenkantelfeilen (86\u00b0 &#8211; 90\u00b0 ganze Winkel) inklusive 1 x Schleifscheibe B46 1x Netzanschlu\u00dfger\u00e4t 1x Tragetasche f\u00fcr AF-C\" \/>\n<meta property=\"og:url\" content=\"https:\/\/frandl-sports.com\/en\/product\/snowglide-sanding-unit\/\" \/>\n<meta property=\"og:site_name\" content=\"Frandl Sports\" \/>\n<meta property=\"article:modified_time\" content=\"2026-03-19T14:35:05+00:00\" \/>\n<meta property=\"og:image\" content=\"https:\/\/frandl-sports.com\/wp-content\/uploads\/2015\/11\/img_product_af-c1-450x476-1.jpg\" \/>\n\t<meta property=\"og:image:width\" content=\"450\" \/>\n\t<meta property=\"og:image:height\" content=\"476\" \/>\n\t<meta property=\"og:image:type\" content=\"image\/jpeg\" \/>\n<meta name=\"twitter:card\" content=\"summary_large_image\" \/>\n<meta name=\"twitter:label1\" content=\"Estimated reading time\" \/>\n\t<meta name=\"twitter:data1\" content=\"1 minute\" \/>\n<script type=\"application\/ld+json\" class=\"yoast-schema-graph\">{\"@context\":\"https:\\\/\\\/schema.org\",\"@graph\":[{\"@type\":\"WebPage\",\"@id\":\"https:\\\/\\\/frandl-sports.com\\\/produkt\\\/snowglide-schleifgerat\\\/\",\"url\":\"https:\\\/\\\/frandl-sports.com\\\/produkt\\\/snowglide-schleifgerat\\\/\",\"name\":\"Snowglide Schleifger\u00e4t AF-C - Frandl Sports\",\"isPartOf\":{\"@id\":\"https:\\\/\\\/frandl-sports.com\\\/#website\"},\"primaryImageOfPage\":{\"@id\":\"https:\\\/\\\/frandl-sports.com\\\/produkt\\\/snowglide-schleifgerat\\\/#primaryimage\"},\"image\":{\"@id\":\"https:\\\/\\\/frandl-sports.com\\\/produkt\\\/snowglide-schleifgerat\\\/#primaryimage\"},\"thumbnailUrl\":\"https:\\\/\\\/frandl-sports.com\\\/wp-content\\\/uploads\\\/2015\\\/11\\\/img_product_af-c1-450x476-1.jpg\",\"datePublished\":\"2015-11-08T20:51:57+00:00\",\"dateModified\":\"2026-03-19T14:35:05+00:00\",\"breadcrumb\":{\"@id\":\"https:\\\/\\\/frandl-sports.com\\\/produkt\\\/snowglide-schleifgerat\\\/#breadcrumb\"},\"inLanguage\":\"en-GB\",\"potentialAction\":[{\"@type\":\"ReadAction\",\"target\":[\"https:\\\/\\\/frandl-sports.com\\\/produkt\\\/snowglide-schleifgerat\\\/\"]}]},{\"@type\":\"ImageObject\",\"inLanguage\":\"en-GB\",\"@id\":\"https:\\\/\\\/frandl-sports.com\\\/produkt\\\/snowglide-schleifgerat\\\/#primaryimage\",\"url\":\"https:\\\/\\\/frandl-sports.com\\\/wp-content\\\/uploads\\\/2015\\\/11\\\/img_product_af-c1-450x476-1.jpg\",\"contentUrl\":\"https:\\\/\\\/frandl-sports.com\\\/wp-content\\\/uploads\\\/2015\\\/11\\\/img_product_af-c1-450x476-1.jpg\",\"width\":450,\"height\":476},{\"@type\":\"BreadcrumbList\",\"@id\":\"https:\\\/\\\/frandl-sports.com\\\/produkt\\\/snowglide-schleifgerat\\\/#breadcrumb\",\"itemListElement\":[{\"@type\":\"ListItem\",\"position\":1,\"name\":\"Startseite\",\"item\":\"https:\\\/\\\/frandl-sports.com\\\/\"},{\"@type\":\"ListItem\",\"position\":2,\"name\":\"Shop\",\"item\":\"https:\\\/\\\/frandl-sports.com\\\/shop\\\/\"},{\"@type\":\"ListItem\",\"position\":3,\"name\":\"Snowglide Schleifger\u00e4t AF-C\"}]},{\"@type\":\"WebSite\",\"@id\":\"https:\\\/\\\/frandl-sports.com\\\/#website\",\"url\":\"https:\\\/\\\/frandl-sports.com\\\/\",\"name\":\"Frandl Sports\",\"description\":\"FRANDL SPORTS ist der kompetente Gesamtausstatter f\u00fcr professionelle Unternehmen im Bereich Wintersport\",\"publisher\":{\"@id\":\"https:\\\/\\\/frandl-sports.com\\\/#organization\"},\"potentialAction\":[{\"@type\":\"SearchAction\",\"target\":{\"@type\":\"EntryPoint\",\"urlTemplate\":\"https:\\\/\\\/frandl-sports.com\\\/?s={search_term_string}\"},\"query-input\":{\"@type\":\"PropertyValueSpecification\",\"valueRequired\":true,\"valueName\":\"search_term_string\"}}],\"inLanguage\":\"en-GB\"},{\"@type\":\"Organization\",\"@id\":\"https:\\\/\\\/frandl-sports.com\\\/#organization\",\"name\":\"Frandl Sports\",\"url\":\"https:\\\/\\\/frandl-sports.com\\\/\",\"logo\":{\"@type\":\"ImageObject\",\"inLanguage\":\"en-GB\",\"@id\":\"https:\\\/\\\/frandl-sports.com\\\/#\\\/schema\\\/logo\\\/image\\\/\",\"url\":\"https:\\\/\\\/frandl-sports.com\\\/wp-content\\\/uploads\\\/2026\\\/03\\\/Favicon_1.png\",\"contentUrl\":\"https:\\\/\\\/frandl-sports.com\\\/wp-content\\\/uploads\\\/2026\\\/03\\\/Favicon_1.png\",\"width\":500,\"height\":500,\"caption\":\"Frandl Sports\"},\"image\":{\"@id\":\"https:\\\/\\\/frandl-sports.com\\\/#\\\/schema\\\/logo\\\/image\\\/\"}}]}<\/script>\n<!-- \/ Yoast SEO plugin. -->","yoast_head_json":{"title":"Snowglide sander AF-C - Frandl Sports","robots":{"index":"index","follow":"follow","max-snippet":"max-snippet:-1","max-image-preview":"max-image-preview:large","max-video-preview":"max-video-preview:-1"},"canonical":"https:\/\/frandl-sports.com\/en\/product\/snowglide-sanding-unit\/","og_locale":"en_GB","og_type":"article","og_title":"Snowglide Schleifger\u00e4t AF-C - Frandl Sports","og_description":"AF.C zum Seitenkantelfeilen (86\u00b0 &#8211; 90\u00b0 ganze Winkel) inklusive 1 x Schleifscheibe B46 1x Netzanschlu\u00dfger\u00e4t 1x Tragetasche f\u00fcr AF-C","og_url":"https:\/\/frandl-sports.com\/en\/product\/snowglide-sanding-unit\/","og_site_name":"Frandl Sports","article_modified_time":"2026-03-19T14:35:05+00:00","og_image":[{"width":450,"height":476,"url":"https:\/\/frandl-sports.com\/wp-content\/uploads\/2015\/11\/img_product_af-c1-450x476-1.jpg","type":"image\/jpeg"}],"twitter_card":"summary_large_image","twitter_misc":{"Estimated reading time":"1 minute"},"schema":{"@context":"https:\/\/schema.org","@graph":[{"@type":"WebPage","@id":"https:\/\/frandl-sports.com\/produkt\/snowglide-schleifgerat\/","url":"https:\/\/frandl-sports.com\/produkt\/snowglide-schleifgerat\/","name":"Snowglide sander AF-C - Frandl Sports","isPartOf":{"@id":"https:\/\/frandl-sports.com\/#website"},"primaryImageOfPage":{"@id":"https:\/\/frandl-sports.com\/produkt\/snowglide-schleifgerat\/#primaryimage"},"image":{"@id":"https:\/\/frandl-sports.com\/produkt\/snowglide-schleifgerat\/#primaryimage"},"thumbnailUrl":"https:\/\/frandl-sports.com\/wp-content\/uploads\/2015\/11\/img_product_af-c1-450x476-1.jpg","datePublished":"2015-11-08T20:51:57+00:00","dateModified":"2026-03-19T14:35:05+00:00","breadcrumb":{"@id":"https:\/\/frandl-sports.com\/produkt\/snowglide-schleifgerat\/#breadcrumb"},"inLanguage":"en-GB","potentialAction":[{"@type":"ReadAction","target":["https:\/\/frandl-sports.com\/produkt\/snowglide-schleifgerat\/"]}]},{"@type":"ImageObject","inLanguage":"en-GB","@id":"https:\/\/frandl-sports.com\/produkt\/snowglide-schleifgerat\/#primaryimage","url":"https:\/\/frandl-sports.com\/wp-content\/uploads\/2015\/11\/img_product_af-c1-450x476-1.jpg","contentUrl":"https:\/\/frandl-sports.com\/wp-content\/uploads\/2015\/11\/img_product_af-c1-450x476-1.jpg","width":450,"height":476},{"@type":"BreadcrumbList","@id":"https:\/\/frandl-sports.com\/produkt\/snowglide-schleifgerat\/#breadcrumb","itemListElement":[{"@type":"ListItem","position":1,"name":"Startseite","item":"https:\/\/frandl-sports.com\/"},{"@type":"ListItem","position":2,"name":"Shop","item":"https:\/\/frandl-sports.com\/shop\/"},{"@type":"ListItem","position":3,"name":"Snowglide Schleifger\u00e4t AF-C"}]},{"@type":"WebSite","@id":"https:\/\/frandl-sports.com\/#website","url":"https:\/\/frandl-sports.com\/","name":"Frandl Sports","description":"FRANDL SPORTS is the competent all-round supplier for professional companies in the winter sports sector","publisher":{"@id":"https:\/\/frandl-sports.com\/#organization"},"potentialAction":[{"@type":"SearchAction","target":{"@type":"EntryPoint","urlTemplate":"https:\/\/frandl-sports.com\/?s={search_term_string}"},"query-input":{"@type":"PropertyValueSpecification","valueRequired":true,"valueName":"search_term_string"}}],"inLanguage":"en-GB"},{"@type":"Organization","@id":"https:\/\/frandl-sports.com\/#organization","name":"Frandl Sports","url":"https:\/\/frandl-sports.com\/","logo":{"@type":"ImageObject","inLanguage":"en-GB","@id":"https:\/\/frandl-sports.com\/#\/schema\/logo\/image\/","url":"https:\/\/frandl-sports.com\/wp-content\/uploads\/2026\/03\/Favicon_1.png","contentUrl":"https:\/\/frandl-sports.com\/wp-content\/uploads\/2026\/03\/Favicon_1.png","width":500,"height":500,"caption":"Frandl Sports"},"image":{"@id":"https:\/\/frandl-sports.com\/#\/schema\/logo\/image\/"}}]}},"brands":[{"id":706,"name":"Snowglide","slug":"snowglide"}],"_links":{"self":[{"href":"https:\/\/frandl-sports.com\/en\/wp-json\/wp\/v2\/product\/3380","targetHints":{"allow":["GET"]}}],"collection":[{"href":"https:\/\/frandl-sports.com\/en\/wp-json\/wp\/v2\/product"}],"about":[{"href":"https:\/\/frandl-sports.com\/en\/wp-json\/wp\/v2\/types\/product"}],"replies":[{"embeddable":true,"href":"https:\/\/frandl-sports.com\/en\/wp-json\/wp\/v2\/comments?post=3380"}],"wp:featuredmedia":[{"embeddable":true,"href":"https:\/\/frandl-sports.com\/en\/wp-json\/wp\/v2\/media\/38636"}],"wp:attachment":[{"href":"https:\/\/frandl-sports.com\/en\/wp-json\/wp\/v2\/media?parent=3380"}],"wp:term":[{"taxonomy":"pwb-brand","embeddable":true,"href":"https:\/\/frandl-sports.com\/en\/wp-json\/wp\/v2\/pwb-brand?post=3380"},{"taxonomy":"product_brand","embeddable":true,"href":"https:\/\/frandl-sports.com\/en\/wp-json\/wp\/v2\/product_brand?post=3380"},{"taxonomy":"product_cat","embeddable":true,"href":"https:\/\/frandl-sports.com\/en\/wp-json\/wp\/v2\/product_cat?post=3380"},{"taxonomy":"product_tag","embeddable":true,"href":"https:\/\/frandl-sports.com\/en\/wp-json\/wp\/v2\/product_tag?post=3380"}],"curies":[{"name":"wp","href":"https:\/\/api.w.org\/{rel}","templated":true}]}}