{"id":34501,"date":"2022-10-03T18:50:41","date_gmt":"2022-10-03T16:50:41","guid":{"rendered":"https:\/\/frandl-sports.com\/?post_type=product&#038;p=34501"},"modified":"2025-11-06T14:58:15","modified_gmt":"2025-11-06T13:58:15","slug":"snoli-world-cup-ski-clamp","status":"publish","type":"product","link":"https:\/\/frandl-sports.com\/en\/produkt\/snoli-world-cup-skispanner\/","title":{"rendered":"SNOLI World Cup ski clamps"},"content":{"rendered":"<p>SNOLI World Cup ski clamps<\/p>\n<p>    Jaw width 90 mm<br \/>\n    Jaw opening up to 100 mm<br \/>\n    High-strength aluminium body<br \/>\n    For tuning all ski types and shapes<br \/>\n    Including 2 rubber stoppers<br \/>\n    Easy work positon 60\u00b0<\/p>\n<p>Sturdy ski clamp made of solid aluminium, height-adjustable supports for optimum fixation of alpine skis, also upright for side edge processing, 90 mm extra wide clamping jaws, opening 28-100 mm, easy work positon 60\u00b0<\/p>","protected":false},"excerpt":{"rendered":"<p>SNOLI World Cup ski clamp Jaw width 90 mm Jaw opening up to 100 mm High-strength aluminium body For tuning all ski types and shapes Includes 2 rubber stoppers Easy work positon 60\u00b0 Sturdy ski clamp made of solid aluminium, height-adjustable supports for optimum fixing of alpine skis, also upright for side edge processing, 90 mm extra wide clamping jaws, opening 28-100 mm, Easy work positon 60\u00b0<\/p>","protected":false},"featured_media":34502,"comment_status":"open","ping_status":"closed","template":"","meta":[],"pwb-brand":[705],"product_brand":[],"product_cat":[1012,167],"product_tag":[],"class_list":{"0":"post-34501","1":"product","2":"type-product","3":"status-publish","4":"has-post-thumbnail","6":"pwb-brand-snoli","7":"product_cat-skispanner","8":"product_cat-wachstische-skispanner","9":"product_shipping_class-2kg","11":"first","12":"instock","13":"sale","14":"taxable","15":"shipping-taxable","16":"purchasable","17":"product-type-simple"},"yoast_head":"<!-- This site is optimized with the Yoast SEO plugin v27.6 - https:\/\/yoast.com\/product\/yoast-seo-wordpress\/ -->\n<title>SNOLI World Cup Skispanner - Frandl Sports<\/title>\n<meta name=\"robots\" content=\"index, follow, max-snippet:-1, max-image-preview:large, max-video-preview:-1\" \/>\n<link rel=\"canonical\" href=\"https:\/\/frandl-sports.com\/en\/product\/snoli-world-cup-ski-clamp\/\" \/>\n<meta property=\"og:locale\" content=\"en_GB\" \/>\n<meta property=\"og:type\" content=\"article\" \/>\n<meta property=\"og:title\" content=\"SNOLI World Cup Skispanner - Frandl Sports\" \/>\n<meta property=\"og:description\" content=\"SNOLI World Cup Skispanner Backenbreite 90 mm Backen\u00f6ffnung bis zu 100 mm Hochfester Aluminiumk\u00f6rper F\u00fcr das Tuning aller Skitypen und -formen Inklusive 2 Stoppergummi Easy work positon 60\u00b0 Stabiler Skispanner aus festem Aluminium, h\u00f6henverstellbare Auflagen zur optimalen Fixierung von Alpinski, auch hochkant zur Seitenkantenbearbeitung, 90 mm extra breite Klemmbacken, \u00d6ffnung 28-100mm, Easy work positon 60\u00b0\" \/>\n<meta property=\"og:url\" content=\"https:\/\/frandl-sports.com\/en\/product\/snoli-world-cup-ski-clamp\/\" \/>\n<meta property=\"og:site_name\" content=\"Frandl Sports\" \/>\n<meta property=\"article:modified_time\" content=\"2025-11-06T13:58:15+00:00\" \/>\n<meta property=\"og:image\" content=\"https:\/\/frandl-sports.com\/wp-content\/uploads\/2022\/10\/1110-SM.jpg\" \/>\n\t<meta property=\"og:image:width\" content=\"800\" \/>\n\t<meta property=\"og:image:height\" content=\"800\" \/>\n\t<meta property=\"og:image:type\" content=\"image\/jpeg\" \/>\n<meta name=\"twitter:card\" content=\"summary_large_image\" \/>\n<meta name=\"twitter:label1\" content=\"Estimated reading time\" \/>\n\t<meta name=\"twitter:data1\" content=\"1 minute\" \/>\n<script type=\"application\/ld+json\" class=\"yoast-schema-graph\">{\"@context\":\"https:\\\/\\\/schema.org\",\"@graph\":[{\"@type\":\"WebPage\",\"@id\":\"https:\\\/\\\/frandl-sports.com\\\/produkt\\\/snoli-world-cup-skispanner\\\/\",\"url\":\"https:\\\/\\\/frandl-sports.com\\\/produkt\\\/snoli-world-cup-skispanner\\\/\",\"name\":\"SNOLI World Cup Skispanner - Frandl Sports\",\"isPartOf\":{\"@id\":\"https:\\\/\\\/frandl-sports.com\\\/#website\"},\"primaryImageOfPage\":{\"@id\":\"https:\\\/\\\/frandl-sports.com\\\/produkt\\\/snoli-world-cup-skispanner\\\/#primaryimage\"},\"image\":{\"@id\":\"https:\\\/\\\/frandl-sports.com\\\/produkt\\\/snoli-world-cup-skispanner\\\/#primaryimage\"},\"thumbnailUrl\":\"https:\\\/\\\/frandl-sports.com\\\/wp-content\\\/uploads\\\/2022\\\/10\\\/1110-SM.jpg\",\"datePublished\":\"2022-10-03T16:50:41+00:00\",\"dateModified\":\"2025-11-06T13:58:15+00:00\",\"breadcrumb\":{\"@id\":\"https:\\\/\\\/frandl-sports.com\\\/produkt\\\/snoli-world-cup-skispanner\\\/#breadcrumb\"},\"inLanguage\":\"en-GB\",\"potentialAction\":[{\"@type\":\"ReadAction\",\"target\":[\"https:\\\/\\\/frandl-sports.com\\\/produkt\\\/snoli-world-cup-skispanner\\\/\"]}]},{\"@type\":\"ImageObject\",\"inLanguage\":\"en-GB\",\"@id\":\"https:\\\/\\\/frandl-sports.com\\\/produkt\\\/snoli-world-cup-skispanner\\\/#primaryimage\",\"url\":\"https:\\\/\\\/frandl-sports.com\\\/wp-content\\\/uploads\\\/2022\\\/10\\\/1110-SM.jpg\",\"contentUrl\":\"https:\\\/\\\/frandl-sports.com\\\/wp-content\\\/uploads\\\/2022\\\/10\\\/1110-SM.jpg\",\"width\":800,\"height\":800},{\"@type\":\"BreadcrumbList\",\"@id\":\"https:\\\/\\\/frandl-sports.com\\\/produkt\\\/snoli-world-cup-skispanner\\\/#breadcrumb\",\"itemListElement\":[{\"@type\":\"ListItem\",\"position\":1,\"name\":\"Startseite\",\"item\":\"https:\\\/\\\/frandl-sports.com\\\/\"},{\"@type\":\"ListItem\",\"position\":2,\"name\":\"Shop\",\"item\":\"https:\\\/\\\/frandl-sports.com\\\/shop\\\/\"},{\"@type\":\"ListItem\",\"position\":3,\"name\":\"SNOLI World Cup Skispanner\"}]},{\"@type\":\"WebSite\",\"@id\":\"https:\\\/\\\/frandl-sports.com\\\/#website\",\"url\":\"https:\\\/\\\/frandl-sports.com\\\/\",\"name\":\"Frandl Sports\",\"description\":\"FRANDL SPORTS ist der kompetente Gesamtausstatter f\u00fcr professionelle Unternehmen im Bereich Wintersport\",\"publisher\":{\"@id\":\"https:\\\/\\\/frandl-sports.com\\\/#organization\"},\"potentialAction\":[{\"@type\":\"SearchAction\",\"target\":{\"@type\":\"EntryPoint\",\"urlTemplate\":\"https:\\\/\\\/frandl-sports.com\\\/?s={search_term_string}\"},\"query-input\":{\"@type\":\"PropertyValueSpecification\",\"valueRequired\":true,\"valueName\":\"search_term_string\"}}],\"inLanguage\":\"en-GB\"},{\"@type\":\"Organization\",\"@id\":\"https:\\\/\\\/frandl-sports.com\\\/#organization\",\"name\":\"Frandl Sports\",\"url\":\"https:\\\/\\\/frandl-sports.com\\\/\",\"logo\":{\"@type\":\"ImageObject\",\"inLanguage\":\"en-GB\",\"@id\":\"https:\\\/\\\/frandl-sports.com\\\/#\\\/schema\\\/logo\\\/image\\\/\",\"url\":\"https:\\\/\\\/frandl-sports.com\\\/wp-content\\\/uploads\\\/2026\\\/03\\\/Favicon_1.png\",\"contentUrl\":\"https:\\\/\\\/frandl-sports.com\\\/wp-content\\\/uploads\\\/2026\\\/03\\\/Favicon_1.png\",\"width\":500,\"height\":500,\"caption\":\"Frandl Sports\"},\"image\":{\"@id\":\"https:\\\/\\\/frandl-sports.com\\\/#\\\/schema\\\/logo\\\/image\\\/\"}}]}<\/script>\n<!-- \/ Yoast SEO plugin. -->","yoast_head_json":{"title":"SNOLI World Cup ski clamps - Frandl Sports","robots":{"index":"index","follow":"follow","max-snippet":"max-snippet:-1","max-image-preview":"max-image-preview:large","max-video-preview":"max-video-preview:-1"},"canonical":"https:\/\/frandl-sports.com\/en\/product\/snoli-world-cup-ski-clamp\/","og_locale":"en_GB","og_type":"article","og_title":"SNOLI World Cup Skispanner - Frandl Sports","og_description":"SNOLI World Cup Skispanner Backenbreite 90 mm Backen\u00f6ffnung bis zu 100 mm Hochfester Aluminiumk\u00f6rper F\u00fcr das Tuning aller Skitypen und -formen Inklusive 2 Stoppergummi Easy work positon 60\u00b0 Stabiler Skispanner aus festem Aluminium, h\u00f6henverstellbare Auflagen zur optimalen Fixierung von Alpinski, auch hochkant zur Seitenkantenbearbeitung, 90 mm extra breite Klemmbacken, \u00d6ffnung 28-100mm, Easy work positon 60\u00b0","og_url":"https:\/\/frandl-sports.com\/en\/product\/snoli-world-cup-ski-clamp\/","og_site_name":"Frandl Sports","article_modified_time":"2025-11-06T13:58:15+00:00","og_image":[{"width":800,"height":800,"url":"https:\/\/frandl-sports.com\/wp-content\/uploads\/2022\/10\/1110-SM.jpg","type":"image\/jpeg"}],"twitter_card":"summary_large_image","twitter_misc":{"Estimated reading time":"1 minute"},"schema":{"@context":"https:\/\/schema.org","@graph":[{"@type":"WebPage","@id":"https:\/\/frandl-sports.com\/produkt\/snoli-world-cup-skispanner\/","url":"https:\/\/frandl-sports.com\/produkt\/snoli-world-cup-skispanner\/","name":"SNOLI World Cup ski clamps - Frandl Sports","isPartOf":{"@id":"https:\/\/frandl-sports.com\/#website"},"primaryImageOfPage":{"@id":"https:\/\/frandl-sports.com\/produkt\/snoli-world-cup-skispanner\/#primaryimage"},"image":{"@id":"https:\/\/frandl-sports.com\/produkt\/snoli-world-cup-skispanner\/#primaryimage"},"thumbnailUrl":"https:\/\/frandl-sports.com\/wp-content\/uploads\/2022\/10\/1110-SM.jpg","datePublished":"2022-10-03T16:50:41+00:00","dateModified":"2025-11-06T13:58:15+00:00","breadcrumb":{"@id":"https:\/\/frandl-sports.com\/produkt\/snoli-world-cup-skispanner\/#breadcrumb"},"inLanguage":"en-GB","potentialAction":[{"@type":"ReadAction","target":["https:\/\/frandl-sports.com\/produkt\/snoli-world-cup-skispanner\/"]}]},{"@type":"ImageObject","inLanguage":"en-GB","@id":"https:\/\/frandl-sports.com\/produkt\/snoli-world-cup-skispanner\/#primaryimage","url":"https:\/\/frandl-sports.com\/wp-content\/uploads\/2022\/10\/1110-SM.jpg","contentUrl":"https:\/\/frandl-sports.com\/wp-content\/uploads\/2022\/10\/1110-SM.jpg","width":800,"height":800},{"@type":"BreadcrumbList","@id":"https:\/\/frandl-sports.com\/produkt\/snoli-world-cup-skispanner\/#breadcrumb","itemListElement":[{"@type":"ListItem","position":1,"name":"Startseite","item":"https:\/\/frandl-sports.com\/"},{"@type":"ListItem","position":2,"name":"Shop","item":"https:\/\/frandl-sports.com\/shop\/"},{"@type":"ListItem","position":3,"name":"SNOLI World Cup Skispanner"}]},{"@type":"WebSite","@id":"https:\/\/frandl-sports.com\/#website","url":"https:\/\/frandl-sports.com\/","name":"Frandl Sports","description":"FRANDL SPORTS is the competent all-round supplier for professional companies in the winter sports sector","publisher":{"@id":"https:\/\/frandl-sports.com\/#organization"},"potentialAction":[{"@type":"SearchAction","target":{"@type":"EntryPoint","urlTemplate":"https:\/\/frandl-sports.com\/?s={search_term_string}"},"query-input":{"@type":"PropertyValueSpecification","valueRequired":true,"valueName":"search_term_string"}}],"inLanguage":"en-GB"},{"@type":"Organization","@id":"https:\/\/frandl-sports.com\/#organization","name":"Frandl Sports","url":"https:\/\/frandl-sports.com\/","logo":{"@type":"ImageObject","inLanguage":"en-GB","@id":"https:\/\/frandl-sports.com\/#\/schema\/logo\/image\/","url":"https:\/\/frandl-sports.com\/wp-content\/uploads\/2026\/03\/Favicon_1.png","contentUrl":"https:\/\/frandl-sports.com\/wp-content\/uploads\/2026\/03\/Favicon_1.png","width":500,"height":500,"caption":"Frandl Sports"},"image":{"@id":"https:\/\/frandl-sports.com\/#\/schema\/logo\/image\/"}}]}},"brands":[{"id":705,"name":"Snoli","slug":"snoli"}],"_links":{"self":[{"href":"https:\/\/frandl-sports.com\/en\/wp-json\/wp\/v2\/product\/34501","targetHints":{"allow":["GET"]}}],"collection":[{"href":"https:\/\/frandl-sports.com\/en\/wp-json\/wp\/v2\/product"}],"about":[{"href":"https:\/\/frandl-sports.com\/en\/wp-json\/wp\/v2\/types\/product"}],"replies":[{"embeddable":true,"href":"https:\/\/frandl-sports.com\/en\/wp-json\/wp\/v2\/comments?post=34501"}],"wp:featuredmedia":[{"embeddable":true,"href":"https:\/\/frandl-sports.com\/en\/wp-json\/wp\/v2\/media\/34502"}],"wp:attachment":[{"href":"https:\/\/frandl-sports.com\/en\/wp-json\/wp\/v2\/media?parent=34501"}],"wp:term":[{"taxonomy":"pwb-brand","embeddable":true,"href":"https:\/\/frandl-sports.com\/en\/wp-json\/wp\/v2\/pwb-brand?post=34501"},{"taxonomy":"product_brand","embeddable":true,"href":"https:\/\/frandl-sports.com\/en\/wp-json\/wp\/v2\/product_brand?post=34501"},{"taxonomy":"product_cat","embeddable":true,"href":"https:\/\/frandl-sports.com\/en\/wp-json\/wp\/v2\/product_cat?post=34501"},{"taxonomy":"product_tag","embeddable":true,"href":"https:\/\/frandl-sports.com\/en\/wp-json\/wp\/v2\/product_tag?post=34501"}],"curies":[{"name":"wp","href":"https:\/\/api.w.org\/{rel}","templated":true}]}}