{"id":34653,"date":"2022-10-12T14:56:30","date_gmt":"2022-10-12T12:56:30","guid":{"rendered":"https:\/\/frandl-sports.com\/?post_type=product&#038;p=34653"},"modified":"2026-03-12T13:05:19","modified_gmt":"2026-03-12T12:05:19","slug":"alphamix-wc-yellow-1x150-g","status":"publish","type":"product","link":"https:\/\/frandl-sports.com\/en\/produkt\/alphamix-wc-yellow-1x150-g\/","title":{"rendered":"Alphamix WC yellow 1\u00d7150 g"},"content":{"rendered":"<p>High-quality base and training wax based on hydrocarbon. | For soft, new and fine-grained snow | For snow temperatures from 0\u00b0 to -4\u00b0 C | Easy to use - no mixing necessary! | Impresses with its extreme abrasion resistance | Ironing temperature 115 ~125 \u00b0C<\/p>","protected":false},"excerpt":{"rendered":"<p>High-quality base and training wax based on hydrocarbon. | For soft, new and fine-grained snow | For snow temperatures from 0\u00b0 to -4\u00b0 C | Easy to use - no mixing necessary! | Impresses with its extreme abrasion resistance | Ironing temperature 115 ~125 \u00b0C<\/p>","protected":false},"featured_media":34654,"comment_status":"open","ping_status":"closed","template":"","meta":[],"pwb-brand":[950],"product_brand":[],"product_cat":[1016,235,1018],"product_tag":[],"class_list":{"0":"post-34653","1":"product","2":"type-product","3":"status-publish","4":"has-post-thumbnail","6":"pwb-brand-holmenkol","7":"product_cat-holmenkol","8":"product_cat-skiwachs-tuning","9":"product_cat-trainings-grundwachse","10":"product_shipping_class-2kg","12":"first","13":"instock","14":"sale","15":"taxable","16":"shipping-taxable","17":"purchasable","18":"product-type-simple"},"yoast_head":"<!-- This site is optimized with the Yoast SEO plugin v27.6 - https:\/\/yoast.com\/product\/yoast-seo-wordpress\/ -->\n<title>Alphamix WC yellow 1x150 g - Frandl Sports<\/title>\n<meta name=\"robots\" content=\"index, follow, max-snippet:-1, max-image-preview:large, max-video-preview:-1\" \/>\n<link rel=\"canonical\" href=\"https:\/\/frandl-sports.com\/en\/product\/alphamix-wc-yellow-1x150-g\/\" \/>\n<meta property=\"og:locale\" content=\"en_GB\" \/>\n<meta property=\"og:type\" content=\"article\" \/>\n<meta property=\"og:title\" content=\"Alphamix WC yellow 1x150 g - Frandl Sports\" \/>\n<meta property=\"og:description\" content=\"Hochwertigstes Basis- Grund- und Trainingswachs auf Hydrocarbonbasis. | F\u00fcr weichen, neuen und feink\u00f6rnigen Schnee | F\u00fcr Schneetemperaturen von 0\u00b0 bis -4\u00b0 C | Einfache Anwendung keine Mischung notwendig! | Besticht durch seine extreme Abriebfestigkeit | B\u00fcgeltemperatur 115 ~125 \u00b0C\" \/>\n<meta property=\"og:url\" content=\"https:\/\/frandl-sports.com\/en\/product\/alphamix-wc-yellow-1x150-g\/\" \/>\n<meta property=\"og:site_name\" content=\"Frandl Sports\" \/>\n<meta property=\"article:modified_time\" content=\"2026-03-12T12:05:19+00:00\" \/>\n<meta property=\"og:image\" content=\"https:\/\/frandl-sports.com\/wp-content\/uploads\/2022\/10\/24101.jpg\" \/>\n\t<meta property=\"og:image:width\" content=\"1165\" \/>\n\t<meta property=\"og:image:height\" content=\"1165\" \/>\n\t<meta property=\"og:image:type\" content=\"image\/jpeg\" \/>\n<meta name=\"twitter:card\" content=\"summary_large_image\" \/>\n<meta name=\"twitter:label1\" content=\"Estimated reading time\" \/>\n\t<meta name=\"twitter:data1\" content=\"1 minute\" \/>\n<script type=\"application\/ld+json\" class=\"yoast-schema-graph\">{\"@context\":\"https:\\\/\\\/schema.org\",\"@graph\":[{\"@type\":\"WebPage\",\"@id\":\"https:\\\/\\\/frandl-sports.com\\\/produkt\\\/alphamix-wc-yellow-1x150-g\\\/\",\"url\":\"https:\\\/\\\/frandl-sports.com\\\/produkt\\\/alphamix-wc-yellow-1x150-g\\\/\",\"name\":\"Alphamix WC yellow 1x150 g - Frandl Sports\",\"isPartOf\":{\"@id\":\"https:\\\/\\\/frandl-sports.com\\\/#website\"},\"primaryImageOfPage\":{\"@id\":\"https:\\\/\\\/frandl-sports.com\\\/produkt\\\/alphamix-wc-yellow-1x150-g\\\/#primaryimage\"},\"image\":{\"@id\":\"https:\\\/\\\/frandl-sports.com\\\/produkt\\\/alphamix-wc-yellow-1x150-g\\\/#primaryimage\"},\"thumbnailUrl\":\"https:\\\/\\\/frandl-sports.com\\\/wp-content\\\/uploads\\\/2022\\\/10\\\/24101.jpg\",\"datePublished\":\"2022-10-12T12:56:30+00:00\",\"dateModified\":\"2026-03-12T12:05:19+00:00\",\"breadcrumb\":{\"@id\":\"https:\\\/\\\/frandl-sports.com\\\/produkt\\\/alphamix-wc-yellow-1x150-g\\\/#breadcrumb\"},\"inLanguage\":\"en-GB\",\"potentialAction\":[{\"@type\":\"ReadAction\",\"target\":[\"https:\\\/\\\/frandl-sports.com\\\/produkt\\\/alphamix-wc-yellow-1x150-g\\\/\"]}]},{\"@type\":\"ImageObject\",\"inLanguage\":\"en-GB\",\"@id\":\"https:\\\/\\\/frandl-sports.com\\\/produkt\\\/alphamix-wc-yellow-1x150-g\\\/#primaryimage\",\"url\":\"https:\\\/\\\/frandl-sports.com\\\/wp-content\\\/uploads\\\/2022\\\/10\\\/24101.jpg\",\"contentUrl\":\"https:\\\/\\\/frandl-sports.com\\\/wp-content\\\/uploads\\\/2022\\\/10\\\/24101.jpg\",\"width\":1165,\"height\":1165},{\"@type\":\"BreadcrumbList\",\"@id\":\"https:\\\/\\\/frandl-sports.com\\\/produkt\\\/alphamix-wc-yellow-1x150-g\\\/#breadcrumb\",\"itemListElement\":[{\"@type\":\"ListItem\",\"position\":1,\"name\":\"Startseite\",\"item\":\"https:\\\/\\\/frandl-sports.com\\\/\"},{\"@type\":\"ListItem\",\"position\":2,\"name\":\"Shop\",\"item\":\"https:\\\/\\\/frandl-sports.com\\\/shop\\\/\"},{\"@type\":\"ListItem\",\"position\":3,\"name\":\"Alphamix WC yellow 1&#215;150 g\"}]},{\"@type\":\"WebSite\",\"@id\":\"https:\\\/\\\/frandl-sports.com\\\/#website\",\"url\":\"https:\\\/\\\/frandl-sports.com\\\/\",\"name\":\"Frandl Sports\",\"description\":\"FRANDL SPORTS ist der kompetente Gesamtausstatter f\u00fcr professionelle Unternehmen im Bereich Wintersport\",\"publisher\":{\"@id\":\"https:\\\/\\\/frandl-sports.com\\\/#organization\"},\"potentialAction\":[{\"@type\":\"SearchAction\",\"target\":{\"@type\":\"EntryPoint\",\"urlTemplate\":\"https:\\\/\\\/frandl-sports.com\\\/?s={search_term_string}\"},\"query-input\":{\"@type\":\"PropertyValueSpecification\",\"valueRequired\":true,\"valueName\":\"search_term_string\"}}],\"inLanguage\":\"en-GB\"},{\"@type\":\"Organization\",\"@id\":\"https:\\\/\\\/frandl-sports.com\\\/#organization\",\"name\":\"Frandl Sports\",\"url\":\"https:\\\/\\\/frandl-sports.com\\\/\",\"logo\":{\"@type\":\"ImageObject\",\"inLanguage\":\"en-GB\",\"@id\":\"https:\\\/\\\/frandl-sports.com\\\/#\\\/schema\\\/logo\\\/image\\\/\",\"url\":\"https:\\\/\\\/frandl-sports.com\\\/wp-content\\\/uploads\\\/2026\\\/03\\\/Favicon_1.png\",\"contentUrl\":\"https:\\\/\\\/frandl-sports.com\\\/wp-content\\\/uploads\\\/2026\\\/03\\\/Favicon_1.png\",\"width\":500,\"height\":500,\"caption\":\"Frandl Sports\"},\"image\":{\"@id\":\"https:\\\/\\\/frandl-sports.com\\\/#\\\/schema\\\/logo\\\/image\\\/\"}}]}<\/script>\n<!-- \/ Yoast SEO plugin. -->","yoast_head_json":{"title":"Alphamix WC yellow 1x150 g - Frandl Sports","robots":{"index":"index","follow":"follow","max-snippet":"max-snippet:-1","max-image-preview":"max-image-preview:large","max-video-preview":"max-video-preview:-1"},"canonical":"https:\/\/frandl-sports.com\/en\/product\/alphamix-wc-yellow-1x150-g\/","og_locale":"en_GB","og_type":"article","og_title":"Alphamix WC yellow 1x150 g - Frandl Sports","og_description":"Hochwertigstes Basis- Grund- und Trainingswachs auf Hydrocarbonbasis. | F\u00fcr weichen, neuen und feink\u00f6rnigen Schnee | F\u00fcr Schneetemperaturen von 0\u00b0 bis -4\u00b0 C | Einfache Anwendung keine Mischung notwendig! | Besticht durch seine extreme Abriebfestigkeit | B\u00fcgeltemperatur 115 ~125 \u00b0C","og_url":"https:\/\/frandl-sports.com\/en\/product\/alphamix-wc-yellow-1x150-g\/","og_site_name":"Frandl Sports","article_modified_time":"2026-03-12T12:05:19+00:00","og_image":[{"width":1165,"height":1165,"url":"https:\/\/frandl-sports.com\/wp-content\/uploads\/2022\/10\/24101.jpg","type":"image\/jpeg"}],"twitter_card":"summary_large_image","twitter_misc":{"Estimated reading time":"1 minute"},"schema":{"@context":"https:\/\/schema.org","@graph":[{"@type":"WebPage","@id":"https:\/\/frandl-sports.com\/produkt\/alphamix-wc-yellow-1x150-g\/","url":"https:\/\/frandl-sports.com\/produkt\/alphamix-wc-yellow-1x150-g\/","name":"Alphamix WC yellow 1x150 g - Frandl Sports","isPartOf":{"@id":"https:\/\/frandl-sports.com\/#website"},"primaryImageOfPage":{"@id":"https:\/\/frandl-sports.com\/produkt\/alphamix-wc-yellow-1x150-g\/#primaryimage"},"image":{"@id":"https:\/\/frandl-sports.com\/produkt\/alphamix-wc-yellow-1x150-g\/#primaryimage"},"thumbnailUrl":"https:\/\/frandl-sports.com\/wp-content\/uploads\/2022\/10\/24101.jpg","datePublished":"2022-10-12T12:56:30+00:00","dateModified":"2026-03-12T12:05:19+00:00","breadcrumb":{"@id":"https:\/\/frandl-sports.com\/produkt\/alphamix-wc-yellow-1x150-g\/#breadcrumb"},"inLanguage":"en-GB","potentialAction":[{"@type":"ReadAction","target":["https:\/\/frandl-sports.com\/produkt\/alphamix-wc-yellow-1x150-g\/"]}]},{"@type":"ImageObject","inLanguage":"en-GB","@id":"https:\/\/frandl-sports.com\/produkt\/alphamix-wc-yellow-1x150-g\/#primaryimage","url":"https:\/\/frandl-sports.com\/wp-content\/uploads\/2022\/10\/24101.jpg","contentUrl":"https:\/\/frandl-sports.com\/wp-content\/uploads\/2022\/10\/24101.jpg","width":1165,"height":1165},{"@type":"BreadcrumbList","@id":"https:\/\/frandl-sports.com\/produkt\/alphamix-wc-yellow-1x150-g\/#breadcrumb","itemListElement":[{"@type":"ListItem","position":1,"name":"Startseite","item":"https:\/\/frandl-sports.com\/"},{"@type":"ListItem","position":2,"name":"Shop","item":"https:\/\/frandl-sports.com\/shop\/"},{"@type":"ListItem","position":3,"name":"Alphamix WC yellow 1&#215;150 g"}]},{"@type":"WebSite","@id":"https:\/\/frandl-sports.com\/#website","url":"https:\/\/frandl-sports.com\/","name":"Frandl Sports","description":"FRANDL SPORTS is the competent all-round supplier for professional companies in the winter sports sector","publisher":{"@id":"https:\/\/frandl-sports.com\/#organization"},"potentialAction":[{"@type":"SearchAction","target":{"@type":"EntryPoint","urlTemplate":"https:\/\/frandl-sports.com\/?s={search_term_string}"},"query-input":{"@type":"PropertyValueSpecification","valueRequired":true,"valueName":"search_term_string"}}],"inLanguage":"en-GB"},{"@type":"Organization","@id":"https:\/\/frandl-sports.com\/#organization","name":"Frandl Sports","url":"https:\/\/frandl-sports.com\/","logo":{"@type":"ImageObject","inLanguage":"en-GB","@id":"https:\/\/frandl-sports.com\/#\/schema\/logo\/image\/","url":"https:\/\/frandl-sports.com\/wp-content\/uploads\/2026\/03\/Favicon_1.png","contentUrl":"https:\/\/frandl-sports.com\/wp-content\/uploads\/2026\/03\/Favicon_1.png","width":500,"height":500,"caption":"Frandl Sports"},"image":{"@id":"https:\/\/frandl-sports.com\/#\/schema\/logo\/image\/"}}]}},"brands":[{"id":950,"name":"Holmenkol","slug":"holmenkol"}],"_links":{"self":[{"href":"https:\/\/frandl-sports.com\/en\/wp-json\/wp\/v2\/product\/34653","targetHints":{"allow":["GET"]}}],"collection":[{"href":"https:\/\/frandl-sports.com\/en\/wp-json\/wp\/v2\/product"}],"about":[{"href":"https:\/\/frandl-sports.com\/en\/wp-json\/wp\/v2\/types\/product"}],"replies":[{"embeddable":true,"href":"https:\/\/frandl-sports.com\/en\/wp-json\/wp\/v2\/comments?post=34653"}],"wp:featuredmedia":[{"embeddable":true,"href":"https:\/\/frandl-sports.com\/en\/wp-json\/wp\/v2\/media\/34654"}],"wp:attachment":[{"href":"https:\/\/frandl-sports.com\/en\/wp-json\/wp\/v2\/media?parent=34653"}],"wp:term":[{"taxonomy":"pwb-brand","embeddable":true,"href":"https:\/\/frandl-sports.com\/en\/wp-json\/wp\/v2\/pwb-brand?post=34653"},{"taxonomy":"product_brand","embeddable":true,"href":"https:\/\/frandl-sports.com\/en\/wp-json\/wp\/v2\/product_brand?post=34653"},{"taxonomy":"product_cat","embeddable":true,"href":"https:\/\/frandl-sports.com\/en\/wp-json\/wp\/v2\/product_cat?post=34653"},{"taxonomy":"product_tag","embeddable":true,"href":"https:\/\/frandl-sports.com\/en\/wp-json\/wp\/v2\/product_tag?post=34653"}],"curies":[{"name":"wp","href":"https:\/\/api.w.org\/{rel}","templated":true}]}}