{"id":36112,"date":"2024-09-04T15:07:50","date_gmt":"2024-09-04T13:07:50","guid":{"rendered":"https:\/\/frandl-sports.com\/?post_type=product&#038;p=36112"},"modified":"2026-04-13T14:45:11","modified_gmt":"2026-04-13T12:45:11","slug":"hero-master-st-r22-150-165cm-2","status":"publish","type":"product","link":"https:\/\/frandl-sports.com\/en\/produkt\/hero-master-st-r22-150-165cm-2\/","title":{"rendered":"HERO MASTER ST R22, 150-170cm (Model 2025-26)"},"content":{"rendered":"<p>The industry standard for on-piste skis. The HERO MASTER ST, developed by our engineers for World Cup races, is the perfect solution for anyone who wants a professional WC construction that fulfils the highest technical requirements. The MASTER ST has the same construction as our WC FIS SL, but offers a more \u201erelaxed\u201c curve radius for slalom skiing. This season, we have added three sizes to the series for small turn radii: 13 metres, 12 metres and 11 metres. The sidecut varies depending on the size: choose the right model to equip you for fast, early morning carving sessions with maximum angle or tight turns with full g-force. Prop Tech Technology in the front ski ensures precision, balance and improves power transmission to optimise grip and stability.<\/p>\n<table class=\"product-ski-attributes\">\n<tbody>\n<tr class=\"product-ski-attrubute all_available_sizes\">\n<td class=\"label\">Size<\/td>\n<td class=\"value\">150<\/td>\n<td class=\"value\">165<\/td>\n<td class=\"value\">NA<\/td>\n<\/tr>\n<tr class=\"product-ski-attrubute skisidecuttip\">\n<td class=\"label\">Centre width (mm)<\/td>\n<td class=\"value\">115<\/td>\n<td class=\"value\">116<\/td>\n<td class=\"value\">118<\/td>\n<\/tr>\n<tr class=\"product-ski-attrubute skisidecutwaist\">\n<td class=\"label\">Waist (mm)<\/td>\n<td class=\"value\">66<\/td>\n<td class=\"value\">66<\/td>\n<td class=\"value\">67<\/td>\n<\/tr>\n<tr class=\"product-ski-attrubute skisidecuttail\">\n<td class=\"label\">Stolon dimensions (mm)<\/td>\n<td class=\"value\">101<\/td>\n<td class=\"value\">102<\/td>\n<td class=\"value\">104<\/td>\n<\/tr>\n<tr class=\"product-ski-attrubute skiradius\">\n<td class=\"label\">Radius (m)<\/td>\n<td class=\"value\">11<\/td>\n<td class=\"value\">12<\/td>\n<td class=\"value\">13<\/td>\n<\/tr>\n<tr class=\"product-ski-attrubute skiweight\">\n<td class=\"label\">Ski weight (kg\/pair)<\/td>\n<td class=\"value\">4<\/td>\n<td class=\"value\">4,1<\/td>\n<td class=\"value\">4,2<\/td>\n<\/tr>\n<\/tbody>\n<\/table>\n<p>&nbsp;<\/p>","protected":false},"excerpt":{"rendered":"<p>Der Branchenstandard im Bereich On-Piste-Ski. Der HERO MASTER ST, von unseren Ingenieuren f\u00fcr Weltcup-Rennen entwickelt, ist die perfekte L\u00f6sung f\u00fcr alle, die sich eine professionelle WC-Konstruktion w\u00fcnschen, die technisch h\u00f6chste Anforderungen erf\u00fcllt. Der MASTER ST verf\u00fcgt \u00fcber die gleiche Konstruktion wie unser WC FIS SL, bietet jedoch einen \u201eentspannteren&#8220; Kurvenradius beim Slalomfahren. In dieser Saison [&hellip;]<\/p>\n","protected":false},"featured_media":36144,"comment_status":"open","ping_status":"closed","template":"","meta":[],"pwb-brand":[702],"product_brand":[],"product_cat":[789,758],"product_tag":[],"class_list":{"0":"post-36112","1":"product","2":"type-product","3":"status-publish","4":"has-post-thumbnail","6":"pwb-brand-rossignol","7":"product_cat-hero-master","8":"product_cat-rossignol-3","9":"product_shipping_class-10kg","10":"pa_bindung-ohne-bindung","11":"pa_bindung-px-18-wc-rockerace-hot-red","12":"pa_bindung-spx-12-rockerrace-gw-hot-red","13":"pa_bindung-spx-15-rockerrace-black-master","14":"pa_bindung-spx-15-rockerrace-hot-red","15":"pa_grobe-150-cm","16":"pa_grobe-156-cm","17":"pa_grobe-165-cm-3","18":"pa_grobe-170-cm","20":"first","21":"instock","22":"sale","23":"taxable","24":"shipping-taxable","25":"purchasable","26":"product-type-variable"},"yoast_head":"<!-- This site is optimized with the Yoast SEO plugin v27.6 - https:\/\/yoast.com\/product\/yoast-seo-wordpress\/ -->\n<title>HERO MASTER ST R22, 150-170cm (Modell 2025-26) - Frandl Sports<\/title>\n<meta name=\"robots\" content=\"index, follow, max-snippet:-1, max-image-preview:large, max-video-preview:-1\" \/>\n<link rel=\"canonical\" href=\"https:\/\/frandl-sports.com\/en\/product\/hero-master-st-r22-150-165cm-2\/\" \/>\n<meta property=\"og:locale\" content=\"en_GB\" \/>\n<meta property=\"og:type\" content=\"article\" \/>\n<meta property=\"og:title\" content=\"HERO MASTER ST R22, 150-170cm (Modell 2025-26) - Frandl Sports\" \/>\n<meta property=\"og:description\" content=\"Der Branchenstandard im Bereich On-Piste-Ski. Der HERO MASTER ST, von unseren Ingenieuren f\u00fcr Weltcup-Rennen entwickelt, ist die perfekte L\u00f6sung f\u00fcr alle, die sich eine professionelle WC-Konstruktion w\u00fcnschen, die technisch h\u00f6chste Anforderungen erf\u00fcllt. Der MASTER ST verf\u00fcgt \u00fcber die gleiche Konstruktion wie unser WC FIS SL, bietet jedoch einen \u201eentspannteren&#8220; Kurvenradius beim Slalomfahren. In dieser Saison [&hellip;]\" \/>\n<meta property=\"og:url\" content=\"https:\/\/frandl-sports.com\/en\/product\/hero-master-st-r22-150-165cm-2\/\" \/>\n<meta property=\"og:site_name\" content=\"Frandl Sports\" \/>\n<meta property=\"article:modified_time\" content=\"2026-04-13T12:45:11+00:00\" \/>\n<meta property=\"og:image\" content=\"https:\/\/frandl-sports.com\/wp-content\/uploads\/2024\/09\/RANHE01_HERO_MASTER_LT_R22_RGB72DPI_03-2.jpg\" \/>\n\t<meta property=\"og:image:width\" content=\"800\" \/>\n\t<meta property=\"og:image:height\" content=\"800\" \/>\n\t<meta property=\"og:image:type\" content=\"image\/jpeg\" \/>\n<meta name=\"twitter:card\" content=\"summary_large_image\" \/>\n<script type=\"application\/ld+json\" class=\"yoast-schema-graph\">{\"@context\":\"https:\\\/\\\/schema.org\",\"@graph\":[{\"@type\":\"WebPage\",\"@id\":\"https:\\\/\\\/frandl-sports.com\\\/produkt\\\/hero-master-st-r22-150-165cm-2\\\/\",\"url\":\"https:\\\/\\\/frandl-sports.com\\\/produkt\\\/hero-master-st-r22-150-165cm-2\\\/\",\"name\":\"HERO MASTER ST R22, 150-170cm (Modell 2025-26) - Frandl Sports\",\"isPartOf\":{\"@id\":\"https:\\\/\\\/frandl-sports.com\\\/#website\"},\"primaryImageOfPage\":{\"@id\":\"https:\\\/\\\/frandl-sports.com\\\/produkt\\\/hero-master-st-r22-150-165cm-2\\\/#primaryimage\"},\"image\":{\"@id\":\"https:\\\/\\\/frandl-sports.com\\\/produkt\\\/hero-master-st-r22-150-165cm-2\\\/#primaryimage\"},\"thumbnailUrl\":\"https:\\\/\\\/frandl-sports.com\\\/wp-content\\\/uploads\\\/2024\\\/09\\\/RANHE01_HERO_MASTER_LT_R22_RGB72DPI_03-2.jpg\",\"datePublished\":\"2024-09-04T13:07:50+00:00\",\"dateModified\":\"2026-04-13T12:45:11+00:00\",\"breadcrumb\":{\"@id\":\"https:\\\/\\\/frandl-sports.com\\\/produkt\\\/hero-master-st-r22-150-165cm-2\\\/#breadcrumb\"},\"inLanguage\":\"en-GB\",\"potentialAction\":[{\"@type\":\"ReadAction\",\"target\":[\"https:\\\/\\\/frandl-sports.com\\\/produkt\\\/hero-master-st-r22-150-165cm-2\\\/\"]}]},{\"@type\":\"ImageObject\",\"inLanguage\":\"en-GB\",\"@id\":\"https:\\\/\\\/frandl-sports.com\\\/produkt\\\/hero-master-st-r22-150-165cm-2\\\/#primaryimage\",\"url\":\"https:\\\/\\\/frandl-sports.com\\\/wp-content\\\/uploads\\\/2024\\\/09\\\/RANHE01_HERO_MASTER_LT_R22_RGB72DPI_03-2.jpg\",\"contentUrl\":\"https:\\\/\\\/frandl-sports.com\\\/wp-content\\\/uploads\\\/2024\\\/09\\\/RANHE01_HERO_MASTER_LT_R22_RGB72DPI_03-2.jpg\",\"width\":800,\"height\":800},{\"@type\":\"BreadcrumbList\",\"@id\":\"https:\\\/\\\/frandl-sports.com\\\/produkt\\\/hero-master-st-r22-150-165cm-2\\\/#breadcrumb\",\"itemListElement\":[{\"@type\":\"ListItem\",\"position\":1,\"name\":\"Startseite\",\"item\":\"https:\\\/\\\/frandl-sports.com\\\/\"},{\"@type\":\"ListItem\",\"position\":2,\"name\":\"Shop\",\"item\":\"https:\\\/\\\/frandl-sports.com\\\/shop\\\/\"},{\"@type\":\"ListItem\",\"position\":3,\"name\":\"HERO MASTER ST R22, 150-170cm (Modell 2025-26)\"}]},{\"@type\":\"WebSite\",\"@id\":\"https:\\\/\\\/frandl-sports.com\\\/#website\",\"url\":\"https:\\\/\\\/frandl-sports.com\\\/\",\"name\":\"Frandl Sports\",\"description\":\"FRANDL SPORTS ist der kompetente Gesamtausstatter f\u00fcr professionelle Unternehmen im Bereich Wintersport\",\"publisher\":{\"@id\":\"https:\\\/\\\/frandl-sports.com\\\/#organization\"},\"potentialAction\":[{\"@type\":\"SearchAction\",\"target\":{\"@type\":\"EntryPoint\",\"urlTemplate\":\"https:\\\/\\\/frandl-sports.com\\\/?s={search_term_string}\"},\"query-input\":{\"@type\":\"PropertyValueSpecification\",\"valueRequired\":true,\"valueName\":\"search_term_string\"}}],\"inLanguage\":\"en-GB\"},{\"@type\":\"Organization\",\"@id\":\"https:\\\/\\\/frandl-sports.com\\\/#organization\",\"name\":\"Frandl Sports\",\"url\":\"https:\\\/\\\/frandl-sports.com\\\/\",\"logo\":{\"@type\":\"ImageObject\",\"inLanguage\":\"en-GB\",\"@id\":\"https:\\\/\\\/frandl-sports.com\\\/#\\\/schema\\\/logo\\\/image\\\/\",\"url\":\"https:\\\/\\\/frandl-sports.com\\\/wp-content\\\/uploads\\\/2026\\\/03\\\/Favicon_1.png\",\"contentUrl\":\"https:\\\/\\\/frandl-sports.com\\\/wp-content\\\/uploads\\\/2026\\\/03\\\/Favicon_1.png\",\"width\":500,\"height\":500,\"caption\":\"Frandl Sports\"},\"image\":{\"@id\":\"https:\\\/\\\/frandl-sports.com\\\/#\\\/schema\\\/logo\\\/image\\\/\"}}]}<\/script>\n<!-- \/ Yoast SEO plugin. -->","yoast_head_json":{"title":"HERO MASTER ST R22, 150-170cm (Model 2025-26) - Frandl Sports","robots":{"index":"index","follow":"follow","max-snippet":"max-snippet:-1","max-image-preview":"max-image-preview:large","max-video-preview":"max-video-preview:-1"},"canonical":"https:\/\/frandl-sports.com\/en\/product\/hero-master-st-r22-150-165cm-2\/","og_locale":"en_GB","og_type":"article","og_title":"HERO MASTER ST R22, 150-170cm (Modell 2025-26) - Frandl Sports","og_description":"Der Branchenstandard im Bereich On-Piste-Ski. Der HERO MASTER ST, von unseren Ingenieuren f\u00fcr Weltcup-Rennen entwickelt, ist die perfekte L\u00f6sung f\u00fcr alle, die sich eine professionelle WC-Konstruktion w\u00fcnschen, die technisch h\u00f6chste Anforderungen erf\u00fcllt. Der MASTER ST verf\u00fcgt \u00fcber die gleiche Konstruktion wie unser WC FIS SL, bietet jedoch einen \u201eentspannteren&#8220; Kurvenradius beim Slalomfahren. In dieser Saison [&hellip;]","og_url":"https:\/\/frandl-sports.com\/en\/product\/hero-master-st-r22-150-165cm-2\/","og_site_name":"Frandl Sports","article_modified_time":"2026-04-13T12:45:11+00:00","og_image":[{"width":800,"height":800,"url":"https:\/\/frandl-sports.com\/wp-content\/uploads\/2024\/09\/RANHE01_HERO_MASTER_LT_R22_RGB72DPI_03-2.jpg","type":"image\/jpeg"}],"twitter_card":"summary_large_image","schema":{"@context":"https:\/\/schema.org","@graph":[{"@type":"WebPage","@id":"https:\/\/frandl-sports.com\/produkt\/hero-master-st-r22-150-165cm-2\/","url":"https:\/\/frandl-sports.com\/produkt\/hero-master-st-r22-150-165cm-2\/","name":"HERO MASTER ST R22, 150-170cm (Model 2025-26) - Frandl Sports","isPartOf":{"@id":"https:\/\/frandl-sports.com\/#website"},"primaryImageOfPage":{"@id":"https:\/\/frandl-sports.com\/produkt\/hero-master-st-r22-150-165cm-2\/#primaryimage"},"image":{"@id":"https:\/\/frandl-sports.com\/produkt\/hero-master-st-r22-150-165cm-2\/#primaryimage"},"thumbnailUrl":"https:\/\/frandl-sports.com\/wp-content\/uploads\/2024\/09\/RANHE01_HERO_MASTER_LT_R22_RGB72DPI_03-2.jpg","datePublished":"2024-09-04T13:07:50+00:00","dateModified":"2026-04-13T12:45:11+00:00","breadcrumb":{"@id":"https:\/\/frandl-sports.com\/produkt\/hero-master-st-r22-150-165cm-2\/#breadcrumb"},"inLanguage":"en-GB","potentialAction":[{"@type":"ReadAction","target":["https:\/\/frandl-sports.com\/produkt\/hero-master-st-r22-150-165cm-2\/"]}]},{"@type":"ImageObject","inLanguage":"en-GB","@id":"https:\/\/frandl-sports.com\/produkt\/hero-master-st-r22-150-165cm-2\/#primaryimage","url":"https:\/\/frandl-sports.com\/wp-content\/uploads\/2024\/09\/RANHE01_HERO_MASTER_LT_R22_RGB72DPI_03-2.jpg","contentUrl":"https:\/\/frandl-sports.com\/wp-content\/uploads\/2024\/09\/RANHE01_HERO_MASTER_LT_R22_RGB72DPI_03-2.jpg","width":800,"height":800},{"@type":"BreadcrumbList","@id":"https:\/\/frandl-sports.com\/produkt\/hero-master-st-r22-150-165cm-2\/#breadcrumb","itemListElement":[{"@type":"ListItem","position":1,"name":"Startseite","item":"https:\/\/frandl-sports.com\/"},{"@type":"ListItem","position":2,"name":"Shop","item":"https:\/\/frandl-sports.com\/shop\/"},{"@type":"ListItem","position":3,"name":"HERO MASTER ST R22, 150-170cm (Modell 2025-26)"}]},{"@type":"WebSite","@id":"https:\/\/frandl-sports.com\/#website","url":"https:\/\/frandl-sports.com\/","name":"Frandl Sports","description":"FRANDL SPORTS is the competent all-round supplier for professional companies in the winter sports sector","publisher":{"@id":"https:\/\/frandl-sports.com\/#organization"},"potentialAction":[{"@type":"SearchAction","target":{"@type":"EntryPoint","urlTemplate":"https:\/\/frandl-sports.com\/?s={search_term_string}"},"query-input":{"@type":"PropertyValueSpecification","valueRequired":true,"valueName":"search_term_string"}}],"inLanguage":"en-GB"},{"@type":"Organization","@id":"https:\/\/frandl-sports.com\/#organization","name":"Frandl Sports","url":"https:\/\/frandl-sports.com\/","logo":{"@type":"ImageObject","inLanguage":"en-GB","@id":"https:\/\/frandl-sports.com\/#\/schema\/logo\/image\/","url":"https:\/\/frandl-sports.com\/wp-content\/uploads\/2026\/03\/Favicon_1.png","contentUrl":"https:\/\/frandl-sports.com\/wp-content\/uploads\/2026\/03\/Favicon_1.png","width":500,"height":500,"caption":"Frandl Sports"},"image":{"@id":"https:\/\/frandl-sports.com\/#\/schema\/logo\/image\/"}}]}},"brands":[{"id":702,"name":"Rossignol","slug":"rossignol"}],"_links":{"self":[{"href":"https:\/\/frandl-sports.com\/en\/wp-json\/wp\/v2\/product\/36112","targetHints":{"allow":["GET"]}}],"collection":[{"href":"https:\/\/frandl-sports.com\/en\/wp-json\/wp\/v2\/product"}],"about":[{"href":"https:\/\/frandl-sports.com\/en\/wp-json\/wp\/v2\/types\/product"}],"replies":[{"embeddable":true,"href":"https:\/\/frandl-sports.com\/en\/wp-json\/wp\/v2\/comments?post=36112"}],"wp:featuredmedia":[{"embeddable":true,"href":"https:\/\/frandl-sports.com\/en\/wp-json\/wp\/v2\/media\/36144"}],"wp:attachment":[{"href":"https:\/\/frandl-sports.com\/en\/wp-json\/wp\/v2\/media?parent=36112"}],"wp:term":[{"taxonomy":"pwb-brand","embeddable":true,"href":"https:\/\/frandl-sports.com\/en\/wp-json\/wp\/v2\/pwb-brand?post=36112"},{"taxonomy":"product_brand","embeddable":true,"href":"https:\/\/frandl-sports.com\/en\/wp-json\/wp\/v2\/product_brand?post=36112"},{"taxonomy":"product_cat","embeddable":true,"href":"https:\/\/frandl-sports.com\/en\/wp-json\/wp\/v2\/product_cat?post=36112"},{"taxonomy":"product_tag","embeddable":true,"href":"https:\/\/frandl-sports.com\/en\/wp-json\/wp\/v2\/product_tag?post=36112"}],"curies":[{"name":"wp","href":"https:\/\/api.w.org\/{rel}","templated":true}]}}