{"id":36419,"date":"2024-09-05T22:45:26","date_gmt":"2024-09-05T20:45:26","guid":{"rendered":"https:\/\/frandl-sports.com\/?post_type=product&#038;p=36419"},"modified":"2026-03-18T21:35:50","modified_gmt":"2026-03-18T20:35:50","slug":"hero-athlete-fis-sl-factory-157-r22","status":"publish","type":"product","link":"https:\/\/frandl-sports.com\/en\/produkt\/hero-athlete-fis-sl-factory-157-r22\/","title":{"rendered":"HERO ATHLETE FIS SL FACTORY 157 R22"},"content":{"rendered":"<p>The HERO ATHLETE FIS SL is a ski approved by the FIS for the Slalom World Cup, developed for top athletes and ski racers with the highest demands. The Line Control Technology (LCT) offers precision and grip when you're picking up speed and making fast turns. It also eliminates reverse camber flex for better snow contact and stability in turns. The competition-ready construction offers you maximum tracking control as well as the power, precision and speed you need to win races.<\/p>\n<p>&nbsp;<\/p>\n<p>&nbsp;<\/p>\n<p>&nbsp;<\/p>\n<p>&nbsp;<\/p>","protected":false},"excerpt":{"rendered":"<p>Der HERO ATHLETE FIS SL ist ein von der FIS f\u00fcr den Slalom-Weltcup zugelassener Ski, der f\u00fcr Top-Athleten und Skirennl\u00e4ufer mit h\u00f6chsten Anforderungen entwickelt wurde. Die Line Control Technology (LCT) bietet Pr\u00e4zision und Grip, wenn du Tempo machst und schnelle Kurven f\u00e4hrst. Sie eliminiert au\u00dferdem Reverse Camber Flex und sorgt auf diese Weise f\u00fcr einen [&hellip;]<\/p>\n","protected":false},"featured_media":38285,"comment_status":"open","ping_status":"closed","template":"","meta":[],"pwb-brand":[702],"product_brand":[429],"product_cat":[746,758],"product_tag":[],"class_list":{"0":"post-36419","1":"product","2":"type-product","3":"status-publish","4":"has-post-thumbnail","6":"pwb-brand-rossignol","7":"product_brand-rossignol-9","8":"product_cat-ski","9":"product_cat-rossignol-3","10":"product_shipping_class-10kg","11":"pa_bindung-ohne-bindung","12":"pa_bindung-px-18-wc-rockerace-silver-red","13":"pa_bindung-px18-wc-rockerace-hot-red","14":"pa_bindung-spx-12-rockerrace-gw-silver-red","15":"pa_bindung-spx-15-rockerace-silver-red","16":"pa_bindung-spx15-rockerrace-hot-red","18":"first","19":"instock","20":"sale","21":"taxable","22":"shipping-taxable","23":"purchasable","24":"product-type-variable"},"yoast_head":"<!-- This site is optimized with the Yoast SEO plugin v27.6 - https:\/\/yoast.com\/product\/yoast-seo-wordpress\/ -->\n<title>HERO ATHLETE FIS SL FACTORY 157 R22 - Frandl Sports<\/title>\n<meta name=\"robots\" content=\"index, follow, max-snippet:-1, max-image-preview:large, max-video-preview:-1\" \/>\n<link rel=\"canonical\" href=\"https:\/\/frandl-sports.com\/en\/product\/hero-athlete-fis-sl-factory-157-r22\/\" \/>\n<meta property=\"og:locale\" content=\"en_GB\" \/>\n<meta property=\"og:type\" content=\"article\" \/>\n<meta property=\"og:title\" content=\"HERO ATHLETE FIS SL FACTORY 157 R22 - Frandl Sports\" \/>\n<meta property=\"og:description\" content=\"Der HERO ATHLETE FIS SL ist ein von der FIS f\u00fcr den Slalom-Weltcup zugelassener Ski, der f\u00fcr Top-Athleten und Skirennl\u00e4ufer mit h\u00f6chsten Anforderungen entwickelt wurde. Die Line Control Technology (LCT) bietet Pr\u00e4zision und Grip, wenn du Tempo machst und schnelle Kurven f\u00e4hrst. Sie eliminiert au\u00dferdem Reverse Camber Flex und sorgt auf diese Weise f\u00fcr einen [&hellip;]\" \/>\n<meta property=\"og:url\" content=\"https:\/\/frandl-sports.com\/en\/product\/hero-athlete-fis-sl-factory-157-r22\/\" \/>\n<meta property=\"og:site_name\" content=\"Frandl Sports\" \/>\n<meta property=\"article:modified_time\" content=\"2026-03-18T20:35:50+00:00\" \/>\n<meta property=\"og:image\" content=\"https:\/\/frandl-sports.com\/wp-content\/uploads\/2024\/09\/Unbenannt-1-1.gif\" \/>\n\t<meta property=\"og:image:width\" content=\"800\" \/>\n\t<meta property=\"og:image:height\" content=\"800\" \/>\n\t<meta property=\"og:image:type\" content=\"image\/gif\" \/>\n<meta name=\"twitter:card\" content=\"summary_large_image\" \/>\n<script type=\"application\/ld+json\" class=\"yoast-schema-graph\">{\"@context\":\"https:\\\/\\\/schema.org\",\"@graph\":[{\"@type\":\"WebPage\",\"@id\":\"https:\\\/\\\/frandl-sports.com\\\/produkt\\\/hero-athlete-fis-sl-factory-157-r22\\\/\",\"url\":\"https:\\\/\\\/frandl-sports.com\\\/produkt\\\/hero-athlete-fis-sl-factory-157-r22\\\/\",\"name\":\"HERO ATHLETE FIS SL FACTORY 157 R22 - Frandl Sports\",\"isPartOf\":{\"@id\":\"https:\\\/\\\/frandl-sports.com\\\/#website\"},\"primaryImageOfPage\":{\"@id\":\"https:\\\/\\\/frandl-sports.com\\\/produkt\\\/hero-athlete-fis-sl-factory-157-r22\\\/#primaryimage\"},\"image\":{\"@id\":\"https:\\\/\\\/frandl-sports.com\\\/produkt\\\/hero-athlete-fis-sl-factory-157-r22\\\/#primaryimage\"},\"thumbnailUrl\":\"https:\\\/\\\/frandl-sports.com\\\/wp-content\\\/uploads\\\/2024\\\/09\\\/Unbenannt-1-1.gif\",\"datePublished\":\"2024-09-05T20:45:26+00:00\",\"dateModified\":\"2026-03-18T20:35:50+00:00\",\"breadcrumb\":{\"@id\":\"https:\\\/\\\/frandl-sports.com\\\/produkt\\\/hero-athlete-fis-sl-factory-157-r22\\\/#breadcrumb\"},\"inLanguage\":\"en-GB\",\"potentialAction\":[{\"@type\":\"ReadAction\",\"target\":[\"https:\\\/\\\/frandl-sports.com\\\/produkt\\\/hero-athlete-fis-sl-factory-157-r22\\\/\"]}]},{\"@type\":\"ImageObject\",\"inLanguage\":\"en-GB\",\"@id\":\"https:\\\/\\\/frandl-sports.com\\\/produkt\\\/hero-athlete-fis-sl-factory-157-r22\\\/#primaryimage\",\"url\":\"https:\\\/\\\/frandl-sports.com\\\/wp-content\\\/uploads\\\/2024\\\/09\\\/Unbenannt-1-1.gif\",\"contentUrl\":\"https:\\\/\\\/frandl-sports.com\\\/wp-content\\\/uploads\\\/2024\\\/09\\\/Unbenannt-1-1.gif\",\"width\":800,\"height\":800},{\"@type\":\"BreadcrumbList\",\"@id\":\"https:\\\/\\\/frandl-sports.com\\\/produkt\\\/hero-athlete-fis-sl-factory-157-r22\\\/#breadcrumb\",\"itemListElement\":[{\"@type\":\"ListItem\",\"position\":1,\"name\":\"Startseite\",\"item\":\"https:\\\/\\\/frandl-sports.com\\\/\"},{\"@type\":\"ListItem\",\"position\":2,\"name\":\"Shop\",\"item\":\"https:\\\/\\\/frandl-sports.com\\\/shop\\\/\"},{\"@type\":\"ListItem\",\"position\":3,\"name\":\"HERO ATHLETE FIS SL FACTORY 157 R22\"}]},{\"@type\":\"WebSite\",\"@id\":\"https:\\\/\\\/frandl-sports.com\\\/#website\",\"url\":\"https:\\\/\\\/frandl-sports.com\\\/\",\"name\":\"Frandl Sports\",\"description\":\"FRANDL SPORTS ist der kompetente Gesamtausstatter f\u00fcr professionelle Unternehmen im Bereich Wintersport\",\"publisher\":{\"@id\":\"https:\\\/\\\/frandl-sports.com\\\/#organization\"},\"potentialAction\":[{\"@type\":\"SearchAction\",\"target\":{\"@type\":\"EntryPoint\",\"urlTemplate\":\"https:\\\/\\\/frandl-sports.com\\\/?s={search_term_string}\"},\"query-input\":{\"@type\":\"PropertyValueSpecification\",\"valueRequired\":true,\"valueName\":\"search_term_string\"}}],\"inLanguage\":\"en-GB\"},{\"@type\":\"Organization\",\"@id\":\"https:\\\/\\\/frandl-sports.com\\\/#organization\",\"name\":\"Frandl Sports\",\"url\":\"https:\\\/\\\/frandl-sports.com\\\/\",\"logo\":{\"@type\":\"ImageObject\",\"inLanguage\":\"en-GB\",\"@id\":\"https:\\\/\\\/frandl-sports.com\\\/#\\\/schema\\\/logo\\\/image\\\/\",\"url\":\"https:\\\/\\\/frandl-sports.com\\\/wp-content\\\/uploads\\\/2026\\\/03\\\/Favicon_1.png\",\"contentUrl\":\"https:\\\/\\\/frandl-sports.com\\\/wp-content\\\/uploads\\\/2026\\\/03\\\/Favicon_1.png\",\"width\":500,\"height\":500,\"caption\":\"Frandl Sports\"},\"image\":{\"@id\":\"https:\\\/\\\/frandl-sports.com\\\/#\\\/schema\\\/logo\\\/image\\\/\"}}]}<\/script>\n<!-- \/ Yoast SEO plugin. -->","yoast_head_json":{"title":"HERO ATHLETE FIS SL FACTORY 157 R22 - Frandl Sports","robots":{"index":"index","follow":"follow","max-snippet":"max-snippet:-1","max-image-preview":"max-image-preview:large","max-video-preview":"max-video-preview:-1"},"canonical":"https:\/\/frandl-sports.com\/en\/product\/hero-athlete-fis-sl-factory-157-r22\/","og_locale":"en_GB","og_type":"article","og_title":"HERO ATHLETE FIS SL FACTORY 157 R22 - Frandl Sports","og_description":"Der HERO ATHLETE FIS SL ist ein von der FIS f\u00fcr den Slalom-Weltcup zugelassener Ski, der f\u00fcr Top-Athleten und Skirennl\u00e4ufer mit h\u00f6chsten Anforderungen entwickelt wurde. Die Line Control Technology (LCT) bietet Pr\u00e4zision und Grip, wenn du Tempo machst und schnelle Kurven f\u00e4hrst. Sie eliminiert au\u00dferdem Reverse Camber Flex und sorgt auf diese Weise f\u00fcr einen [&hellip;]","og_url":"https:\/\/frandl-sports.com\/en\/product\/hero-athlete-fis-sl-factory-157-r22\/","og_site_name":"Frandl Sports","article_modified_time":"2026-03-18T20:35:50+00:00","og_image":[{"width":800,"height":800,"url":"https:\/\/frandl-sports.com\/wp-content\/uploads\/2024\/09\/Unbenannt-1-1.gif","type":"image\/gif"}],"twitter_card":"summary_large_image","schema":{"@context":"https:\/\/schema.org","@graph":[{"@type":"WebPage","@id":"https:\/\/frandl-sports.com\/produkt\/hero-athlete-fis-sl-factory-157-r22\/","url":"https:\/\/frandl-sports.com\/produkt\/hero-athlete-fis-sl-factory-157-r22\/","name":"HERO ATHLETE FIS SL FACTORY 157 R22 - Frandl Sports","isPartOf":{"@id":"https:\/\/frandl-sports.com\/#website"},"primaryImageOfPage":{"@id":"https:\/\/frandl-sports.com\/produkt\/hero-athlete-fis-sl-factory-157-r22\/#primaryimage"},"image":{"@id":"https:\/\/frandl-sports.com\/produkt\/hero-athlete-fis-sl-factory-157-r22\/#primaryimage"},"thumbnailUrl":"https:\/\/frandl-sports.com\/wp-content\/uploads\/2024\/09\/Unbenannt-1-1.gif","datePublished":"2024-09-05T20:45:26+00:00","dateModified":"2026-03-18T20:35:50+00:00","breadcrumb":{"@id":"https:\/\/frandl-sports.com\/produkt\/hero-athlete-fis-sl-factory-157-r22\/#breadcrumb"},"inLanguage":"en-GB","potentialAction":[{"@type":"ReadAction","target":["https:\/\/frandl-sports.com\/produkt\/hero-athlete-fis-sl-factory-157-r22\/"]}]},{"@type":"ImageObject","inLanguage":"en-GB","@id":"https:\/\/frandl-sports.com\/produkt\/hero-athlete-fis-sl-factory-157-r22\/#primaryimage","url":"https:\/\/frandl-sports.com\/wp-content\/uploads\/2024\/09\/Unbenannt-1-1.gif","contentUrl":"https:\/\/frandl-sports.com\/wp-content\/uploads\/2024\/09\/Unbenannt-1-1.gif","width":800,"height":800},{"@type":"BreadcrumbList","@id":"https:\/\/frandl-sports.com\/produkt\/hero-athlete-fis-sl-factory-157-r22\/#breadcrumb","itemListElement":[{"@type":"ListItem","position":1,"name":"Startseite","item":"https:\/\/frandl-sports.com\/"},{"@type":"ListItem","position":2,"name":"Shop","item":"https:\/\/frandl-sports.com\/shop\/"},{"@type":"ListItem","position":3,"name":"HERO ATHLETE FIS SL FACTORY 157 R22"}]},{"@type":"WebSite","@id":"https:\/\/frandl-sports.com\/#website","url":"https:\/\/frandl-sports.com\/","name":"Frandl Sports","description":"FRANDL SPORTS is the competent all-round supplier for professional companies in the winter sports sector","publisher":{"@id":"https:\/\/frandl-sports.com\/#organization"},"potentialAction":[{"@type":"SearchAction","target":{"@type":"EntryPoint","urlTemplate":"https:\/\/frandl-sports.com\/?s={search_term_string}"},"query-input":{"@type":"PropertyValueSpecification","valueRequired":true,"valueName":"search_term_string"}}],"inLanguage":"en-GB"},{"@type":"Organization","@id":"https:\/\/frandl-sports.com\/#organization","name":"Frandl Sports","url":"https:\/\/frandl-sports.com\/","logo":{"@type":"ImageObject","inLanguage":"en-GB","@id":"https:\/\/frandl-sports.com\/#\/schema\/logo\/image\/","url":"https:\/\/frandl-sports.com\/wp-content\/uploads\/2026\/03\/Favicon_1.png","contentUrl":"https:\/\/frandl-sports.com\/wp-content\/uploads\/2026\/03\/Favicon_1.png","width":500,"height":500,"caption":"Frandl Sports"},"image":{"@id":"https:\/\/frandl-sports.com\/#\/schema\/logo\/image\/"}}]}},"brands":[{"id":702,"name":"Rossignol","slug":"rossignol"}],"_links":{"self":[{"href":"https:\/\/frandl-sports.com\/en\/wp-json\/wp\/v2\/product\/36419","targetHints":{"allow":["GET"]}}],"collection":[{"href":"https:\/\/frandl-sports.com\/en\/wp-json\/wp\/v2\/product"}],"about":[{"href":"https:\/\/frandl-sports.com\/en\/wp-json\/wp\/v2\/types\/product"}],"replies":[{"embeddable":true,"href":"https:\/\/frandl-sports.com\/en\/wp-json\/wp\/v2\/comments?post=36419"}],"wp:featuredmedia":[{"embeddable":true,"href":"https:\/\/frandl-sports.com\/en\/wp-json\/wp\/v2\/media\/38285"}],"wp:attachment":[{"href":"https:\/\/frandl-sports.com\/en\/wp-json\/wp\/v2\/media?parent=36419"}],"wp:term":[{"taxonomy":"pwb-brand","embeddable":true,"href":"https:\/\/frandl-sports.com\/en\/wp-json\/wp\/v2\/pwb-brand?post=36419"},{"taxonomy":"product_brand","embeddable":true,"href":"https:\/\/frandl-sports.com\/en\/wp-json\/wp\/v2\/product_brand?post=36419"},{"taxonomy":"product_cat","embeddable":true,"href":"https:\/\/frandl-sports.com\/en\/wp-json\/wp\/v2\/product_cat?post=36419"},{"taxonomy":"product_tag","embeddable":true,"href":"https:\/\/frandl-sports.com\/en\/wp-json\/wp\/v2\/product_tag?post=36419"}],"curies":[{"name":"wp","href":"https:\/\/api.w.org\/{rel}","templated":true}]}}