{"id":36988,"date":"2025-08-29T18:56:34","date_gmt":"2025-08-29T16:56:34","guid":{"rendered":"https:\/\/frandl-sports.com\/?post_type=product&#038;p=36988"},"modified":"2025-08-29T19:00:46","modified_gmt":"2025-08-29T17:00:46","slug":"36988","status":"publish","type":"product","link":"https:\/\/frandl-sports.com\/en\/produkt\/36988\/","title":{"rendered":"HERO HEATED BAG 230V"},"content":{"rendered":"<p>The robust Hero Heated boot bag is specially designed for the requirements of the Alpine Ski World Cup and keeps boots warm and dry on the way to the mountain. The bag has a spacious boot compartment with integrated 230 V or 12 V DC heating. Thanks to separate pockets for helmets and accessories, everything arrives safely at the ski resort.<\/p>\n<p>Robust durability<br \/>\nThe 600D polyester ripstop fabric is waterproof.<\/p>\n<p>Warm, dry boots<br \/>\nIntegrated boot heater for operation with 230 V or 12 V DC to warm up boots in the car or in the cabin<\/p>","protected":false},"excerpt":{"rendered":"<p>Die robuste Hero Heated Stiefeltasche ist speziell f\u00fcr die Anforderungen des Alpinen Skiweltcups gemacht und h\u00e4lt die Schuhe auf dem Weg zum Berg warm und trocken. Die Tasche verf\u00fcgt \u00fcber ein ger\u00e4umiges Stiefelfach mit integrierter 230 V- bzw. 12 V DC-Heizung. Dank separater Taschen f\u00fcr Helm und Zubeh\u00f6r kommt alles sicher im Skigebiet an. Robuste [&hellip;]<\/p>\n","protected":false},"featured_media":36991,"comment_status":"open","ping_status":"closed","template":"","meta":[],"pwb-brand":[702],"product_brand":[429],"product_cat":[758,409],"product_tag":[],"class_list":{"0":"post-36988","1":"product","2":"type-product","3":"status-publish","4":"has-post-thumbnail","6":"pwb-brand-rossignol","7":"product_brand-rossignol-9","8":"product_cat-rossignol-3","9":"product_cat-taschen-2","10":"product_shipping_class-10kg","12":"first","13":"instock","14":"sale","15":"taxable","16":"shipping-taxable","17":"purchasable","18":"product-type-simple"},"yoast_head":"<!-- This site is optimized with the Yoast SEO plugin v27.6 - https:\/\/yoast.com\/product\/yoast-seo-wordpress\/ -->\n<title>HERO HEATED BAG 230V - Frandl Sports<\/title>\n<meta name=\"robots\" content=\"index, follow, max-snippet:-1, max-image-preview:large, max-video-preview:-1\" \/>\n<link rel=\"canonical\" href=\"https:\/\/frandl-sports.com\/en\/product\/36988\/\" \/>\n<meta property=\"og:locale\" content=\"en_GB\" \/>\n<meta property=\"og:type\" content=\"article\" \/>\n<meta property=\"og:title\" content=\"HERO HEATED BAG 230V - Frandl Sports\" \/>\n<meta property=\"og:description\" content=\"Die robuste Hero Heated Stiefeltasche ist speziell f\u00fcr die Anforderungen des Alpinen Skiweltcups gemacht und h\u00e4lt die Schuhe auf dem Weg zum Berg warm und trocken. Die Tasche verf\u00fcgt \u00fcber ein ger\u00e4umiges Stiefelfach mit integrierter 230 V- bzw. 12 V DC-Heizung. Dank separater Taschen f\u00fcr Helm und Zubeh\u00f6r kommt alles sicher im Skigebiet an. Robuste [&hellip;]\" \/>\n<meta property=\"og:url\" content=\"https:\/\/frandl-sports.com\/en\/product\/36988\/\" \/>\n<meta property=\"og:site_name\" content=\"Frandl Sports\" \/>\n<meta property=\"article:modified_time\" content=\"2025-08-29T17:00:46+00:00\" \/>\n<meta property=\"og:image\" content=\"https:\/\/frandl-sports.com\/wp-content\/uploads\/2025\/08\/Unbenannt-1-2.gif\" \/>\n\t<meta property=\"og:image:width\" content=\"400\" \/>\n\t<meta property=\"og:image:height\" content=\"400\" \/>\n\t<meta property=\"og:image:type\" content=\"image\/gif\" \/>\n<meta name=\"twitter:card\" content=\"summary_large_image\" \/>\n<meta name=\"twitter:label1\" content=\"Estimated reading time\" \/>\n\t<meta name=\"twitter:data1\" content=\"1 minute\" \/>\n<script type=\"application\/ld+json\" class=\"yoast-schema-graph\">{\"@context\":\"https:\\\/\\\/schema.org\",\"@graph\":[{\"@type\":\"WebPage\",\"@id\":\"https:\\\/\\\/frandl-sports.com\\\/produkt\\\/36988\\\/\",\"url\":\"https:\\\/\\\/frandl-sports.com\\\/produkt\\\/36988\\\/\",\"name\":\"HERO HEATED BAG 230V - Frandl Sports\",\"isPartOf\":{\"@id\":\"https:\\\/\\\/frandl-sports.com\\\/#website\"},\"primaryImageOfPage\":{\"@id\":\"https:\\\/\\\/frandl-sports.com\\\/produkt\\\/36988\\\/#primaryimage\"},\"image\":{\"@id\":\"https:\\\/\\\/frandl-sports.com\\\/produkt\\\/36988\\\/#primaryimage\"},\"thumbnailUrl\":\"https:\\\/\\\/frandl-sports.com\\\/wp-content\\\/uploads\\\/2025\\\/08\\\/Unbenannt-1-2.gif\",\"datePublished\":\"2025-08-29T16:56:34+00:00\",\"dateModified\":\"2025-08-29T17:00:46+00:00\",\"breadcrumb\":{\"@id\":\"https:\\\/\\\/frandl-sports.com\\\/produkt\\\/36988\\\/#breadcrumb\"},\"inLanguage\":\"en-GB\",\"potentialAction\":[{\"@type\":\"ReadAction\",\"target\":[\"https:\\\/\\\/frandl-sports.com\\\/produkt\\\/36988\\\/\"]}]},{\"@type\":\"ImageObject\",\"inLanguage\":\"en-GB\",\"@id\":\"https:\\\/\\\/frandl-sports.com\\\/produkt\\\/36988\\\/#primaryimage\",\"url\":\"https:\\\/\\\/frandl-sports.com\\\/wp-content\\\/uploads\\\/2025\\\/08\\\/Unbenannt-1-2.gif\",\"contentUrl\":\"https:\\\/\\\/frandl-sports.com\\\/wp-content\\\/uploads\\\/2025\\\/08\\\/Unbenannt-1-2.gif\",\"width\":400,\"height\":400},{\"@type\":\"BreadcrumbList\",\"@id\":\"https:\\\/\\\/frandl-sports.com\\\/produkt\\\/36988\\\/#breadcrumb\",\"itemListElement\":[{\"@type\":\"ListItem\",\"position\":1,\"name\":\"Startseite\",\"item\":\"https:\\\/\\\/frandl-sports.com\\\/\"},{\"@type\":\"ListItem\",\"position\":2,\"name\":\"Shop\",\"item\":\"https:\\\/\\\/frandl-sports.com\\\/shop\\\/\"},{\"@type\":\"ListItem\",\"position\":3,\"name\":\"HERO HEATED BAG 230V\"}]},{\"@type\":\"WebSite\",\"@id\":\"https:\\\/\\\/frandl-sports.com\\\/#website\",\"url\":\"https:\\\/\\\/frandl-sports.com\\\/\",\"name\":\"Frandl Sports\",\"description\":\"FRANDL SPORTS ist der kompetente Gesamtausstatter f\u00fcr professionelle Unternehmen im Bereich Wintersport\",\"publisher\":{\"@id\":\"https:\\\/\\\/frandl-sports.com\\\/#organization\"},\"potentialAction\":[{\"@type\":\"SearchAction\",\"target\":{\"@type\":\"EntryPoint\",\"urlTemplate\":\"https:\\\/\\\/frandl-sports.com\\\/?s={search_term_string}\"},\"query-input\":{\"@type\":\"PropertyValueSpecification\",\"valueRequired\":true,\"valueName\":\"search_term_string\"}}],\"inLanguage\":\"en-GB\"},{\"@type\":\"Organization\",\"@id\":\"https:\\\/\\\/frandl-sports.com\\\/#organization\",\"name\":\"Frandl Sports\",\"url\":\"https:\\\/\\\/frandl-sports.com\\\/\",\"logo\":{\"@type\":\"ImageObject\",\"inLanguage\":\"en-GB\",\"@id\":\"https:\\\/\\\/frandl-sports.com\\\/#\\\/schema\\\/logo\\\/image\\\/\",\"url\":\"https:\\\/\\\/frandl-sports.com\\\/wp-content\\\/uploads\\\/2026\\\/03\\\/Favicon_1.png\",\"contentUrl\":\"https:\\\/\\\/frandl-sports.com\\\/wp-content\\\/uploads\\\/2026\\\/03\\\/Favicon_1.png\",\"width\":500,\"height\":500,\"caption\":\"Frandl Sports\"},\"image\":{\"@id\":\"https:\\\/\\\/frandl-sports.com\\\/#\\\/schema\\\/logo\\\/image\\\/\"}}]}<\/script>\n<!-- \/ Yoast SEO plugin. -->","yoast_head_json":{"title":"HERO HEATED BAG 230V - Frandl Sports","robots":{"index":"index","follow":"follow","max-snippet":"max-snippet:-1","max-image-preview":"max-image-preview:large","max-video-preview":"max-video-preview:-1"},"canonical":"https:\/\/frandl-sports.com\/en\/product\/36988\/","og_locale":"en_GB","og_type":"article","og_title":"HERO HEATED BAG 230V - Frandl Sports","og_description":"Die robuste Hero Heated Stiefeltasche ist speziell f\u00fcr die Anforderungen des Alpinen Skiweltcups gemacht und h\u00e4lt die Schuhe auf dem Weg zum Berg warm und trocken. Die Tasche verf\u00fcgt \u00fcber ein ger\u00e4umiges Stiefelfach mit integrierter 230 V- bzw. 12 V DC-Heizung. Dank separater Taschen f\u00fcr Helm und Zubeh\u00f6r kommt alles sicher im Skigebiet an. Robuste [&hellip;]","og_url":"https:\/\/frandl-sports.com\/en\/product\/36988\/","og_site_name":"Frandl Sports","article_modified_time":"2025-08-29T17:00:46+00:00","og_image":[{"width":400,"height":400,"url":"https:\/\/frandl-sports.com\/wp-content\/uploads\/2025\/08\/Unbenannt-1-2.gif","type":"image\/gif"}],"twitter_card":"summary_large_image","twitter_misc":{"Estimated reading time":"1 minute"},"schema":{"@context":"https:\/\/schema.org","@graph":[{"@type":"WebPage","@id":"https:\/\/frandl-sports.com\/produkt\/36988\/","url":"https:\/\/frandl-sports.com\/produkt\/36988\/","name":"HERO HEATED BAG 230V - Frandl Sports","isPartOf":{"@id":"https:\/\/frandl-sports.com\/#website"},"primaryImageOfPage":{"@id":"https:\/\/frandl-sports.com\/produkt\/36988\/#primaryimage"},"image":{"@id":"https:\/\/frandl-sports.com\/produkt\/36988\/#primaryimage"},"thumbnailUrl":"https:\/\/frandl-sports.com\/wp-content\/uploads\/2025\/08\/Unbenannt-1-2.gif","datePublished":"2025-08-29T16:56:34+00:00","dateModified":"2025-08-29T17:00:46+00:00","breadcrumb":{"@id":"https:\/\/frandl-sports.com\/produkt\/36988\/#breadcrumb"},"inLanguage":"en-GB","potentialAction":[{"@type":"ReadAction","target":["https:\/\/frandl-sports.com\/produkt\/36988\/"]}]},{"@type":"ImageObject","inLanguage":"en-GB","@id":"https:\/\/frandl-sports.com\/produkt\/36988\/#primaryimage","url":"https:\/\/frandl-sports.com\/wp-content\/uploads\/2025\/08\/Unbenannt-1-2.gif","contentUrl":"https:\/\/frandl-sports.com\/wp-content\/uploads\/2025\/08\/Unbenannt-1-2.gif","width":400,"height":400},{"@type":"BreadcrumbList","@id":"https:\/\/frandl-sports.com\/produkt\/36988\/#breadcrumb","itemListElement":[{"@type":"ListItem","position":1,"name":"Startseite","item":"https:\/\/frandl-sports.com\/"},{"@type":"ListItem","position":2,"name":"Shop","item":"https:\/\/frandl-sports.com\/shop\/"},{"@type":"ListItem","position":3,"name":"HERO HEATED BAG 230V"}]},{"@type":"WebSite","@id":"https:\/\/frandl-sports.com\/#website","url":"https:\/\/frandl-sports.com\/","name":"Frandl Sports","description":"FRANDL SPORTS is the competent all-round supplier for professional companies in the winter sports sector","publisher":{"@id":"https:\/\/frandl-sports.com\/#organization"},"potentialAction":[{"@type":"SearchAction","target":{"@type":"EntryPoint","urlTemplate":"https:\/\/frandl-sports.com\/?s={search_term_string}"},"query-input":{"@type":"PropertyValueSpecification","valueRequired":true,"valueName":"search_term_string"}}],"inLanguage":"en-GB"},{"@type":"Organization","@id":"https:\/\/frandl-sports.com\/#organization","name":"Frandl Sports","url":"https:\/\/frandl-sports.com\/","logo":{"@type":"ImageObject","inLanguage":"en-GB","@id":"https:\/\/frandl-sports.com\/#\/schema\/logo\/image\/","url":"https:\/\/frandl-sports.com\/wp-content\/uploads\/2026\/03\/Favicon_1.png","contentUrl":"https:\/\/frandl-sports.com\/wp-content\/uploads\/2026\/03\/Favicon_1.png","width":500,"height":500,"caption":"Frandl Sports"},"image":{"@id":"https:\/\/frandl-sports.com\/#\/schema\/logo\/image\/"}}]}},"brands":[{"id":702,"name":"Rossignol","slug":"rossignol"}],"_links":{"self":[{"href":"https:\/\/frandl-sports.com\/en\/wp-json\/wp\/v2\/product\/36988","targetHints":{"allow":["GET"]}}],"collection":[{"href":"https:\/\/frandl-sports.com\/en\/wp-json\/wp\/v2\/product"}],"about":[{"href":"https:\/\/frandl-sports.com\/en\/wp-json\/wp\/v2\/types\/product"}],"replies":[{"embeddable":true,"href":"https:\/\/frandl-sports.com\/en\/wp-json\/wp\/v2\/comments?post=36988"}],"wp:featuredmedia":[{"embeddable":true,"href":"https:\/\/frandl-sports.com\/en\/wp-json\/wp\/v2\/media\/36991"}],"wp:attachment":[{"href":"https:\/\/frandl-sports.com\/en\/wp-json\/wp\/v2\/media?parent=36988"}],"wp:term":[{"taxonomy":"pwb-brand","embeddable":true,"href":"https:\/\/frandl-sports.com\/en\/wp-json\/wp\/v2\/pwb-brand?post=36988"},{"taxonomy":"product_brand","embeddable":true,"href":"https:\/\/frandl-sports.com\/en\/wp-json\/wp\/v2\/product_brand?post=36988"},{"taxonomy":"product_cat","embeddable":true,"href":"https:\/\/frandl-sports.com\/en\/wp-json\/wp\/v2\/product_cat?post=36988"},{"taxonomy":"product_tag","embeddable":true,"href":"https:\/\/frandl-sports.com\/en\/wp-json\/wp\/v2\/product_tag?post=36988"}],"curies":[{"name":"wp","href":"https:\/\/api.w.org\/{rel}","templated":true}]}}