{"id":37885,"date":"2025-10-02T17:12:54","date_gmt":"2025-10-02T15:12:54","guid":{"rendered":"https:\/\/frandl-sports.com\/?post_type=product&#038;p=37885"},"modified":"2025-10-02T17:12:54","modified_gmt":"2025-10-02T15:12:54","slug":"speedblock-cold-15-g","status":"publish","type":"product","link":"https:\/\/frandl-sports.com\/en\/produkt\/speedblock-cold-15-g\/","title":{"rendered":"SpeedBlock Cold 15 g"},"content":{"rendered":"<ul>\n<li>for dry or grainy snow<\/li>\n<li>Extreme acceleration, maximum speed<\/li>\n<li>for use after the basic preparation on the films or after using other speed products, also during the launch before the start<\/li>\n<li>for snow temperatures from -5 \u00b0C to -20 \u00b0C<\/li>\n<li>Exploration temperature 125 \u00b0 C<\/li>\n<li>package 15g<\/li>\n<\/ul>","protected":false},"excerpt":{"rendered":"<p>for dry or granular snow Extreme acceleration, highest speed for application after the basic preparation on the films or after the use of other speed products also during the launch before the launch for snow temperatures from -5 \u00b0 C to -20 \u00b0 C exploration temperature 125 \u00b0 C package 15g<\/p>","protected":false},"featured_media":37886,"comment_status":"open","ping_status":"closed","template":"","meta":[],"pwb-brand":[950],"product_brand":[420],"product_cat":[1021,1016,235],"product_tag":[],"class_list":{"0":"post-37885","1":"product","2":"type-product","3":"status-publish","4":"has-post-thumbnail","6":"pwb-brand-holmenkol","7":"product_brand-holmenkol","8":"product_cat-finish","9":"product_cat-holmenkol","10":"product_cat-skiwachs-tuning","12":"first","13":"instock","14":"sale","15":"taxable","16":"shipping-taxable","17":"purchasable","18":"product-type-simple"},"yoast_head":"<!-- This site is optimized with the Yoast SEO plugin v27.6 - https:\/\/yoast.com\/product\/yoast-seo-wordpress\/ -->\n<title>SpeedBlock Cold 15 g - Frandl Sports<\/title>\n<meta name=\"robots\" content=\"index, follow, max-snippet:-1, max-image-preview:large, max-video-preview:-1\" \/>\n<link rel=\"canonical\" href=\"https:\/\/frandl-sports.com\/en\/product\/speedblock-cold-15-g\/\" \/>\n<meta property=\"og:locale\" content=\"en_GB\" \/>\n<meta property=\"og:type\" content=\"article\" \/>\n<meta property=\"og:title\" content=\"SpeedBlock Cold 15 g - Frandl Sports\" \/>\n<meta property=\"og:description\" content=\"f\u00fcr trockene oder k\u00f6rnige Schnee Extreme Beschleunigung, h\u00f6chste Geschwindigkeit f\u00fcr die Anwendung nach der Grundvorbereitung auf den Folien oder nach der Verwendung anderer Geschwindigkeitsprodukte auch w\u00e4hrend des Starts vor dem Start f\u00fcr Schneetemperaturen von -5 \u00b0 C bis -20 \u00b0 C Erkundungstemperatur 125 \u00b0 C paket 15g\" \/>\n<meta property=\"og:url\" content=\"https:\/\/frandl-sports.com\/en\/product\/speedblock-cold-15-g\/\" \/>\n<meta property=\"og:site_name\" content=\"Frandl Sports\" \/>\n<meta property=\"og:image\" content=\"https:\/\/frandl-sports.com\/wp-content\/uploads\/2025\/10\/Block-Cold.gif\" \/>\n\t<meta property=\"og:image:width\" content=\"800\" \/>\n\t<meta property=\"og:image:height\" content=\"800\" \/>\n\t<meta property=\"og:image:type\" content=\"image\/gif\" \/>\n<meta name=\"twitter:card\" content=\"summary_large_image\" \/>\n<meta name=\"twitter:label1\" content=\"Estimated reading time\" \/>\n\t<meta name=\"twitter:data1\" content=\"1 minute\" \/>\n<script type=\"application\/ld+json\" class=\"yoast-schema-graph\">{\"@context\":\"https:\\\/\\\/schema.org\",\"@graph\":[{\"@type\":\"WebPage\",\"@id\":\"https:\\\/\\\/frandl-sports.com\\\/produkt\\\/speedblock-cold-15-g\\\/\",\"url\":\"https:\\\/\\\/frandl-sports.com\\\/produkt\\\/speedblock-cold-15-g\\\/\",\"name\":\"SpeedBlock Cold 15 g - Frandl Sports\",\"isPartOf\":{\"@id\":\"https:\\\/\\\/frandl-sports.com\\\/#website\"},\"primaryImageOfPage\":{\"@id\":\"https:\\\/\\\/frandl-sports.com\\\/produkt\\\/speedblock-cold-15-g\\\/#primaryimage\"},\"image\":{\"@id\":\"https:\\\/\\\/frandl-sports.com\\\/produkt\\\/speedblock-cold-15-g\\\/#primaryimage\"},\"thumbnailUrl\":\"https:\\\/\\\/frandl-sports.com\\\/wp-content\\\/uploads\\\/2025\\\/10\\\/Block-Cold.gif\",\"datePublished\":\"2025-10-02T15:12:54+00:00\",\"breadcrumb\":{\"@id\":\"https:\\\/\\\/frandl-sports.com\\\/produkt\\\/speedblock-cold-15-g\\\/#breadcrumb\"},\"inLanguage\":\"en-GB\",\"potentialAction\":[{\"@type\":\"ReadAction\",\"target\":[\"https:\\\/\\\/frandl-sports.com\\\/produkt\\\/speedblock-cold-15-g\\\/\"]}]},{\"@type\":\"ImageObject\",\"inLanguage\":\"en-GB\",\"@id\":\"https:\\\/\\\/frandl-sports.com\\\/produkt\\\/speedblock-cold-15-g\\\/#primaryimage\",\"url\":\"https:\\\/\\\/frandl-sports.com\\\/wp-content\\\/uploads\\\/2025\\\/10\\\/Block-Cold.gif\",\"contentUrl\":\"https:\\\/\\\/frandl-sports.com\\\/wp-content\\\/uploads\\\/2025\\\/10\\\/Block-Cold.gif\",\"width\":800,\"height\":800},{\"@type\":\"BreadcrumbList\",\"@id\":\"https:\\\/\\\/frandl-sports.com\\\/produkt\\\/speedblock-cold-15-g\\\/#breadcrumb\",\"itemListElement\":[{\"@type\":\"ListItem\",\"position\":1,\"name\":\"Startseite\",\"item\":\"https:\\\/\\\/frandl-sports.com\\\/\"},{\"@type\":\"ListItem\",\"position\":2,\"name\":\"Shop\",\"item\":\"https:\\\/\\\/frandl-sports.com\\\/shop\\\/\"},{\"@type\":\"ListItem\",\"position\":3,\"name\":\"SpeedBlock Cold 15 g\"}]},{\"@type\":\"WebSite\",\"@id\":\"https:\\\/\\\/frandl-sports.com\\\/#website\",\"url\":\"https:\\\/\\\/frandl-sports.com\\\/\",\"name\":\"Frandl Sports\",\"description\":\"FRANDL SPORTS ist der kompetente Gesamtausstatter f\u00fcr professionelle Unternehmen im Bereich Wintersport\",\"publisher\":{\"@id\":\"https:\\\/\\\/frandl-sports.com\\\/#organization\"},\"potentialAction\":[{\"@type\":\"SearchAction\",\"target\":{\"@type\":\"EntryPoint\",\"urlTemplate\":\"https:\\\/\\\/frandl-sports.com\\\/?s={search_term_string}\"},\"query-input\":{\"@type\":\"PropertyValueSpecification\",\"valueRequired\":true,\"valueName\":\"search_term_string\"}}],\"inLanguage\":\"en-GB\"},{\"@type\":\"Organization\",\"@id\":\"https:\\\/\\\/frandl-sports.com\\\/#organization\",\"name\":\"Frandl Sports\",\"url\":\"https:\\\/\\\/frandl-sports.com\\\/\",\"logo\":{\"@type\":\"ImageObject\",\"inLanguage\":\"en-GB\",\"@id\":\"https:\\\/\\\/frandl-sports.com\\\/#\\\/schema\\\/logo\\\/image\\\/\",\"url\":\"https:\\\/\\\/frandl-sports.com\\\/wp-content\\\/uploads\\\/2026\\\/03\\\/Favicon_1.png\",\"contentUrl\":\"https:\\\/\\\/frandl-sports.com\\\/wp-content\\\/uploads\\\/2026\\\/03\\\/Favicon_1.png\",\"width\":500,\"height\":500,\"caption\":\"Frandl Sports\"},\"image\":{\"@id\":\"https:\\\/\\\/frandl-sports.com\\\/#\\\/schema\\\/logo\\\/image\\\/\"}}]}<\/script>\n<!-- \/ Yoast SEO plugin. -->","yoast_head_json":{"title":"SpeedBlock Cold 15 g - Frandl Sports","robots":{"index":"index","follow":"follow","max-snippet":"max-snippet:-1","max-image-preview":"max-image-preview:large","max-video-preview":"max-video-preview:-1"},"canonical":"https:\/\/frandl-sports.com\/en\/product\/speedblock-cold-15-g\/","og_locale":"en_GB","og_type":"article","og_title":"SpeedBlock Cold 15 g - Frandl Sports","og_description":"f\u00fcr trockene oder k\u00f6rnige Schnee Extreme Beschleunigung, h\u00f6chste Geschwindigkeit f\u00fcr die Anwendung nach der Grundvorbereitung auf den Folien oder nach der Verwendung anderer Geschwindigkeitsprodukte auch w\u00e4hrend des Starts vor dem Start f\u00fcr Schneetemperaturen von -5 \u00b0 C bis -20 \u00b0 C Erkundungstemperatur 125 \u00b0 C paket 15g","og_url":"https:\/\/frandl-sports.com\/en\/product\/speedblock-cold-15-g\/","og_site_name":"Frandl Sports","og_image":[{"width":800,"height":800,"url":"https:\/\/frandl-sports.com\/wp-content\/uploads\/2025\/10\/Block-Cold.gif","type":"image\/gif"}],"twitter_card":"summary_large_image","twitter_misc":{"Estimated reading time":"1 minute"},"schema":{"@context":"https:\/\/schema.org","@graph":[{"@type":"WebPage","@id":"https:\/\/frandl-sports.com\/produkt\/speedblock-cold-15-g\/","url":"https:\/\/frandl-sports.com\/produkt\/speedblock-cold-15-g\/","name":"SpeedBlock Cold 15 g - Frandl Sports","isPartOf":{"@id":"https:\/\/frandl-sports.com\/#website"},"primaryImageOfPage":{"@id":"https:\/\/frandl-sports.com\/produkt\/speedblock-cold-15-g\/#primaryimage"},"image":{"@id":"https:\/\/frandl-sports.com\/produkt\/speedblock-cold-15-g\/#primaryimage"},"thumbnailUrl":"https:\/\/frandl-sports.com\/wp-content\/uploads\/2025\/10\/Block-Cold.gif","datePublished":"2025-10-02T15:12:54+00:00","breadcrumb":{"@id":"https:\/\/frandl-sports.com\/produkt\/speedblock-cold-15-g\/#breadcrumb"},"inLanguage":"en-GB","potentialAction":[{"@type":"ReadAction","target":["https:\/\/frandl-sports.com\/produkt\/speedblock-cold-15-g\/"]}]},{"@type":"ImageObject","inLanguage":"en-GB","@id":"https:\/\/frandl-sports.com\/produkt\/speedblock-cold-15-g\/#primaryimage","url":"https:\/\/frandl-sports.com\/wp-content\/uploads\/2025\/10\/Block-Cold.gif","contentUrl":"https:\/\/frandl-sports.com\/wp-content\/uploads\/2025\/10\/Block-Cold.gif","width":800,"height":800},{"@type":"BreadcrumbList","@id":"https:\/\/frandl-sports.com\/produkt\/speedblock-cold-15-g\/#breadcrumb","itemListElement":[{"@type":"ListItem","position":1,"name":"Startseite","item":"https:\/\/frandl-sports.com\/"},{"@type":"ListItem","position":2,"name":"Shop","item":"https:\/\/frandl-sports.com\/shop\/"},{"@type":"ListItem","position":3,"name":"SpeedBlock Cold 15 g"}]},{"@type":"WebSite","@id":"https:\/\/frandl-sports.com\/#website","url":"https:\/\/frandl-sports.com\/","name":"Frandl Sports","description":"FRANDL SPORTS is the competent all-round supplier for professional companies in the winter sports sector","publisher":{"@id":"https:\/\/frandl-sports.com\/#organization"},"potentialAction":[{"@type":"SearchAction","target":{"@type":"EntryPoint","urlTemplate":"https:\/\/frandl-sports.com\/?s={search_term_string}"},"query-input":{"@type":"PropertyValueSpecification","valueRequired":true,"valueName":"search_term_string"}}],"inLanguage":"en-GB"},{"@type":"Organization","@id":"https:\/\/frandl-sports.com\/#organization","name":"Frandl Sports","url":"https:\/\/frandl-sports.com\/","logo":{"@type":"ImageObject","inLanguage":"en-GB","@id":"https:\/\/frandl-sports.com\/#\/schema\/logo\/image\/","url":"https:\/\/frandl-sports.com\/wp-content\/uploads\/2026\/03\/Favicon_1.png","contentUrl":"https:\/\/frandl-sports.com\/wp-content\/uploads\/2026\/03\/Favicon_1.png","width":500,"height":500,"caption":"Frandl Sports"},"image":{"@id":"https:\/\/frandl-sports.com\/#\/schema\/logo\/image\/"}}]}},"brands":[{"id":950,"name":"Holmenkol","slug":"holmenkol"}],"_links":{"self":[{"href":"https:\/\/frandl-sports.com\/en\/wp-json\/wp\/v2\/product\/37885","targetHints":{"allow":["GET"]}}],"collection":[{"href":"https:\/\/frandl-sports.com\/en\/wp-json\/wp\/v2\/product"}],"about":[{"href":"https:\/\/frandl-sports.com\/en\/wp-json\/wp\/v2\/types\/product"}],"replies":[{"embeddable":true,"href":"https:\/\/frandl-sports.com\/en\/wp-json\/wp\/v2\/comments?post=37885"}],"wp:featuredmedia":[{"embeddable":true,"href":"https:\/\/frandl-sports.com\/en\/wp-json\/wp\/v2\/media\/37886"}],"wp:attachment":[{"href":"https:\/\/frandl-sports.com\/en\/wp-json\/wp\/v2\/media?parent=37885"}],"wp:term":[{"taxonomy":"pwb-brand","embeddable":true,"href":"https:\/\/frandl-sports.com\/en\/wp-json\/wp\/v2\/pwb-brand?post=37885"},{"taxonomy":"product_brand","embeddable":true,"href":"https:\/\/frandl-sports.com\/en\/wp-json\/wp\/v2\/product_brand?post=37885"},{"taxonomy":"product_cat","embeddable":true,"href":"https:\/\/frandl-sports.com\/en\/wp-json\/wp\/v2\/product_cat?post=37885"},{"taxonomy":"product_tag","embeddable":true,"href":"https:\/\/frandl-sports.com\/en\/wp-json\/wp\/v2\/product_tag?post=37885"}],"curies":[{"name":"wp","href":"https:\/\/api.w.org\/{rel}","templated":true}]}}