{"id":38753,"date":"2026-03-26T11:41:07","date_gmt":"2026-03-26T10:41:07","guid":{"rendered":"https:\/\/frandl-sports.com\/?post_type=product&#038;p=38753"},"modified":"2026-03-26T11:47:07","modified_gmt":"2026-03-26T10:47:07","slug":"spx-12-rockerace-gw-silver-red","status":"publish","type":"product","link":"https:\/\/frandl-sports.com\/en\/produkt\/spx-12-rockerace-gw-silver-red\/","title":{"rendered":"SPX 12 ROCKERACE GW SILVER RED"},"content":{"rendered":"<p>Designed specifically for competitive skiers, the SPX 12 ROCKERACE binding is based on our Hot Red style World Cup design. It offers an extremely long Elastic Travel for reliable hold, direct power transmission and high shock absorption to minimise the risk of false releases. Thanks to a short mounting zone and the partially sprung heel section, the ski can be controlled with even more flex and precision. The binding is only compatible with a mounted R22 plate and ISO 5355 A ski boots.<\/p>","protected":false},"excerpt":{"rendered":"<p>Die SPX 12 ROCKERACE-Bindung, die speziell f\u00fcr kompetitive Skifahrer entwickelt wurde, basiert auf unserem Worldcup-Design im Hot Red-Stil. Sie bietet einen \u00e4u\u00dferst langen Elastic Travel f\u00fcr zuverl\u00e4ssigen Halt, direkte Kraft\u00fcbertragung und hohe Sto\u00dfd\u00e4mpfung, um das Risiko von Fehlausl\u00f6sungen zu minimieren. Dank einer kurzen Montagezone und dem teilgefederten Fersenteil l\u00e4sst sich der Ski mit noch mehr [&hellip;]<\/p>\n","protected":false},"featured_media":38755,"comment_status":"open","ping_status":"closed","template":"","meta":[],"pwb-brand":[702],"product_brand":[1118,429],"product_cat":[755,758],"product_tag":[],"class_list":{"0":"post-38753","1":"product","2":"type-product","3":"status-publish","4":"has-post-thumbnail","6":"pwb-brand-rossignol","7":"product_brand-look","8":"product_brand-rossignol-9","9":"product_cat-look","10":"product_cat-rossignol-3","11":"product_shipping_class-2kg","13":"first","14":"instock","15":"sale","16":"taxable","17":"shipping-taxable","18":"purchasable","19":"product-type-simple"},"yoast_head":"<!-- This site is optimized with the Yoast SEO plugin v27.6 - https:\/\/yoast.com\/product\/yoast-seo-wordpress\/ -->\n<title>SPX 12 ROCKERACE GW SILVER RED - Frandl Sports<\/title>\n<meta name=\"robots\" content=\"index, follow, max-snippet:-1, max-image-preview:large, max-video-preview:-1\" \/>\n<link rel=\"canonical\" href=\"https:\/\/frandl-sports.com\/en\/product\/spx-12-rockerace-gw-silver-red\/\" \/>\n<meta property=\"og:locale\" content=\"en_GB\" \/>\n<meta property=\"og:type\" content=\"article\" \/>\n<meta property=\"og:title\" content=\"SPX 12 ROCKERACE GW SILVER RED - Frandl Sports\" \/>\n<meta property=\"og:description\" content=\"Die SPX 12 ROCKERACE-Bindung, die speziell f\u00fcr kompetitive Skifahrer entwickelt wurde, basiert auf unserem Worldcup-Design im Hot Red-Stil. Sie bietet einen \u00e4u\u00dferst langen Elastic Travel f\u00fcr zuverl\u00e4ssigen Halt, direkte Kraft\u00fcbertragung und hohe Sto\u00dfd\u00e4mpfung, um das Risiko von Fehlausl\u00f6sungen zu minimieren. Dank einer kurzen Montagezone und dem teilgefederten Fersenteil l\u00e4sst sich der Ski mit noch mehr [&hellip;]\" \/>\n<meta property=\"og:url\" content=\"https:\/\/frandl-sports.com\/en\/product\/spx-12-rockerace-gw-silver-red\/\" \/>\n<meta property=\"og:site_name\" content=\"Frandl Sports\" \/>\n<meta property=\"article:modified_time\" content=\"2026-03-26T10:47:07+00:00\" \/>\n<meta property=\"og:image\" content=\"https:\/\/frandl-sports.com\/wp-content\/uploads\/2026\/03\/SPX-12-RR.gif\" \/>\n\t<meta property=\"og:image:width\" content=\"800\" \/>\n\t<meta property=\"og:image:height\" content=\"800\" \/>\n\t<meta property=\"og:image:type\" content=\"image\/gif\" \/>\n<meta name=\"twitter:card\" content=\"summary_large_image\" \/>\n<meta name=\"twitter:label1\" content=\"Estimated reading time\" \/>\n\t<meta name=\"twitter:data1\" content=\"1 minute\" \/>\n<script type=\"application\/ld+json\" class=\"yoast-schema-graph\">{\"@context\":\"https:\\\/\\\/schema.org\",\"@graph\":[{\"@type\":\"WebPage\",\"@id\":\"https:\\\/\\\/frandl-sports.com\\\/produkt\\\/spx-12-rockerace-gw-silver-red\\\/\",\"url\":\"https:\\\/\\\/frandl-sports.com\\\/produkt\\\/spx-12-rockerace-gw-silver-red\\\/\",\"name\":\"SPX 12 ROCKERACE GW SILVER RED - Frandl Sports\",\"isPartOf\":{\"@id\":\"https:\\\/\\\/frandl-sports.com\\\/#website\"},\"primaryImageOfPage\":{\"@id\":\"https:\\\/\\\/frandl-sports.com\\\/produkt\\\/spx-12-rockerace-gw-silver-red\\\/#primaryimage\"},\"image\":{\"@id\":\"https:\\\/\\\/frandl-sports.com\\\/produkt\\\/spx-12-rockerace-gw-silver-red\\\/#primaryimage\"},\"thumbnailUrl\":\"https:\\\/\\\/frandl-sports.com\\\/wp-content\\\/uploads\\\/2026\\\/03\\\/SPX-12-RR.gif\",\"datePublished\":\"2026-03-26T10:41:07+00:00\",\"dateModified\":\"2026-03-26T10:47:07+00:00\",\"breadcrumb\":{\"@id\":\"https:\\\/\\\/frandl-sports.com\\\/produkt\\\/spx-12-rockerace-gw-silver-red\\\/#breadcrumb\"},\"inLanguage\":\"en-GB\",\"potentialAction\":[{\"@type\":\"ReadAction\",\"target\":[\"https:\\\/\\\/frandl-sports.com\\\/produkt\\\/spx-12-rockerace-gw-silver-red\\\/\"]}]},{\"@type\":\"ImageObject\",\"inLanguage\":\"en-GB\",\"@id\":\"https:\\\/\\\/frandl-sports.com\\\/produkt\\\/spx-12-rockerace-gw-silver-red\\\/#primaryimage\",\"url\":\"https:\\\/\\\/frandl-sports.com\\\/wp-content\\\/uploads\\\/2026\\\/03\\\/SPX-12-RR.gif\",\"contentUrl\":\"https:\\\/\\\/frandl-sports.com\\\/wp-content\\\/uploads\\\/2026\\\/03\\\/SPX-12-RR.gif\",\"width\":800,\"height\":800},{\"@type\":\"BreadcrumbList\",\"@id\":\"https:\\\/\\\/frandl-sports.com\\\/produkt\\\/spx-12-rockerace-gw-silver-red\\\/#breadcrumb\",\"itemListElement\":[{\"@type\":\"ListItem\",\"position\":1,\"name\":\"Startseite\",\"item\":\"https:\\\/\\\/frandl-sports.com\\\/\"},{\"@type\":\"ListItem\",\"position\":2,\"name\":\"Shop\",\"item\":\"https:\\\/\\\/frandl-sports.com\\\/shop\\\/\"},{\"@type\":\"ListItem\",\"position\":3,\"name\":\"SPX 12 ROCKERACE GW SILVER RED\"}]},{\"@type\":\"WebSite\",\"@id\":\"https:\\\/\\\/frandl-sports.com\\\/#website\",\"url\":\"https:\\\/\\\/frandl-sports.com\\\/\",\"name\":\"Frandl Sports\",\"description\":\"FRANDL SPORTS ist der kompetente Gesamtausstatter f\u00fcr professionelle Unternehmen im Bereich Wintersport\",\"publisher\":{\"@id\":\"https:\\\/\\\/frandl-sports.com\\\/#organization\"},\"potentialAction\":[{\"@type\":\"SearchAction\",\"target\":{\"@type\":\"EntryPoint\",\"urlTemplate\":\"https:\\\/\\\/frandl-sports.com\\\/?s={search_term_string}\"},\"query-input\":{\"@type\":\"PropertyValueSpecification\",\"valueRequired\":true,\"valueName\":\"search_term_string\"}}],\"inLanguage\":\"en-GB\"},{\"@type\":\"Organization\",\"@id\":\"https:\\\/\\\/frandl-sports.com\\\/#organization\",\"name\":\"Frandl Sports\",\"url\":\"https:\\\/\\\/frandl-sports.com\\\/\",\"logo\":{\"@type\":\"ImageObject\",\"inLanguage\":\"en-GB\",\"@id\":\"https:\\\/\\\/frandl-sports.com\\\/#\\\/schema\\\/logo\\\/image\\\/\",\"url\":\"https:\\\/\\\/frandl-sports.com\\\/wp-content\\\/uploads\\\/2026\\\/03\\\/Favicon_1.png\",\"contentUrl\":\"https:\\\/\\\/frandl-sports.com\\\/wp-content\\\/uploads\\\/2026\\\/03\\\/Favicon_1.png\",\"width\":500,\"height\":500,\"caption\":\"Frandl Sports\"},\"image\":{\"@id\":\"https:\\\/\\\/frandl-sports.com\\\/#\\\/schema\\\/logo\\\/image\\\/\"}}]}<\/script>\n<!-- \/ Yoast SEO plugin. -->","yoast_head_json":{"title":"SPX 12 ROCKERACE GW SILVER RED - Frandl Sports","robots":{"index":"index","follow":"follow","max-snippet":"max-snippet:-1","max-image-preview":"max-image-preview:large","max-video-preview":"max-video-preview:-1"},"canonical":"https:\/\/frandl-sports.com\/en\/product\/spx-12-rockerace-gw-silver-red\/","og_locale":"en_GB","og_type":"article","og_title":"SPX 12 ROCKERACE GW SILVER RED - Frandl Sports","og_description":"Die SPX 12 ROCKERACE-Bindung, die speziell f\u00fcr kompetitive Skifahrer entwickelt wurde, basiert auf unserem Worldcup-Design im Hot Red-Stil. Sie bietet einen \u00e4u\u00dferst langen Elastic Travel f\u00fcr zuverl\u00e4ssigen Halt, direkte Kraft\u00fcbertragung und hohe Sto\u00dfd\u00e4mpfung, um das Risiko von Fehlausl\u00f6sungen zu minimieren. Dank einer kurzen Montagezone und dem teilgefederten Fersenteil l\u00e4sst sich der Ski mit noch mehr [&hellip;]","og_url":"https:\/\/frandl-sports.com\/en\/product\/spx-12-rockerace-gw-silver-red\/","og_site_name":"Frandl Sports","article_modified_time":"2026-03-26T10:47:07+00:00","og_image":[{"width":800,"height":800,"url":"https:\/\/frandl-sports.com\/wp-content\/uploads\/2026\/03\/SPX-12-RR.gif","type":"image\/gif"}],"twitter_card":"summary_large_image","twitter_misc":{"Estimated reading time":"1 minute"},"schema":{"@context":"https:\/\/schema.org","@graph":[{"@type":"WebPage","@id":"https:\/\/frandl-sports.com\/produkt\/spx-12-rockerace-gw-silver-red\/","url":"https:\/\/frandl-sports.com\/produkt\/spx-12-rockerace-gw-silver-red\/","name":"SPX 12 ROCKERACE GW SILVER RED - Frandl Sports","isPartOf":{"@id":"https:\/\/frandl-sports.com\/#website"},"primaryImageOfPage":{"@id":"https:\/\/frandl-sports.com\/produkt\/spx-12-rockerace-gw-silver-red\/#primaryimage"},"image":{"@id":"https:\/\/frandl-sports.com\/produkt\/spx-12-rockerace-gw-silver-red\/#primaryimage"},"thumbnailUrl":"https:\/\/frandl-sports.com\/wp-content\/uploads\/2026\/03\/SPX-12-RR.gif","datePublished":"2026-03-26T10:41:07+00:00","dateModified":"2026-03-26T10:47:07+00:00","breadcrumb":{"@id":"https:\/\/frandl-sports.com\/produkt\/spx-12-rockerace-gw-silver-red\/#breadcrumb"},"inLanguage":"en-GB","potentialAction":[{"@type":"ReadAction","target":["https:\/\/frandl-sports.com\/produkt\/spx-12-rockerace-gw-silver-red\/"]}]},{"@type":"ImageObject","inLanguage":"en-GB","@id":"https:\/\/frandl-sports.com\/produkt\/spx-12-rockerace-gw-silver-red\/#primaryimage","url":"https:\/\/frandl-sports.com\/wp-content\/uploads\/2026\/03\/SPX-12-RR.gif","contentUrl":"https:\/\/frandl-sports.com\/wp-content\/uploads\/2026\/03\/SPX-12-RR.gif","width":800,"height":800},{"@type":"BreadcrumbList","@id":"https:\/\/frandl-sports.com\/produkt\/spx-12-rockerace-gw-silver-red\/#breadcrumb","itemListElement":[{"@type":"ListItem","position":1,"name":"Startseite","item":"https:\/\/frandl-sports.com\/"},{"@type":"ListItem","position":2,"name":"Shop","item":"https:\/\/frandl-sports.com\/shop\/"},{"@type":"ListItem","position":3,"name":"SPX 12 ROCKERACE GW SILVER RED"}]},{"@type":"WebSite","@id":"https:\/\/frandl-sports.com\/#website","url":"https:\/\/frandl-sports.com\/","name":"Frandl Sports","description":"FRANDL SPORTS is the competent all-round supplier for professional companies in the winter sports sector","publisher":{"@id":"https:\/\/frandl-sports.com\/#organization"},"potentialAction":[{"@type":"SearchAction","target":{"@type":"EntryPoint","urlTemplate":"https:\/\/frandl-sports.com\/?s={search_term_string}"},"query-input":{"@type":"PropertyValueSpecification","valueRequired":true,"valueName":"search_term_string"}}],"inLanguage":"en-GB"},{"@type":"Organization","@id":"https:\/\/frandl-sports.com\/#organization","name":"Frandl Sports","url":"https:\/\/frandl-sports.com\/","logo":{"@type":"ImageObject","inLanguage":"en-GB","@id":"https:\/\/frandl-sports.com\/#\/schema\/logo\/image\/","url":"https:\/\/frandl-sports.com\/wp-content\/uploads\/2026\/03\/Favicon_1.png","contentUrl":"https:\/\/frandl-sports.com\/wp-content\/uploads\/2026\/03\/Favicon_1.png","width":500,"height":500,"caption":"Frandl Sports"},"image":{"@id":"https:\/\/frandl-sports.com\/#\/schema\/logo\/image\/"}}]}},"brands":[{"id":702,"name":"Rossignol","slug":"rossignol"}],"_links":{"self":[{"href":"https:\/\/frandl-sports.com\/en\/wp-json\/wp\/v2\/product\/38753","targetHints":{"allow":["GET"]}}],"collection":[{"href":"https:\/\/frandl-sports.com\/en\/wp-json\/wp\/v2\/product"}],"about":[{"href":"https:\/\/frandl-sports.com\/en\/wp-json\/wp\/v2\/types\/product"}],"replies":[{"embeddable":true,"href":"https:\/\/frandl-sports.com\/en\/wp-json\/wp\/v2\/comments?post=38753"}],"wp:featuredmedia":[{"embeddable":true,"href":"https:\/\/frandl-sports.com\/en\/wp-json\/wp\/v2\/media\/38755"}],"wp:attachment":[{"href":"https:\/\/frandl-sports.com\/en\/wp-json\/wp\/v2\/media?parent=38753"}],"wp:term":[{"taxonomy":"pwb-brand","embeddable":true,"href":"https:\/\/frandl-sports.com\/en\/wp-json\/wp\/v2\/pwb-brand?post=38753"},{"taxonomy":"product_brand","embeddable":true,"href":"https:\/\/frandl-sports.com\/en\/wp-json\/wp\/v2\/product_brand?post=38753"},{"taxonomy":"product_cat","embeddable":true,"href":"https:\/\/frandl-sports.com\/en\/wp-json\/wp\/v2\/product_cat?post=38753"},{"taxonomy":"product_tag","embeddable":true,"href":"https:\/\/frandl-sports.com\/en\/wp-json\/wp\/v2\/product_tag?post=38753"}],"curies":[{"name":"wp","href":"https:\/\/api.w.org\/{rel}","templated":true}]}}