{"id":38756,"date":"2026-03-26T11:47:19","date_gmt":"2026-03-26T10:47:19","guid":{"rendered":"https:\/\/frandl-sports.com\/?post_type=product&#038;p=38756"},"modified":"2026-03-26T11:51:07","modified_gmt":"2026-03-26T10:51:07","slug":"spx-14-rockerace-gw-silver-red-copy","status":"publish","type":"product","link":"https:\/\/frandl-sports.com\/en\/produkt\/spx-14-rockerace-gw-silver-red-kopie\/","title":{"rendered":"SPX 14 ROCKERACE GW SILVER RED"},"content":{"rendered":"<p>The SPX 14 ROCKERACE was developed for competitors and is a binding that has been modified from the World Cup models. It offers excellent grip thanks to a very long elastic release path and ensures immediate power transmission, better shock absorption and maximum limitation of unintentional false releases. Its short mounting zone and semi-suspended heel improve the flex of the ski and provide a further portion of precision and control. It is only compatible with skis with an R22 disc and boots that meet the ISO 5355 A and GripWalk\u00ae ISO 23223 A standards.<\/p>","protected":false},"excerpt":{"rendered":"<p>Die SPX 14 ROCKERACE wurde f\u00fcr Wettk\u00e4mpfer entwickelt und ist eine Bindung, die von den Weltcup-Modellen abgewandelt wurde. Sie bietet dank eines sehr langen elastischen Ausl\u00f6sewegs ausgezeichneten Halt und sorgt f\u00fcr eine sofortige Kraft\u00fcbertragung, eine bessere Sto\u00dfabsorption und eine maximale Begrenzung von unbeabsichtigten Fehlausl\u00f6sungen. Ihre kurze Montagezone und die halb aufgeh\u00e4ngte Ferse verbessern den Flex [&hellip;]<\/p>\n","protected":false},"featured_media":38757,"comment_status":"open","ping_status":"closed","template":"","meta":[],"pwb-brand":[702],"product_brand":[1118,429],"product_cat":[755,758],"product_tag":[],"class_list":{"0":"post-38756","1":"product","2":"type-product","3":"status-publish","4":"has-post-thumbnail","6":"pwb-brand-rossignol","7":"product_brand-look","8":"product_brand-rossignol-9","9":"product_cat-look","10":"product_cat-rossignol-3","11":"product_shipping_class-2kg","13":"first","14":"instock","15":"sale","16":"taxable","17":"shipping-taxable","18":"purchasable","19":"product-type-simple"},"yoast_head":"<!-- This site is optimized with the Yoast SEO plugin v27.6 - https:\/\/yoast.com\/product\/yoast-seo-wordpress\/ -->\n<title>SPX 14 ROCKERACE GW SILVER RED - Frandl Sports<\/title>\n<meta name=\"robots\" content=\"index, follow, max-snippet:-1, max-image-preview:large, max-video-preview:-1\" \/>\n<link rel=\"canonical\" href=\"https:\/\/frandl-sports.com\/en\/product\/spx-14-rockerace-gw-silver-red-copy\/\" \/>\n<meta property=\"og:locale\" content=\"en_GB\" \/>\n<meta property=\"og:type\" content=\"article\" \/>\n<meta property=\"og:title\" content=\"SPX 14 ROCKERACE GW SILVER RED - Frandl Sports\" \/>\n<meta property=\"og:description\" content=\"Die SPX 14 ROCKERACE wurde f\u00fcr Wettk\u00e4mpfer entwickelt und ist eine Bindung, die von den Weltcup-Modellen abgewandelt wurde. Sie bietet dank eines sehr langen elastischen Ausl\u00f6sewegs ausgezeichneten Halt und sorgt f\u00fcr eine sofortige Kraft\u00fcbertragung, eine bessere Sto\u00dfabsorption und eine maximale Begrenzung von unbeabsichtigten Fehlausl\u00f6sungen. Ihre kurze Montagezone und die halb aufgeh\u00e4ngte Ferse verbessern den Flex [&hellip;]\" \/>\n<meta property=\"og:url\" content=\"https:\/\/frandl-sports.com\/en\/product\/spx-14-rockerace-gw-silver-red-copy\/\" \/>\n<meta property=\"og:site_name\" content=\"Frandl Sports\" \/>\n<meta property=\"article:modified_time\" content=\"2026-03-26T10:51:07+00:00\" \/>\n<meta property=\"og:image\" content=\"https:\/\/frandl-sports.com\/wp-content\/uploads\/2026\/03\/SPX-14-RR.gif\" \/>\n\t<meta property=\"og:image:width\" content=\"800\" \/>\n\t<meta property=\"og:image:height\" content=\"800\" \/>\n\t<meta property=\"og:image:type\" content=\"image\/gif\" \/>\n<meta name=\"twitter:card\" content=\"summary_large_image\" \/>\n<script type=\"application\/ld+json\" class=\"yoast-schema-graph\">{\"@context\":\"https:\\\/\\\/schema.org\",\"@graph\":[{\"@type\":\"WebPage\",\"@id\":\"https:\\\/\\\/frandl-sports.com\\\/produkt\\\/spx-14-rockerace-gw-silver-red-kopie\\\/\",\"url\":\"https:\\\/\\\/frandl-sports.com\\\/produkt\\\/spx-14-rockerace-gw-silver-red-kopie\\\/\",\"name\":\"SPX 14 ROCKERACE GW SILVER RED - Frandl Sports\",\"isPartOf\":{\"@id\":\"https:\\\/\\\/frandl-sports.com\\\/#website\"},\"primaryImageOfPage\":{\"@id\":\"https:\\\/\\\/frandl-sports.com\\\/produkt\\\/spx-14-rockerace-gw-silver-red-kopie\\\/#primaryimage\"},\"image\":{\"@id\":\"https:\\\/\\\/frandl-sports.com\\\/produkt\\\/spx-14-rockerace-gw-silver-red-kopie\\\/#primaryimage\"},\"thumbnailUrl\":\"https:\\\/\\\/frandl-sports.com\\\/wp-content\\\/uploads\\\/2026\\\/03\\\/SPX-14-RR.gif\",\"datePublished\":\"2026-03-26T10:47:19+00:00\",\"dateModified\":\"2026-03-26T10:51:07+00:00\",\"breadcrumb\":{\"@id\":\"https:\\\/\\\/frandl-sports.com\\\/produkt\\\/spx-14-rockerace-gw-silver-red-kopie\\\/#breadcrumb\"},\"inLanguage\":\"en-GB\",\"potentialAction\":[{\"@type\":\"ReadAction\",\"target\":[\"https:\\\/\\\/frandl-sports.com\\\/produkt\\\/spx-14-rockerace-gw-silver-red-kopie\\\/\"]}]},{\"@type\":\"ImageObject\",\"inLanguage\":\"en-GB\",\"@id\":\"https:\\\/\\\/frandl-sports.com\\\/produkt\\\/spx-14-rockerace-gw-silver-red-kopie\\\/#primaryimage\",\"url\":\"https:\\\/\\\/frandl-sports.com\\\/wp-content\\\/uploads\\\/2026\\\/03\\\/SPX-14-RR.gif\",\"contentUrl\":\"https:\\\/\\\/frandl-sports.com\\\/wp-content\\\/uploads\\\/2026\\\/03\\\/SPX-14-RR.gif\",\"width\":800,\"height\":800},{\"@type\":\"BreadcrumbList\",\"@id\":\"https:\\\/\\\/frandl-sports.com\\\/produkt\\\/spx-14-rockerace-gw-silver-red-kopie\\\/#breadcrumb\",\"itemListElement\":[{\"@type\":\"ListItem\",\"position\":1,\"name\":\"Startseite\",\"item\":\"https:\\\/\\\/frandl-sports.com\\\/\"},{\"@type\":\"ListItem\",\"position\":2,\"name\":\"Shop\",\"item\":\"https:\\\/\\\/frandl-sports.com\\\/shop\\\/\"},{\"@type\":\"ListItem\",\"position\":3,\"name\":\"SPX 14 ROCKERACE GW SILVER RED\"}]},{\"@type\":\"WebSite\",\"@id\":\"https:\\\/\\\/frandl-sports.com\\\/#website\",\"url\":\"https:\\\/\\\/frandl-sports.com\\\/\",\"name\":\"Frandl Sports\",\"description\":\"FRANDL SPORTS ist der kompetente Gesamtausstatter f\u00fcr professionelle Unternehmen im Bereich Wintersport\",\"publisher\":{\"@id\":\"https:\\\/\\\/frandl-sports.com\\\/#organization\"},\"potentialAction\":[{\"@type\":\"SearchAction\",\"target\":{\"@type\":\"EntryPoint\",\"urlTemplate\":\"https:\\\/\\\/frandl-sports.com\\\/?s={search_term_string}\"},\"query-input\":{\"@type\":\"PropertyValueSpecification\",\"valueRequired\":true,\"valueName\":\"search_term_string\"}}],\"inLanguage\":\"en-GB\"},{\"@type\":\"Organization\",\"@id\":\"https:\\\/\\\/frandl-sports.com\\\/#organization\",\"name\":\"Frandl Sports\",\"url\":\"https:\\\/\\\/frandl-sports.com\\\/\",\"logo\":{\"@type\":\"ImageObject\",\"inLanguage\":\"en-GB\",\"@id\":\"https:\\\/\\\/frandl-sports.com\\\/#\\\/schema\\\/logo\\\/image\\\/\",\"url\":\"https:\\\/\\\/frandl-sports.com\\\/wp-content\\\/uploads\\\/2026\\\/03\\\/Favicon_1.png\",\"contentUrl\":\"https:\\\/\\\/frandl-sports.com\\\/wp-content\\\/uploads\\\/2026\\\/03\\\/Favicon_1.png\",\"width\":500,\"height\":500,\"caption\":\"Frandl Sports\"},\"image\":{\"@id\":\"https:\\\/\\\/frandl-sports.com\\\/#\\\/schema\\\/logo\\\/image\\\/\"}}]}<\/script>\n<!-- \/ Yoast SEO plugin. -->","yoast_head_json":{"title":"SPX 14 ROCKERACE GW SILVER RED - Frandl Sports","robots":{"index":"index","follow":"follow","max-snippet":"max-snippet:-1","max-image-preview":"max-image-preview:large","max-video-preview":"max-video-preview:-1"},"canonical":"https:\/\/frandl-sports.com\/en\/product\/spx-14-rockerace-gw-silver-red-copy\/","og_locale":"en_GB","og_type":"article","og_title":"SPX 14 ROCKERACE GW SILVER RED - Frandl Sports","og_description":"Die SPX 14 ROCKERACE wurde f\u00fcr Wettk\u00e4mpfer entwickelt und ist eine Bindung, die von den Weltcup-Modellen abgewandelt wurde. Sie bietet dank eines sehr langen elastischen Ausl\u00f6sewegs ausgezeichneten Halt und sorgt f\u00fcr eine sofortige Kraft\u00fcbertragung, eine bessere Sto\u00dfabsorption und eine maximale Begrenzung von unbeabsichtigten Fehlausl\u00f6sungen. Ihre kurze Montagezone und die halb aufgeh\u00e4ngte Ferse verbessern den Flex [&hellip;]","og_url":"https:\/\/frandl-sports.com\/en\/product\/spx-14-rockerace-gw-silver-red-copy\/","og_site_name":"Frandl Sports","article_modified_time":"2026-03-26T10:51:07+00:00","og_image":[{"width":800,"height":800,"url":"https:\/\/frandl-sports.com\/wp-content\/uploads\/2026\/03\/SPX-14-RR.gif","type":"image\/gif"}],"twitter_card":"summary_large_image","schema":{"@context":"https:\/\/schema.org","@graph":[{"@type":"WebPage","@id":"https:\/\/frandl-sports.com\/produkt\/spx-14-rockerace-gw-silver-red-kopie\/","url":"https:\/\/frandl-sports.com\/produkt\/spx-14-rockerace-gw-silver-red-kopie\/","name":"SPX 14 ROCKERACE GW SILVER RED - Frandl Sports","isPartOf":{"@id":"https:\/\/frandl-sports.com\/#website"},"primaryImageOfPage":{"@id":"https:\/\/frandl-sports.com\/produkt\/spx-14-rockerace-gw-silver-red-kopie\/#primaryimage"},"image":{"@id":"https:\/\/frandl-sports.com\/produkt\/spx-14-rockerace-gw-silver-red-kopie\/#primaryimage"},"thumbnailUrl":"https:\/\/frandl-sports.com\/wp-content\/uploads\/2026\/03\/SPX-14-RR.gif","datePublished":"2026-03-26T10:47:19+00:00","dateModified":"2026-03-26T10:51:07+00:00","breadcrumb":{"@id":"https:\/\/frandl-sports.com\/produkt\/spx-14-rockerace-gw-silver-red-kopie\/#breadcrumb"},"inLanguage":"en-GB","potentialAction":[{"@type":"ReadAction","target":["https:\/\/frandl-sports.com\/produkt\/spx-14-rockerace-gw-silver-red-kopie\/"]}]},{"@type":"ImageObject","inLanguage":"en-GB","@id":"https:\/\/frandl-sports.com\/produkt\/spx-14-rockerace-gw-silver-red-kopie\/#primaryimage","url":"https:\/\/frandl-sports.com\/wp-content\/uploads\/2026\/03\/SPX-14-RR.gif","contentUrl":"https:\/\/frandl-sports.com\/wp-content\/uploads\/2026\/03\/SPX-14-RR.gif","width":800,"height":800},{"@type":"BreadcrumbList","@id":"https:\/\/frandl-sports.com\/produkt\/spx-14-rockerace-gw-silver-red-kopie\/#breadcrumb","itemListElement":[{"@type":"ListItem","position":1,"name":"Startseite","item":"https:\/\/frandl-sports.com\/"},{"@type":"ListItem","position":2,"name":"Shop","item":"https:\/\/frandl-sports.com\/shop\/"},{"@type":"ListItem","position":3,"name":"SPX 14 ROCKERACE GW SILVER RED"}]},{"@type":"WebSite","@id":"https:\/\/frandl-sports.com\/#website","url":"https:\/\/frandl-sports.com\/","name":"Frandl Sports","description":"FRANDL SPORTS is the competent all-round supplier for professional companies in the winter sports sector","publisher":{"@id":"https:\/\/frandl-sports.com\/#organization"},"potentialAction":[{"@type":"SearchAction","target":{"@type":"EntryPoint","urlTemplate":"https:\/\/frandl-sports.com\/?s={search_term_string}"},"query-input":{"@type":"PropertyValueSpecification","valueRequired":true,"valueName":"search_term_string"}}],"inLanguage":"en-GB"},{"@type":"Organization","@id":"https:\/\/frandl-sports.com\/#organization","name":"Frandl Sports","url":"https:\/\/frandl-sports.com\/","logo":{"@type":"ImageObject","inLanguage":"en-GB","@id":"https:\/\/frandl-sports.com\/#\/schema\/logo\/image\/","url":"https:\/\/frandl-sports.com\/wp-content\/uploads\/2026\/03\/Favicon_1.png","contentUrl":"https:\/\/frandl-sports.com\/wp-content\/uploads\/2026\/03\/Favicon_1.png","width":500,"height":500,"caption":"Frandl Sports"},"image":{"@id":"https:\/\/frandl-sports.com\/#\/schema\/logo\/image\/"}}]}},"brands":[{"id":702,"name":"Rossignol","slug":"rossignol"}],"_links":{"self":[{"href":"https:\/\/frandl-sports.com\/en\/wp-json\/wp\/v2\/product\/38756","targetHints":{"allow":["GET"]}}],"collection":[{"href":"https:\/\/frandl-sports.com\/en\/wp-json\/wp\/v2\/product"}],"about":[{"href":"https:\/\/frandl-sports.com\/en\/wp-json\/wp\/v2\/types\/product"}],"replies":[{"embeddable":true,"href":"https:\/\/frandl-sports.com\/en\/wp-json\/wp\/v2\/comments?post=38756"}],"wp:featuredmedia":[{"embeddable":true,"href":"https:\/\/frandl-sports.com\/en\/wp-json\/wp\/v2\/media\/38757"}],"wp:attachment":[{"href":"https:\/\/frandl-sports.com\/en\/wp-json\/wp\/v2\/media?parent=38756"}],"wp:term":[{"taxonomy":"pwb-brand","embeddable":true,"href":"https:\/\/frandl-sports.com\/en\/wp-json\/wp\/v2\/pwb-brand?post=38756"},{"taxonomy":"product_brand","embeddable":true,"href":"https:\/\/frandl-sports.com\/en\/wp-json\/wp\/v2\/product_brand?post=38756"},{"taxonomy":"product_cat","embeddable":true,"href":"https:\/\/frandl-sports.com\/en\/wp-json\/wp\/v2\/product_cat?post=38756"},{"taxonomy":"product_tag","embeddable":true,"href":"https:\/\/frandl-sports.com\/en\/wp-json\/wp\/v2\/product_tag?post=38756"}],"curies":[{"name":"wp","href":"https:\/\/api.w.org\/{rel}","templated":true}]}}