{"id":38909,"date":"2026-04-20T14:55:22","date_gmt":"2026-04-20T12:55:22","guid":{"rendered":"https:\/\/frandl-sports.com\/?post_type=product&#038;p=38909"},"modified":"2026-04-20T14:55:23","modified_gmt":"2026-04-20T12:55:23","slug":"hero-jr-65","status":"publish","type":"product","link":"https:\/\/frandl-sports.com\/en\/produkt\/hero-jr-65\/","title":{"rendered":"HERO JR 65"},"content":{"rendered":"<p>Bet on proven power and fit. The Hero Jr 65 offers ambitious junior skiers the control and precision they need to get to the top of the podium. The last width is precisely matched to the width and circumference of children's feet, and four buckles provide the necessary power.<\/p>\n<p>Junior last width<br \/>\nThe casing is tailored to common problem areas and fits optimally.<\/p>\n<p>Focus on comfort<br \/>\nComfort Fit slippers made from soft material provide all-day cushioning and warmth<\/p>\n<p>Compatible with GripWalk\u00ae (sold separately)<br \/>\nGRIPWALK\u00ae soles with a rubberised tread and flexible toe area ensure more natural walking and more traction.<\/p>\n<table class=\"details-container mb-2\">\n<tbody>\n<tr class=\"details-sku\">\n<td class=\"details-property\">SKU<\/td>\n<td class=\"details-value\">RBP9090<\/td>\n<\/tr>\n<tr class=\"details-color\">\n<td class=\"details-property\">Buckles \u2013 Additional Features<\/td>\n<td class=\"details-value\">Adjustable prongs, 3 positions<\/td>\n<\/tr>\n<tr class=\"details-color\">\n<td class=\"details-property\">Straps \u2013 Adjustment<\/td>\n<td class=\"details-value\">4 Micro<\/td>\n<\/tr>\n<tr class=\"details-color\">\n<td class=\"details-property\">Buckles \u2013 Material<\/td>\n<td class=\"details-value\">100 % Aluminium<\/td>\n<\/tr>\n<tr class=\"details-color\">\n<td class=\"details-property\">Buckles \u2013 Technology<\/td>\n<td class=\"details-value\">Racing buckles<\/td>\n<\/tr>\n<tr class=\"details-color\">\n<td class=\"details-property\">Cuffs \u2013 Material<\/td>\n<td class=\"details-value\">Polyolefin<\/td>\n<\/tr>\n<tr class=\"details-color\">\n<td class=\"details-property\">Flex-Index<\/td>\n<td class=\"details-value\">65<\/td>\n<\/tr>\n<tr class=\"details-color\">\n<td class=\"details-property\">Inner boot \u2013 Power strap width<\/td>\n<td class=\"details-value\">30 mm<\/td>\n<\/tr>\n<tr class=\"details-color\">\n<td class=\"details-property\">Inner shoe \u2013 Technology<\/td>\n<td class=\"details-value\">Comfort Fit<\/td>\n<\/tr>\n<tr class=\"details-color\">\n<td class=\"details-property\">Outer material \u2013 Material<\/td>\n<td class=\"details-value\">Polyolefin<\/td>\n<\/tr>\n<tr class=\"details-color\">\n<td class=\"details-property\">Outer Material \u2013 Technology<\/td>\n<td class=\"details-value\">Sensor Inside<\/td>\n<\/tr>\n<tr class=\"details-color\">\n<td class=\"details-property\">Soles \u2013 Properties<\/td>\n<td class=\"details-value\">Compatible with GripWalk<\/td>\n<\/tr>\n<tr class=\"details-color\">\n<td class=\"details-property\">Weight<\/td>\n<td class=\"details-value\">1.610 kg\/half pair (size 23.5)<\/td>\n<\/tr>\n<\/tbody>\n<\/table>\n<div class=\"technology-row\"><span class=\"technology-property\">SENSOR<\/span> <span class=\"technology-value\">The boot board has been enhanced with two soft sensor inserts in the front area for greater tolerance.<\/span><\/div>\n<div class=\"technology-row\"><span class=\"technology-property\">COMFORT FIT<\/span> <span class=\"technology-value\">Inner shoe made of soft, foot-hugging material for maximum comfort.<\/span><\/div>","protected":false},"excerpt":{"rendered":"<p>Setze auf bew\u00e4hrte Power und Passform. Der Hero Jr 65 bietet ambitionierten Nachwuchsskifahrern die Kontrolle und Pr\u00e4zision, die sie brauchen, um es bis aufs Siegertreppchen zu schaffen. Die Leistenbreite ist exakt auf Breite und Umfang von Kinderf\u00fc\u00dfen abgestimmt, und vier Schnallen bieten die n\u00f6tige Power. Junior Leistenbreite Die Schale ist auf g\u00e4ngige Problembereiche abgestimmt und [&hellip;]<\/p>\n","protected":false},"featured_media":38910,"comment_status":"open","ping_status":"closed","template":"","meta":[],"pwb-brand":[702],"product_brand":[429],"product_cat":[758,401],"product_tag":[],"class_list":{"0":"post-38909","1":"product","2":"type-product","3":"status-publish","4":"has-post-thumbnail","6":"pwb-brand-rossignol","7":"product_brand-rossignol-9","8":"product_cat-rossignol-3","9":"product_cat-rossignol-7","10":"product_shipping_class-bis-5-kg","11":"pa_grobe-19-5-2","12":"pa_grobe-20-5-2","13":"pa_grobe-21-5","14":"pa_grobe-22-5","15":"pa_grobe-23-5-2","16":"pa_grobe-24-5","17":"pa_grobe-25-5-2","18":"pa_grobe-26-5-2","19":"pa_grobe-27-5-2","21":"first","22":"instock","23":"sale","24":"taxable","25":"shipping-taxable","26":"purchasable","27":"product-type-variable"},"yoast_head":"<!-- This site is optimized with the Yoast SEO plugin v27.6 - https:\/\/yoast.com\/product\/yoast-seo-wordpress\/ -->\n<title>HERO JR 65 - Frandl Sports<\/title>\n<meta name=\"robots\" content=\"index, follow, max-snippet:-1, max-image-preview:large, max-video-preview:-1\" \/>\n<link rel=\"canonical\" href=\"https:\/\/frandl-sports.com\/en\/product\/hero-jr-65\/\" \/>\n<meta property=\"og:locale\" content=\"en_GB\" \/>\n<meta property=\"og:type\" content=\"article\" \/>\n<meta property=\"og:title\" content=\"HERO JR 65 - Frandl Sports\" \/>\n<meta property=\"og:description\" content=\"Setze auf bew\u00e4hrte Power und Passform. Der Hero Jr 65 bietet ambitionierten Nachwuchsskifahrern die Kontrolle und Pr\u00e4zision, die sie brauchen, um es bis aufs Siegertreppchen zu schaffen. Die Leistenbreite ist exakt auf Breite und Umfang von Kinderf\u00fc\u00dfen abgestimmt, und vier Schnallen bieten die n\u00f6tige Power. Junior Leistenbreite Die Schale ist auf g\u00e4ngige Problembereiche abgestimmt und [&hellip;]\" \/>\n<meta property=\"og:url\" content=\"https:\/\/frandl-sports.com\/en\/product\/hero-jr-65\/\" \/>\n<meta property=\"og:site_name\" content=\"Frandl Sports\" \/>\n<meta property=\"article:modified_time\" content=\"2026-04-20T12:55:23+00:00\" \/>\n<meta property=\"og:image\" content=\"https:\/\/frandl-sports.com\/wp-content\/uploads\/2026\/04\/2-2.gif\" \/>\n\t<meta property=\"og:image:width\" content=\"800\" \/>\n\t<meta property=\"og:image:height\" content=\"800\" \/>\n\t<meta property=\"og:image:type\" content=\"image\/gif\" \/>\n<meta name=\"twitter:card\" content=\"summary_large_image\" \/>\n<meta name=\"twitter:label1\" content=\"Estimated reading time\" \/>\n\t<meta name=\"twitter:data1\" content=\"1 minute\" \/>\n<script type=\"application\/ld+json\" class=\"yoast-schema-graph\">{\"@context\":\"https:\\\/\\\/schema.org\",\"@graph\":[{\"@type\":\"WebPage\",\"@id\":\"https:\\\/\\\/frandl-sports.com\\\/produkt\\\/hero-jr-65\\\/\",\"url\":\"https:\\\/\\\/frandl-sports.com\\\/produkt\\\/hero-jr-65\\\/\",\"name\":\"HERO JR 65 - Frandl Sports\",\"isPartOf\":{\"@id\":\"https:\\\/\\\/frandl-sports.com\\\/#website\"},\"primaryImageOfPage\":{\"@id\":\"https:\\\/\\\/frandl-sports.com\\\/produkt\\\/hero-jr-65\\\/#primaryimage\"},\"image\":{\"@id\":\"https:\\\/\\\/frandl-sports.com\\\/produkt\\\/hero-jr-65\\\/#primaryimage\"},\"thumbnailUrl\":\"https:\\\/\\\/frandl-sports.com\\\/wp-content\\\/uploads\\\/2026\\\/04\\\/2-2.gif\",\"datePublished\":\"2026-04-20T12:55:22+00:00\",\"dateModified\":\"2026-04-20T12:55:23+00:00\",\"breadcrumb\":{\"@id\":\"https:\\\/\\\/frandl-sports.com\\\/produkt\\\/hero-jr-65\\\/#breadcrumb\"},\"inLanguage\":\"en-GB\",\"potentialAction\":[{\"@type\":\"ReadAction\",\"target\":[\"https:\\\/\\\/frandl-sports.com\\\/produkt\\\/hero-jr-65\\\/\"]}]},{\"@type\":\"ImageObject\",\"inLanguage\":\"en-GB\",\"@id\":\"https:\\\/\\\/frandl-sports.com\\\/produkt\\\/hero-jr-65\\\/#primaryimage\",\"url\":\"https:\\\/\\\/frandl-sports.com\\\/wp-content\\\/uploads\\\/2026\\\/04\\\/2-2.gif\",\"contentUrl\":\"https:\\\/\\\/frandl-sports.com\\\/wp-content\\\/uploads\\\/2026\\\/04\\\/2-2.gif\",\"width\":800,\"height\":800},{\"@type\":\"BreadcrumbList\",\"@id\":\"https:\\\/\\\/frandl-sports.com\\\/produkt\\\/hero-jr-65\\\/#breadcrumb\",\"itemListElement\":[{\"@type\":\"ListItem\",\"position\":1,\"name\":\"Startseite\",\"item\":\"https:\\\/\\\/frandl-sports.com\\\/\"},{\"@type\":\"ListItem\",\"position\":2,\"name\":\"Shop\",\"item\":\"https:\\\/\\\/frandl-sports.com\\\/shop\\\/\"},{\"@type\":\"ListItem\",\"position\":3,\"name\":\"HERO JR 65\"}]},{\"@type\":\"WebSite\",\"@id\":\"https:\\\/\\\/frandl-sports.com\\\/#website\",\"url\":\"https:\\\/\\\/frandl-sports.com\\\/\",\"name\":\"Frandl Sports\",\"description\":\"FRANDL SPORTS ist der kompetente Gesamtausstatter f\u00fcr professionelle Unternehmen im Bereich Wintersport\",\"publisher\":{\"@id\":\"https:\\\/\\\/frandl-sports.com\\\/#organization\"},\"potentialAction\":[{\"@type\":\"SearchAction\",\"target\":{\"@type\":\"EntryPoint\",\"urlTemplate\":\"https:\\\/\\\/frandl-sports.com\\\/?s={search_term_string}\"},\"query-input\":{\"@type\":\"PropertyValueSpecification\",\"valueRequired\":true,\"valueName\":\"search_term_string\"}}],\"inLanguage\":\"en-GB\"},{\"@type\":\"Organization\",\"@id\":\"https:\\\/\\\/frandl-sports.com\\\/#organization\",\"name\":\"Frandl Sports\",\"url\":\"https:\\\/\\\/frandl-sports.com\\\/\",\"logo\":{\"@type\":\"ImageObject\",\"inLanguage\":\"en-GB\",\"@id\":\"https:\\\/\\\/frandl-sports.com\\\/#\\\/schema\\\/logo\\\/image\\\/\",\"url\":\"https:\\\/\\\/frandl-sports.com\\\/wp-content\\\/uploads\\\/2026\\\/03\\\/Favicon_1.png\",\"contentUrl\":\"https:\\\/\\\/frandl-sports.com\\\/wp-content\\\/uploads\\\/2026\\\/03\\\/Favicon_1.png\",\"width\":500,\"height\":500,\"caption\":\"Frandl Sports\"},\"image\":{\"@id\":\"https:\\\/\\\/frandl-sports.com\\\/#\\\/schema\\\/logo\\\/image\\\/\"}}]}<\/script>\n<!-- \/ Yoast SEO plugin. -->","yoast_head_json":{"title":"HERO JR 65 - Frandl Sports","robots":{"index":"index","follow":"follow","max-snippet":"max-snippet:-1","max-image-preview":"max-image-preview:large","max-video-preview":"max-video-preview:-1"},"canonical":"https:\/\/frandl-sports.com\/en\/product\/hero-jr-65\/","og_locale":"en_GB","og_type":"article","og_title":"HERO JR 65 - Frandl Sports","og_description":"Setze auf bew\u00e4hrte Power und Passform. Der Hero Jr 65 bietet ambitionierten Nachwuchsskifahrern die Kontrolle und Pr\u00e4zision, die sie brauchen, um es bis aufs Siegertreppchen zu schaffen. Die Leistenbreite ist exakt auf Breite und Umfang von Kinderf\u00fc\u00dfen abgestimmt, und vier Schnallen bieten die n\u00f6tige Power. Junior Leistenbreite Die Schale ist auf g\u00e4ngige Problembereiche abgestimmt und [&hellip;]","og_url":"https:\/\/frandl-sports.com\/en\/product\/hero-jr-65\/","og_site_name":"Frandl Sports","article_modified_time":"2026-04-20T12:55:23+00:00","og_image":[{"width":800,"height":800,"url":"https:\/\/frandl-sports.com\/wp-content\/uploads\/2026\/04\/2-2.gif","type":"image\/gif"}],"twitter_card":"summary_large_image","twitter_misc":{"Estimated reading time":"1 minute"},"schema":{"@context":"https:\/\/schema.org","@graph":[{"@type":"WebPage","@id":"https:\/\/frandl-sports.com\/produkt\/hero-jr-65\/","url":"https:\/\/frandl-sports.com\/produkt\/hero-jr-65\/","name":"HERO JR 65 - Frandl Sports","isPartOf":{"@id":"https:\/\/frandl-sports.com\/#website"},"primaryImageOfPage":{"@id":"https:\/\/frandl-sports.com\/produkt\/hero-jr-65\/#primaryimage"},"image":{"@id":"https:\/\/frandl-sports.com\/produkt\/hero-jr-65\/#primaryimage"},"thumbnailUrl":"https:\/\/frandl-sports.com\/wp-content\/uploads\/2026\/04\/2-2.gif","datePublished":"2026-04-20T12:55:22+00:00","dateModified":"2026-04-20T12:55:23+00:00","breadcrumb":{"@id":"https:\/\/frandl-sports.com\/produkt\/hero-jr-65\/#breadcrumb"},"inLanguage":"en-GB","potentialAction":[{"@type":"ReadAction","target":["https:\/\/frandl-sports.com\/produkt\/hero-jr-65\/"]}]},{"@type":"ImageObject","inLanguage":"en-GB","@id":"https:\/\/frandl-sports.com\/produkt\/hero-jr-65\/#primaryimage","url":"https:\/\/frandl-sports.com\/wp-content\/uploads\/2026\/04\/2-2.gif","contentUrl":"https:\/\/frandl-sports.com\/wp-content\/uploads\/2026\/04\/2-2.gif","width":800,"height":800},{"@type":"BreadcrumbList","@id":"https:\/\/frandl-sports.com\/produkt\/hero-jr-65\/#breadcrumb","itemListElement":[{"@type":"ListItem","position":1,"name":"Startseite","item":"https:\/\/frandl-sports.com\/"},{"@type":"ListItem","position":2,"name":"Shop","item":"https:\/\/frandl-sports.com\/shop\/"},{"@type":"ListItem","position":3,"name":"HERO JR 65"}]},{"@type":"WebSite","@id":"https:\/\/frandl-sports.com\/#website","url":"https:\/\/frandl-sports.com\/","name":"Frandl Sports","description":"FRANDL SPORTS is the competent all-round supplier for professional companies in the winter sports sector","publisher":{"@id":"https:\/\/frandl-sports.com\/#organization"},"potentialAction":[{"@type":"SearchAction","target":{"@type":"EntryPoint","urlTemplate":"https:\/\/frandl-sports.com\/?s={search_term_string}"},"query-input":{"@type":"PropertyValueSpecification","valueRequired":true,"valueName":"search_term_string"}}],"inLanguage":"en-GB"},{"@type":"Organization","@id":"https:\/\/frandl-sports.com\/#organization","name":"Frandl Sports","url":"https:\/\/frandl-sports.com\/","logo":{"@type":"ImageObject","inLanguage":"en-GB","@id":"https:\/\/frandl-sports.com\/#\/schema\/logo\/image\/","url":"https:\/\/frandl-sports.com\/wp-content\/uploads\/2026\/03\/Favicon_1.png","contentUrl":"https:\/\/frandl-sports.com\/wp-content\/uploads\/2026\/03\/Favicon_1.png","width":500,"height":500,"caption":"Frandl Sports"},"image":{"@id":"https:\/\/frandl-sports.com\/#\/schema\/logo\/image\/"}}]}},"brands":[{"id":702,"name":"Rossignol","slug":"rossignol"}],"_links":{"self":[{"href":"https:\/\/frandl-sports.com\/en\/wp-json\/wp\/v2\/product\/38909","targetHints":{"allow":["GET"]}}],"collection":[{"href":"https:\/\/frandl-sports.com\/en\/wp-json\/wp\/v2\/product"}],"about":[{"href":"https:\/\/frandl-sports.com\/en\/wp-json\/wp\/v2\/types\/product"}],"replies":[{"embeddable":true,"href":"https:\/\/frandl-sports.com\/en\/wp-json\/wp\/v2\/comments?post=38909"}],"wp:featuredmedia":[{"embeddable":true,"href":"https:\/\/frandl-sports.com\/en\/wp-json\/wp\/v2\/media\/38910"}],"wp:attachment":[{"href":"https:\/\/frandl-sports.com\/en\/wp-json\/wp\/v2\/media?parent=38909"}],"wp:term":[{"taxonomy":"pwb-brand","embeddable":true,"href":"https:\/\/frandl-sports.com\/en\/wp-json\/wp\/v2\/pwb-brand?post=38909"},{"taxonomy":"product_brand","embeddable":true,"href":"https:\/\/frandl-sports.com\/en\/wp-json\/wp\/v2\/product_brand?post=38909"},{"taxonomy":"product_cat","embeddable":true,"href":"https:\/\/frandl-sports.com\/en\/wp-json\/wp\/v2\/product_cat?post=38909"},{"taxonomy":"product_tag","embeddable":true,"href":"https:\/\/frandl-sports.com\/en\/wp-json\/wp\/v2\/product_tag?post=38909"}],"curies":[{"name":"wp","href":"https:\/\/api.w.org\/{rel}","templated":true}]}}