{"id":38950,"date":"2026-04-20T15:36:41","date_gmt":"2026-04-20T13:36:41","guid":{"rendered":"https:\/\/frandl-sports.com\/?post_type=product&#038;p=38950"},"modified":"2026-04-20T15:43:12","modified_gmt":"2026-04-20T13:43:12","slug":"hero-world-cup-110-sc","status":"publish","type":"product","link":"https:\/\/frandl-sports.com\/en\/produkt\/hero-world-cup-110-sc\/","title":{"rendered":"HERO WORLD CUP 110 SC"},"content":{"rendered":"<p>Strap yourself into race-ready control with the Hero World Cup 110. Built for competition racing and on-piste performance, this powerful, high-performance boot features an anatomical, 97mm narrow last for technical skiing. The race-developed dual-material shell provides dynamic rebound and flexibility, making the boot a natural extension of your leg for increased precision and complete control on every turn.<\/p>\n<p>Narrow seat<br \/>\nNarrow Fit features a 97 mm last for a precise, comfortable fit that balances comfort and control<\/p>\n<p>Improved ski properties, better fit<br \/>\nDual-Core Shell technology provides targeted power transfer and shell wrap, leading to livelier rebound, responsiveness, and control.<\/p>\n<p>Short cuff design<br \/>\nA shorter upper cuff allows for a more natural stance for skiers with shorter legs, increasing balance, comfort, and performance.<\/p>\n<p>Comfortable, anatomical fit<br \/>\nThe pre-formed inner boot is designed to hug the ankle bone, ensuring a snug, anatomical fit within the boot shell.<\/p>","protected":false},"excerpt":{"rendered":"<p>Schnall dich mit dem Hero World Cup 110 in rennsporttaugliche Kontrolle. Dieser kraftvolle Hochleistungsstiefel wurde f\u00fcr Wettkampfrennen und die Leistung auf der Piste entwickelt und verf\u00fcgt \u00fcber einen anatomischen, 97 mm schmalen Leisten f\u00fcr technisches Skifahren. Die im Rennsport entwickelte Schale aus zwei Materialien sorgt f\u00fcr dynamischen R\u00fcckprall und Flexibilit\u00e4t und macht den Schuh zu [&hellip;]<\/p>\n","protected":false},"featured_media":38960,"comment_status":"open","ping_status":"closed","template":"","meta":[],"pwb-brand":[702],"product_brand":[429],"product_cat":[758,401],"product_tag":[],"class_list":{"0":"post-38950","1":"product","2":"type-product","3":"status-publish","4":"has-post-thumbnail","6":"pwb-brand-rossignol","7":"product_brand-rossignol-9","8":"product_cat-rossignol-3","9":"product_cat-rossignol-7","10":"product_shipping_class-5kg","11":"pa_grobe-21-5-2","12":"pa_grobe-22-5-2","13":"pa_grobe-23-5-2","14":"pa_grobe-24-5-2","15":"pa_grobe-25-5-2","16":"pa_grobe-26-5-2","17":"pa_grobe-27-5-2","18":"pa_grobe-28-5-2","20":"first","21":"outofstock","22":"sale","23":"taxable","24":"shipping-taxable","25":"purchasable","26":"product-type-variable"},"yoast_head":"<!-- This site is optimized with the Yoast SEO plugin v27.6 - https:\/\/yoast.com\/product\/yoast-seo-wordpress\/ -->\n<title>HERO WORLD CUP 110 SC - Frandl Sports<\/title>\n<meta name=\"robots\" content=\"index, follow, max-snippet:-1, max-image-preview:large, max-video-preview:-1\" \/>\n<link rel=\"canonical\" href=\"https:\/\/frandl-sports.com\/en\/product\/hero-world-cup-110-sc\/\" \/>\n<meta property=\"og:locale\" content=\"en_GB\" \/>\n<meta property=\"og:type\" content=\"article\" \/>\n<meta property=\"og:title\" content=\"HERO WORLD CUP 110 SC - Frandl Sports\" \/>\n<meta property=\"og:description\" content=\"Schnall dich mit dem Hero World Cup 110 in rennsporttaugliche Kontrolle. Dieser kraftvolle Hochleistungsstiefel wurde f\u00fcr Wettkampfrennen und die Leistung auf der Piste entwickelt und verf\u00fcgt \u00fcber einen anatomischen, 97 mm schmalen Leisten f\u00fcr technisches Skifahren. Die im Rennsport entwickelte Schale aus zwei Materialien sorgt f\u00fcr dynamischen R\u00fcckprall und Flexibilit\u00e4t und macht den Schuh zu [&hellip;]\" \/>\n<meta property=\"og:url\" content=\"https:\/\/frandl-sports.com\/en\/product\/hero-world-cup-110-sc\/\" \/>\n<meta property=\"og:site_name\" content=\"Frandl Sports\" \/>\n<meta property=\"article:modified_time\" content=\"2026-04-20T13:43:12+00:00\" \/>\n<meta property=\"og:image\" content=\"https:\/\/frandl-sports.com\/wp-content\/uploads\/2026\/04\/2-4.gif\" \/>\n\t<meta property=\"og:image:width\" content=\"800\" \/>\n\t<meta property=\"og:image:height\" content=\"800\" \/>\n\t<meta property=\"og:image:type\" content=\"image\/gif\" \/>\n<meta name=\"twitter:card\" content=\"summary_large_image\" \/>\n<meta name=\"twitter:label1\" content=\"Estimated reading time\" \/>\n\t<meta name=\"twitter:data1\" content=\"1 minute\" \/>\n<script type=\"application\/ld+json\" class=\"yoast-schema-graph\">{\"@context\":\"https:\\\/\\\/schema.org\",\"@graph\":[{\"@type\":\"WebPage\",\"@id\":\"https:\\\/\\\/frandl-sports.com\\\/produkt\\\/hero-world-cup-110-sc\\\/\",\"url\":\"https:\\\/\\\/frandl-sports.com\\\/produkt\\\/hero-world-cup-110-sc\\\/\",\"name\":\"HERO WORLD CUP 110 SC - Frandl Sports\",\"isPartOf\":{\"@id\":\"https:\\\/\\\/frandl-sports.com\\\/#website\"},\"primaryImageOfPage\":{\"@id\":\"https:\\\/\\\/frandl-sports.com\\\/produkt\\\/hero-world-cup-110-sc\\\/#primaryimage\"},\"image\":{\"@id\":\"https:\\\/\\\/frandl-sports.com\\\/produkt\\\/hero-world-cup-110-sc\\\/#primaryimage\"},\"thumbnailUrl\":\"https:\\\/\\\/frandl-sports.com\\\/wp-content\\\/uploads\\\/2026\\\/04\\\/2-4.gif\",\"datePublished\":\"2026-04-20T13:36:41+00:00\",\"dateModified\":\"2026-04-20T13:43:12+00:00\",\"breadcrumb\":{\"@id\":\"https:\\\/\\\/frandl-sports.com\\\/produkt\\\/hero-world-cup-110-sc\\\/#breadcrumb\"},\"inLanguage\":\"en-GB\",\"potentialAction\":[{\"@type\":\"ReadAction\",\"target\":[\"https:\\\/\\\/frandl-sports.com\\\/produkt\\\/hero-world-cup-110-sc\\\/\"]}]},{\"@type\":\"ImageObject\",\"inLanguage\":\"en-GB\",\"@id\":\"https:\\\/\\\/frandl-sports.com\\\/produkt\\\/hero-world-cup-110-sc\\\/#primaryimage\",\"url\":\"https:\\\/\\\/frandl-sports.com\\\/wp-content\\\/uploads\\\/2026\\\/04\\\/2-4.gif\",\"contentUrl\":\"https:\\\/\\\/frandl-sports.com\\\/wp-content\\\/uploads\\\/2026\\\/04\\\/2-4.gif\",\"width\":800,\"height\":800},{\"@type\":\"BreadcrumbList\",\"@id\":\"https:\\\/\\\/frandl-sports.com\\\/produkt\\\/hero-world-cup-110-sc\\\/#breadcrumb\",\"itemListElement\":[{\"@type\":\"ListItem\",\"position\":1,\"name\":\"Startseite\",\"item\":\"https:\\\/\\\/frandl-sports.com\\\/\"},{\"@type\":\"ListItem\",\"position\":2,\"name\":\"Shop\",\"item\":\"https:\\\/\\\/frandl-sports.com\\\/shop\\\/\"},{\"@type\":\"ListItem\",\"position\":3,\"name\":\"HERO WORLD CUP 110 SC\"}]},{\"@type\":\"WebSite\",\"@id\":\"https:\\\/\\\/frandl-sports.com\\\/#website\",\"url\":\"https:\\\/\\\/frandl-sports.com\\\/\",\"name\":\"Frandl Sports\",\"description\":\"FRANDL SPORTS ist der kompetente Gesamtausstatter f\u00fcr professionelle Unternehmen im Bereich Wintersport\",\"publisher\":{\"@id\":\"https:\\\/\\\/frandl-sports.com\\\/#organization\"},\"potentialAction\":[{\"@type\":\"SearchAction\",\"target\":{\"@type\":\"EntryPoint\",\"urlTemplate\":\"https:\\\/\\\/frandl-sports.com\\\/?s={search_term_string}\"},\"query-input\":{\"@type\":\"PropertyValueSpecification\",\"valueRequired\":true,\"valueName\":\"search_term_string\"}}],\"inLanguage\":\"en-GB\"},{\"@type\":\"Organization\",\"@id\":\"https:\\\/\\\/frandl-sports.com\\\/#organization\",\"name\":\"Frandl Sports\",\"url\":\"https:\\\/\\\/frandl-sports.com\\\/\",\"logo\":{\"@type\":\"ImageObject\",\"inLanguage\":\"en-GB\",\"@id\":\"https:\\\/\\\/frandl-sports.com\\\/#\\\/schema\\\/logo\\\/image\\\/\",\"url\":\"https:\\\/\\\/frandl-sports.com\\\/wp-content\\\/uploads\\\/2026\\\/03\\\/Favicon_1.png\",\"contentUrl\":\"https:\\\/\\\/frandl-sports.com\\\/wp-content\\\/uploads\\\/2026\\\/03\\\/Favicon_1.png\",\"width\":500,\"height\":500,\"caption\":\"Frandl Sports\"},\"image\":{\"@id\":\"https:\\\/\\\/frandl-sports.com\\\/#\\\/schema\\\/logo\\\/image\\\/\"}}]}<\/script>\n<!-- \/ Yoast SEO plugin. -->","yoast_head_json":{"title":"HERO WORLD CUP 110 SC - Frandl Sports","robots":{"index":"index","follow":"follow","max-snippet":"max-snippet:-1","max-image-preview":"max-image-preview:large","max-video-preview":"max-video-preview:-1"},"canonical":"https:\/\/frandl-sports.com\/en\/product\/hero-world-cup-110-sc\/","og_locale":"en_GB","og_type":"article","og_title":"HERO WORLD CUP 110 SC - Frandl Sports","og_description":"Schnall dich mit dem Hero World Cup 110 in rennsporttaugliche Kontrolle. Dieser kraftvolle Hochleistungsstiefel wurde f\u00fcr Wettkampfrennen und die Leistung auf der Piste entwickelt und verf\u00fcgt \u00fcber einen anatomischen, 97 mm schmalen Leisten f\u00fcr technisches Skifahren. Die im Rennsport entwickelte Schale aus zwei Materialien sorgt f\u00fcr dynamischen R\u00fcckprall und Flexibilit\u00e4t und macht den Schuh zu [&hellip;]","og_url":"https:\/\/frandl-sports.com\/en\/product\/hero-world-cup-110-sc\/","og_site_name":"Frandl Sports","article_modified_time":"2026-04-20T13:43:12+00:00","og_image":[{"width":800,"height":800,"url":"https:\/\/frandl-sports.com\/wp-content\/uploads\/2026\/04\/2-4.gif","type":"image\/gif"}],"twitter_card":"summary_large_image","twitter_misc":{"Estimated reading time":"1 minute"},"schema":{"@context":"https:\/\/schema.org","@graph":[{"@type":"WebPage","@id":"https:\/\/frandl-sports.com\/produkt\/hero-world-cup-110-sc\/","url":"https:\/\/frandl-sports.com\/produkt\/hero-world-cup-110-sc\/","name":"HERO WORLD CUP 110 SC - Frandl Sports","isPartOf":{"@id":"https:\/\/frandl-sports.com\/#website"},"primaryImageOfPage":{"@id":"https:\/\/frandl-sports.com\/produkt\/hero-world-cup-110-sc\/#primaryimage"},"image":{"@id":"https:\/\/frandl-sports.com\/produkt\/hero-world-cup-110-sc\/#primaryimage"},"thumbnailUrl":"https:\/\/frandl-sports.com\/wp-content\/uploads\/2026\/04\/2-4.gif","datePublished":"2026-04-20T13:36:41+00:00","dateModified":"2026-04-20T13:43:12+00:00","breadcrumb":{"@id":"https:\/\/frandl-sports.com\/produkt\/hero-world-cup-110-sc\/#breadcrumb"},"inLanguage":"en-GB","potentialAction":[{"@type":"ReadAction","target":["https:\/\/frandl-sports.com\/produkt\/hero-world-cup-110-sc\/"]}]},{"@type":"ImageObject","inLanguage":"en-GB","@id":"https:\/\/frandl-sports.com\/produkt\/hero-world-cup-110-sc\/#primaryimage","url":"https:\/\/frandl-sports.com\/wp-content\/uploads\/2026\/04\/2-4.gif","contentUrl":"https:\/\/frandl-sports.com\/wp-content\/uploads\/2026\/04\/2-4.gif","width":800,"height":800},{"@type":"BreadcrumbList","@id":"https:\/\/frandl-sports.com\/produkt\/hero-world-cup-110-sc\/#breadcrumb","itemListElement":[{"@type":"ListItem","position":1,"name":"Startseite","item":"https:\/\/frandl-sports.com\/"},{"@type":"ListItem","position":2,"name":"Shop","item":"https:\/\/frandl-sports.com\/shop\/"},{"@type":"ListItem","position":3,"name":"HERO WORLD CUP 110 SC"}]},{"@type":"WebSite","@id":"https:\/\/frandl-sports.com\/#website","url":"https:\/\/frandl-sports.com\/","name":"Frandl Sports","description":"FRANDL SPORTS is the competent all-round supplier for professional companies in the winter sports sector","publisher":{"@id":"https:\/\/frandl-sports.com\/#organization"},"potentialAction":[{"@type":"SearchAction","target":{"@type":"EntryPoint","urlTemplate":"https:\/\/frandl-sports.com\/?s={search_term_string}"},"query-input":{"@type":"PropertyValueSpecification","valueRequired":true,"valueName":"search_term_string"}}],"inLanguage":"en-GB"},{"@type":"Organization","@id":"https:\/\/frandl-sports.com\/#organization","name":"Frandl Sports","url":"https:\/\/frandl-sports.com\/","logo":{"@type":"ImageObject","inLanguage":"en-GB","@id":"https:\/\/frandl-sports.com\/#\/schema\/logo\/image\/","url":"https:\/\/frandl-sports.com\/wp-content\/uploads\/2026\/03\/Favicon_1.png","contentUrl":"https:\/\/frandl-sports.com\/wp-content\/uploads\/2026\/03\/Favicon_1.png","width":500,"height":500,"caption":"Frandl Sports"},"image":{"@id":"https:\/\/frandl-sports.com\/#\/schema\/logo\/image\/"}}]}},"brands":[{"id":702,"name":"Rossignol","slug":"rossignol"}],"_links":{"self":[{"href":"https:\/\/frandl-sports.com\/en\/wp-json\/wp\/v2\/product\/38950","targetHints":{"allow":["GET"]}}],"collection":[{"href":"https:\/\/frandl-sports.com\/en\/wp-json\/wp\/v2\/product"}],"about":[{"href":"https:\/\/frandl-sports.com\/en\/wp-json\/wp\/v2\/types\/product"}],"replies":[{"embeddable":true,"href":"https:\/\/frandl-sports.com\/en\/wp-json\/wp\/v2\/comments?post=38950"}],"wp:featuredmedia":[{"embeddable":true,"href":"https:\/\/frandl-sports.com\/en\/wp-json\/wp\/v2\/media\/38960"}],"wp:attachment":[{"href":"https:\/\/frandl-sports.com\/en\/wp-json\/wp\/v2\/media?parent=38950"}],"wp:term":[{"taxonomy":"pwb-brand","embeddable":true,"href":"https:\/\/frandl-sports.com\/en\/wp-json\/wp\/v2\/pwb-brand?post=38950"},{"taxonomy":"product_brand","embeddable":true,"href":"https:\/\/frandl-sports.com\/en\/wp-json\/wp\/v2\/product_brand?post=38950"},{"taxonomy":"product_cat","embeddable":true,"href":"https:\/\/frandl-sports.com\/en\/wp-json\/wp\/v2\/product_cat?post=38950"},{"taxonomy":"product_tag","embeddable":true,"href":"https:\/\/frandl-sports.com\/en\/wp-json\/wp\/v2\/product_tag?post=38950"}],"curies":[{"name":"wp","href":"https:\/\/api.w.org\/{rel}","templated":true}]}}