{"id":38972,"date":"2026-04-20T16:02:08","date_gmt":"2026-04-20T14:02:08","guid":{"rendered":"https:\/\/frandl-sports.com\/?post_type=product&#038;p=38972"},"modified":"2026-04-20T16:08:54","modified_gmt":"2026-04-20T14:08:54","slug":"hero-world-cup-z-soft","status":"publish","type":"product","link":"https:\/\/frandl-sports.com\/en\/produkt\/hero-world-cup-z-soft\/","title":{"rendered":"HERO WORLD CUP Z SOFT +"},"content":{"rendered":"<p>Recognised power for competition. The HERO Z+ SOFT is a top-class, ultra-dynamic racing boot for competitive alpine skiing. It features a shell with a last width of over 92 + mm, extra-thick walls, and a race hinge construction for the most efficient energy transfer to the skis. The model with a neutral, upright stance is particularly narrow and designed for power and edge control. An ultra-thin lace-up liner provides an exact fit for unparalleled precision on snow.<\/p>\n<table class=\"details-container mb-2\">\n<tbody>\n<tr class=\"details-sku\">\n<td class=\"details-property\">SKU<\/td>\n<td class=\"details-value\">RBL9300<\/td>\n<\/tr>\n<tr class=\"details-color\">\n<td class=\"details-property\">Additional functions \u2013 inward tilt<\/td>\n<td class=\"details-value\">Tendency<\/td>\n<\/tr>\n<tr class=\"details-color\">\n<td class=\"details-property\">Buckles \u2013 Additional Features<\/td>\n<td class=\"details-value\">Adjustable prongs, 3 positions<\/td>\n<\/tr>\n<tr class=\"details-color\">\n<td class=\"details-property\">Straps \u2013 Adjustment<\/td>\n<td class=\"details-value\">4 Micro<\/td>\n<\/tr>\n<tr class=\"details-color\">\n<td class=\"details-property\">Buckles \u2013 Material<\/td>\n<td class=\"details-value\">100% Aluminium<\/td>\n<\/tr>\n<tr class=\"details-color\">\n<td class=\"details-property\">Buckles \u2013 Technology<\/td>\n<td class=\"details-value\">Racing buckles<\/td>\n<\/tr>\n<tr class=\"details-color\">\n<td class=\"details-property\">Cuffs \u2013 Material<\/td>\n<td class=\"details-value\">Polyurethane<\/td>\n<\/tr>\n<tr class=\"details-color\">\n<td class=\"details-property\">Bar<\/td>\n<td class=\"details-value\">92+<\/td>\n<\/tr>\n<tr class=\"details-color\">\n<td class=\"details-property\">Inner boot \u2013 Power strap width<\/td>\n<td class=\"details-value\">40mm<\/td>\n<\/tr>\n<tr class=\"details-color\">\n<td class=\"details-property\">Inner shoe \u2013 Technology<\/td>\n<td class=\"details-value\">World Cup Racing Fit<\/td>\n<\/tr>\n<tr class=\"details-color\">\n<td class=\"details-property\">Outer material \u2013 Material<\/td>\n<td class=\"details-value\">Polyether<\/td>\n<\/tr>\n<tr class=\"details-color\">\n<td class=\"details-property\">Outer Material \u2013 Specifications<\/td>\n<td class=\"details-value\">Dual Core<\/td>\n<\/tr>\n<tr class=\"details-color\">\n<td class=\"details-property\">Outer Material \u2013 Technology<\/td>\n<td class=\"details-value\">Dual Core<\/td>\n<\/tr>\n<tr class=\"details-color\">\n<td class=\"details-property\">Weight<\/td>\n<td class=\"details-value\">2.370 kg\/half pair (size 26.5)<\/td>\n<\/tr>\n<\/tbody>\n<\/table>\n<div class=\"technology-row\"><span class=\"technology-property\">DUAL CORE TECHNOLOGY<\/span> <span class=\"technology-value\">With our new \u201ePower Injection,\u201c two plastics with different durometer values can be injected precisely at the same time. This unique, simple injection method ensures targeted power transfer and accurate shell fit. The DUAL CORE sandwich construction guarantees livelier rebound, responsiveness, and absolute control.<\/span><\/div>\n<div class=\"technology-row\"><span class=\"technology-property\">LAST 92 PLUS MM<\/span> <span class=\"technology-value\">The 92+ mm last width has been revised at the forefoot and around the ankle, offering a wider range of users more freedom of movement and better interaction between precision and comfort.<\/span><\/div>\n<div class=\"technology-row\"><span class=\"technology-property\">RACE BUCKLES<\/span> <span class=\"technology-value\">Specially developed to lie as close to the shell as possible with an extremely flat, anatomical design.<\/span><\/div>\n<div class=\"technology-row\"><span class=\"technology-property\">WORLD CUP RACING<\/span> <span class=\"technology-value\">WORLD CUP INDOOR SHOES ensure top-level performance with cork insulation, an adjustable tongue and lacing system.<\/span><\/div>","protected":false},"excerpt":{"rendered":"<p>Anerkannte Power f\u00fcr den Wettkampf. Der HERO Z+ SOFT ist ein erstklassiger, ultradynamischer Rennschuh f\u00fcr wettkampftauglichen Alpinsport. Er verf\u00fcgt \u00fcber eine Schale mit einer Leistenbreite von \u00fcber 92 + mm, extra dicke W\u00e4nde und eine Rennscharnier-Konstruktion f\u00fcr eine m\u00f6glichst effiziente Energie\u00fcbertragung auf die Skier. Das Modell mit einem neutralen, aufrechten Stand ist besonders schmal und [&hellip;]<\/p>\n","protected":false},"featured_media":38895,"comment_status":"open","ping_status":"closed","template":"","meta":[],"pwb-brand":[702],"product_brand":[429],"product_cat":[758,401],"product_tag":[],"class_list":{"0":"post-38972","1":"product","2":"type-product","3":"status-publish","4":"has-post-thumbnail","6":"pwb-brand-rossignol","7":"product_brand-rossignol-9","8":"product_cat-rossignol-3","9":"product_cat-rossignol-7","10":"product_shipping_class-5kg","11":"pa_grobe-22-5-2","12":"pa_grobe-23-5-2","13":"pa_grobe-24-5","14":"pa_grobe-25-5-2","15":"pa_grobe-26-5-2","16":"pa_grobe-27-5-2","17":"pa_grobe-28-5","19":"first","20":"outofstock","21":"sale","22":"taxable","23":"shipping-taxable","24":"purchasable","25":"product-type-variable"},"yoast_head":"<!-- This site is optimized with the Yoast SEO plugin v27.6 - https:\/\/yoast.com\/product\/yoast-seo-wordpress\/ -->\n<title>HERO WORLD CUP Z SOFT + - Frandl Sports<\/title>\n<meta name=\"robots\" content=\"index, follow, max-snippet:-1, max-image-preview:large, max-video-preview:-1\" \/>\n<link rel=\"canonical\" href=\"https:\/\/frandl-sports.com\/en\/product\/hero-world-cup-z-soft\/\" \/>\n<meta property=\"og:locale\" content=\"en_GB\" \/>\n<meta property=\"og:type\" content=\"article\" \/>\n<meta property=\"og:title\" content=\"HERO WORLD CUP Z SOFT + - Frandl Sports\" \/>\n<meta property=\"og:description\" content=\"Anerkannte Power f\u00fcr den Wettkampf. Der HERO Z+ SOFT ist ein erstklassiger, ultradynamischer Rennschuh f\u00fcr wettkampftauglichen Alpinsport. Er verf\u00fcgt \u00fcber eine Schale mit einer Leistenbreite von \u00fcber 92 + mm, extra dicke W\u00e4nde und eine Rennscharnier-Konstruktion f\u00fcr eine m\u00f6glichst effiziente Energie\u00fcbertragung auf die Skier. Das Modell mit einem neutralen, aufrechten Stand ist besonders schmal und [&hellip;]\" \/>\n<meta property=\"og:url\" content=\"https:\/\/frandl-sports.com\/en\/product\/hero-world-cup-z-soft\/\" \/>\n<meta property=\"og:site_name\" content=\"Frandl Sports\" \/>\n<meta property=\"article:modified_time\" content=\"2026-04-20T14:08:54+00:00\" \/>\n<meta property=\"og:image\" content=\"https:\/\/frandl-sports.com\/wp-content\/uploads\/2026\/04\/2-1.gif\" \/>\n\t<meta property=\"og:image:width\" content=\"800\" \/>\n\t<meta property=\"og:image:height\" content=\"800\" \/>\n\t<meta property=\"og:image:type\" content=\"image\/gif\" \/>\n<meta name=\"twitter:card\" content=\"summary_large_image\" \/>\n<script type=\"application\/ld+json\" class=\"yoast-schema-graph\">{\"@context\":\"https:\\\/\\\/schema.org\",\"@graph\":[{\"@type\":\"WebPage\",\"@id\":\"https:\\\/\\\/frandl-sports.com\\\/produkt\\\/hero-world-cup-z-soft\\\/\",\"url\":\"https:\\\/\\\/frandl-sports.com\\\/produkt\\\/hero-world-cup-z-soft\\\/\",\"name\":\"HERO WORLD CUP Z SOFT + - Frandl Sports\",\"isPartOf\":{\"@id\":\"https:\\\/\\\/frandl-sports.com\\\/#website\"},\"primaryImageOfPage\":{\"@id\":\"https:\\\/\\\/frandl-sports.com\\\/produkt\\\/hero-world-cup-z-soft\\\/#primaryimage\"},\"image\":{\"@id\":\"https:\\\/\\\/frandl-sports.com\\\/produkt\\\/hero-world-cup-z-soft\\\/#primaryimage\"},\"thumbnailUrl\":\"https:\\\/\\\/frandl-sports.com\\\/wp-content\\\/uploads\\\/2026\\\/04\\\/2-1.gif\",\"datePublished\":\"2026-04-20T14:02:08+00:00\",\"dateModified\":\"2026-04-20T14:08:54+00:00\",\"breadcrumb\":{\"@id\":\"https:\\\/\\\/frandl-sports.com\\\/produkt\\\/hero-world-cup-z-soft\\\/#breadcrumb\"},\"inLanguage\":\"en-GB\",\"potentialAction\":[{\"@type\":\"ReadAction\",\"target\":[\"https:\\\/\\\/frandl-sports.com\\\/produkt\\\/hero-world-cup-z-soft\\\/\"]}]},{\"@type\":\"ImageObject\",\"inLanguage\":\"en-GB\",\"@id\":\"https:\\\/\\\/frandl-sports.com\\\/produkt\\\/hero-world-cup-z-soft\\\/#primaryimage\",\"url\":\"https:\\\/\\\/frandl-sports.com\\\/wp-content\\\/uploads\\\/2026\\\/04\\\/2-1.gif\",\"contentUrl\":\"https:\\\/\\\/frandl-sports.com\\\/wp-content\\\/uploads\\\/2026\\\/04\\\/2-1.gif\",\"width\":800,\"height\":800},{\"@type\":\"BreadcrumbList\",\"@id\":\"https:\\\/\\\/frandl-sports.com\\\/produkt\\\/hero-world-cup-z-soft\\\/#breadcrumb\",\"itemListElement\":[{\"@type\":\"ListItem\",\"position\":1,\"name\":\"Startseite\",\"item\":\"https:\\\/\\\/frandl-sports.com\\\/\"},{\"@type\":\"ListItem\",\"position\":2,\"name\":\"Shop\",\"item\":\"https:\\\/\\\/frandl-sports.com\\\/shop\\\/\"},{\"@type\":\"ListItem\",\"position\":3,\"name\":\"HERO WORLD CUP Z SOFT +\"}]},{\"@type\":\"WebSite\",\"@id\":\"https:\\\/\\\/frandl-sports.com\\\/#website\",\"url\":\"https:\\\/\\\/frandl-sports.com\\\/\",\"name\":\"Frandl Sports\",\"description\":\"FRANDL SPORTS ist der kompetente Gesamtausstatter f\u00fcr professionelle Unternehmen im Bereich Wintersport\",\"publisher\":{\"@id\":\"https:\\\/\\\/frandl-sports.com\\\/#organization\"},\"potentialAction\":[{\"@type\":\"SearchAction\",\"target\":{\"@type\":\"EntryPoint\",\"urlTemplate\":\"https:\\\/\\\/frandl-sports.com\\\/?s={search_term_string}\"},\"query-input\":{\"@type\":\"PropertyValueSpecification\",\"valueRequired\":true,\"valueName\":\"search_term_string\"}}],\"inLanguage\":\"en-GB\"},{\"@type\":\"Organization\",\"@id\":\"https:\\\/\\\/frandl-sports.com\\\/#organization\",\"name\":\"Frandl Sports\",\"url\":\"https:\\\/\\\/frandl-sports.com\\\/\",\"logo\":{\"@type\":\"ImageObject\",\"inLanguage\":\"en-GB\",\"@id\":\"https:\\\/\\\/frandl-sports.com\\\/#\\\/schema\\\/logo\\\/image\\\/\",\"url\":\"https:\\\/\\\/frandl-sports.com\\\/wp-content\\\/uploads\\\/2026\\\/03\\\/Favicon_1.png\",\"contentUrl\":\"https:\\\/\\\/frandl-sports.com\\\/wp-content\\\/uploads\\\/2026\\\/03\\\/Favicon_1.png\",\"width\":500,\"height\":500,\"caption\":\"Frandl Sports\"},\"image\":{\"@id\":\"https:\\\/\\\/frandl-sports.com\\\/#\\\/schema\\\/logo\\\/image\\\/\"}}]}<\/script>\n<!-- \/ Yoast SEO plugin. -->","yoast_head_json":{"title":"HERO WORLD CUP Z SOFT + - Frandl Sports","robots":{"index":"index","follow":"follow","max-snippet":"max-snippet:-1","max-image-preview":"max-image-preview:large","max-video-preview":"max-video-preview:-1"},"canonical":"https:\/\/frandl-sports.com\/en\/product\/hero-world-cup-z-soft\/","og_locale":"en_GB","og_type":"article","og_title":"HERO WORLD CUP Z SOFT + - Frandl Sports","og_description":"Anerkannte Power f\u00fcr den Wettkampf. Der HERO Z+ SOFT ist ein erstklassiger, ultradynamischer Rennschuh f\u00fcr wettkampftauglichen Alpinsport. Er verf\u00fcgt \u00fcber eine Schale mit einer Leistenbreite von \u00fcber 92 + mm, extra dicke W\u00e4nde und eine Rennscharnier-Konstruktion f\u00fcr eine m\u00f6glichst effiziente Energie\u00fcbertragung auf die Skier. Das Modell mit einem neutralen, aufrechten Stand ist besonders schmal und [&hellip;]","og_url":"https:\/\/frandl-sports.com\/en\/product\/hero-world-cup-z-soft\/","og_site_name":"Frandl Sports","article_modified_time":"2026-04-20T14:08:54+00:00","og_image":[{"width":800,"height":800,"url":"https:\/\/frandl-sports.com\/wp-content\/uploads\/2026\/04\/2-1.gif","type":"image\/gif"}],"twitter_card":"summary_large_image","schema":{"@context":"https:\/\/schema.org","@graph":[{"@type":"WebPage","@id":"https:\/\/frandl-sports.com\/produkt\/hero-world-cup-z-soft\/","url":"https:\/\/frandl-sports.com\/produkt\/hero-world-cup-z-soft\/","name":"HERO WORLD CUP Z SOFT + - Frandl Sports","isPartOf":{"@id":"https:\/\/frandl-sports.com\/#website"},"primaryImageOfPage":{"@id":"https:\/\/frandl-sports.com\/produkt\/hero-world-cup-z-soft\/#primaryimage"},"image":{"@id":"https:\/\/frandl-sports.com\/produkt\/hero-world-cup-z-soft\/#primaryimage"},"thumbnailUrl":"https:\/\/frandl-sports.com\/wp-content\/uploads\/2026\/04\/2-1.gif","datePublished":"2026-04-20T14:02:08+00:00","dateModified":"2026-04-20T14:08:54+00:00","breadcrumb":{"@id":"https:\/\/frandl-sports.com\/produkt\/hero-world-cup-z-soft\/#breadcrumb"},"inLanguage":"en-GB","potentialAction":[{"@type":"ReadAction","target":["https:\/\/frandl-sports.com\/produkt\/hero-world-cup-z-soft\/"]}]},{"@type":"ImageObject","inLanguage":"en-GB","@id":"https:\/\/frandl-sports.com\/produkt\/hero-world-cup-z-soft\/#primaryimage","url":"https:\/\/frandl-sports.com\/wp-content\/uploads\/2026\/04\/2-1.gif","contentUrl":"https:\/\/frandl-sports.com\/wp-content\/uploads\/2026\/04\/2-1.gif","width":800,"height":800},{"@type":"BreadcrumbList","@id":"https:\/\/frandl-sports.com\/produkt\/hero-world-cup-z-soft\/#breadcrumb","itemListElement":[{"@type":"ListItem","position":1,"name":"Startseite","item":"https:\/\/frandl-sports.com\/"},{"@type":"ListItem","position":2,"name":"Shop","item":"https:\/\/frandl-sports.com\/shop\/"},{"@type":"ListItem","position":3,"name":"HERO WORLD CUP Z SOFT +"}]},{"@type":"WebSite","@id":"https:\/\/frandl-sports.com\/#website","url":"https:\/\/frandl-sports.com\/","name":"Frandl Sports","description":"FRANDL SPORTS is the competent all-round supplier for professional companies in the winter sports sector","publisher":{"@id":"https:\/\/frandl-sports.com\/#organization"},"potentialAction":[{"@type":"SearchAction","target":{"@type":"EntryPoint","urlTemplate":"https:\/\/frandl-sports.com\/?s={search_term_string}"},"query-input":{"@type":"PropertyValueSpecification","valueRequired":true,"valueName":"search_term_string"}}],"inLanguage":"en-GB"},{"@type":"Organization","@id":"https:\/\/frandl-sports.com\/#organization","name":"Frandl Sports","url":"https:\/\/frandl-sports.com\/","logo":{"@type":"ImageObject","inLanguage":"en-GB","@id":"https:\/\/frandl-sports.com\/#\/schema\/logo\/image\/","url":"https:\/\/frandl-sports.com\/wp-content\/uploads\/2026\/03\/Favicon_1.png","contentUrl":"https:\/\/frandl-sports.com\/wp-content\/uploads\/2026\/03\/Favicon_1.png","width":500,"height":500,"caption":"Frandl Sports"},"image":{"@id":"https:\/\/frandl-sports.com\/#\/schema\/logo\/image\/"}}]}},"brands":[{"id":702,"name":"Rossignol","slug":"rossignol"}],"_links":{"self":[{"href":"https:\/\/frandl-sports.com\/en\/wp-json\/wp\/v2\/product\/38972","targetHints":{"allow":["GET"]}}],"collection":[{"href":"https:\/\/frandl-sports.com\/en\/wp-json\/wp\/v2\/product"}],"about":[{"href":"https:\/\/frandl-sports.com\/en\/wp-json\/wp\/v2\/types\/product"}],"replies":[{"embeddable":true,"href":"https:\/\/frandl-sports.com\/en\/wp-json\/wp\/v2\/comments?post=38972"}],"wp:featuredmedia":[{"embeddable":true,"href":"https:\/\/frandl-sports.com\/en\/wp-json\/wp\/v2\/media\/38895"}],"wp:attachment":[{"href":"https:\/\/frandl-sports.com\/en\/wp-json\/wp\/v2\/media?parent=38972"}],"wp:term":[{"taxonomy":"pwb-brand","embeddable":true,"href":"https:\/\/frandl-sports.com\/en\/wp-json\/wp\/v2\/pwb-brand?post=38972"},{"taxonomy":"product_brand","embeddable":true,"href":"https:\/\/frandl-sports.com\/en\/wp-json\/wp\/v2\/product_brand?post=38972"},{"taxonomy":"product_cat","embeddable":true,"href":"https:\/\/frandl-sports.com\/en\/wp-json\/wp\/v2\/product_cat?post=38972"},{"taxonomy":"product_tag","embeddable":true,"href":"https:\/\/frandl-sports.com\/en\/wp-json\/wp\/v2\/product_tag?post=38972"}],"curies":[{"name":"wp","href":"https:\/\/api.w.org\/{rel}","templated":true}]}}