{"id":4008,"date":"2017-04-19T09:07:08","date_gmt":"2017-04-19T09:07:08","guid":{"rendered":"https:\/\/frandl-sports.com\/?post_type=product&#038;p=4008"},"modified":"2026-03-19T12:53:39","modified_gmt":"2026-03-19T11:53:39","slug":"downhill-comp-ergo-grip","status":"publish","type":"product","link":"https:\/\/frandl-sports.com\/en\/produkt\/downhill-comp-ergo-grip\/","title":{"rendered":"Downhill Comp Ergo Grip"},"content":{"rendered":"<div id=\"product_description\" class=\"tab-pane active\">\n<div>Short, supple racing gloves with Ergo Grip construction. Ideal for downhill and Super G. Particularly strongly pre-shaped fingers and minimal excess material on the palm ensure an excellent fit and maximum pole feel. These gloves are more pre-shaped than our other Ergo-Grip models.<\/div>\n<ul>\n<li>\n<h3>Outer material<\/h3>\n<p>Impregnated cowhide nappa.<\/li>\n<li>\n<h3>Insulation<\/h3>\n<p>Thin foam lamination\/100% polyester.<\/li>\n<li>\n<h3>Lining<\/h3>\n<p>100 % polyester.<\/li>\n<li>\n<h3>Features<\/h3>\n<p>Neoprene cuffs with Velcro fastening on the wrist.<\/li>\n<\/ul>\n<\/div>","protected":false},"excerpt":{"rendered":"<p>Short, supple racing gloves with Ergo Grip construction. Ideal for downhill and Super G. Particularly strongly pre-shaped fingers and minimal excess material on the palm ensure an excellent fit and maximum pole feel. These gloves are more pre-shaped than our other Ergo-Grip models. Outer material Impregnated cowhide nappa. Insulation Thin-Foam lamination\/100% polyester. Lining 100 % polyester. Features Neoprene cuff with Velcro fastening on the wrist.<\/p>","protected":false},"featured_media":38517,"comment_status":"open","ping_status":"closed","template":"","meta":[],"pwb-brand":[693],"product_brand":[421],"product_cat":[237],"product_tag":[],"class_list":{"0":"post-4008","1":"product","2":"type-product","3":"status-publish","4":"has-post-thumbnail","6":"pwb-brand-hestra","7":"product_brand-hestra","8":"product_cat-hestra-gloves","9":"product_shipping_class-2kg","10":"pa_grobe-463","12":"first","13":"instock","14":"sale","15":"taxable","16":"shipping-taxable","17":"purchasable","18":"product-type-variable"},"yoast_head":"<!-- This site is optimized with the Yoast SEO plugin v27.6 - https:\/\/yoast.com\/product\/yoast-seo-wordpress\/ -->\n<title>Downhill Comp Ergo Grip - Frandl Sports<\/title>\n<meta name=\"robots\" content=\"index, follow, max-snippet:-1, max-image-preview:large, max-video-preview:-1\" \/>\n<link rel=\"canonical\" href=\"https:\/\/frandl-sports.com\/en\/product\/downhill-comp-ergo-grip\/\" \/>\n<meta property=\"og:locale\" content=\"en_GB\" \/>\n<meta property=\"og:type\" content=\"article\" \/>\n<meta property=\"og:title\" content=\"Downhill Comp Ergo Grip - Frandl Sports\" \/>\n<meta property=\"og:description\" content=\"Kurze, schmiegsame Racing-Handschuhe mit Ergo-Grip-Konstruktion. Ideal f\u00fcr Abfahrt und Super G. Besonders stark vorgeformte Finger und minimales \u00dcberschussmaterial an der Handfl\u00e4che sorgen f\u00fcr hervorragende Passform und maximales Stockgef\u00fchl. Diese Handschuhe sind st\u00e4rker vorgeformt als unsere anderen Ergo-Grip-Modelle. Outer material Imr\u00e4gniertes Rindnappa. Insulation Thin-Foam-Laminierung\/100% Polyester. Lining 100 % polyester. Features Neoprenb\u00fcndchen mit Klettverschluss am Handgelenk.\" \/>\n<meta property=\"og:url\" content=\"https:\/\/frandl-sports.com\/en\/product\/downhill-comp-ergo-grip\/\" \/>\n<meta property=\"og:site_name\" content=\"Frandl Sports\" \/>\n<meta property=\"article:modified_time\" content=\"2026-03-19T11:53:39+00:00\" \/>\n<meta property=\"og:image\" content=\"https:\/\/frandl-sports.com\/wp-content\/uploads\/2017\/04\/Ergo-Grip-590x590-1.jpg\" \/>\n\t<meta property=\"og:image:width\" content=\"590\" \/>\n\t<meta property=\"og:image:height\" content=\"590\" \/>\n\t<meta property=\"og:image:type\" content=\"image\/jpeg\" \/>\n<meta name=\"twitter:card\" content=\"summary_large_image\" \/>\n<meta name=\"twitter:label1\" content=\"Estimated reading time\" \/>\n\t<meta name=\"twitter:data1\" content=\"1 minute\" \/>\n<script type=\"application\/ld+json\" class=\"yoast-schema-graph\">{\"@context\":\"https:\\\/\\\/schema.org\",\"@graph\":[{\"@type\":\"WebPage\",\"@id\":\"https:\\\/\\\/frandl-sports.com\\\/produkt\\\/downhill-comp-ergo-grip\\\/\",\"url\":\"https:\\\/\\\/frandl-sports.com\\\/produkt\\\/downhill-comp-ergo-grip\\\/\",\"name\":\"Downhill Comp Ergo Grip - Frandl Sports\",\"isPartOf\":{\"@id\":\"https:\\\/\\\/frandl-sports.com\\\/#website\"},\"primaryImageOfPage\":{\"@id\":\"https:\\\/\\\/frandl-sports.com\\\/produkt\\\/downhill-comp-ergo-grip\\\/#primaryimage\"},\"image\":{\"@id\":\"https:\\\/\\\/frandl-sports.com\\\/produkt\\\/downhill-comp-ergo-grip\\\/#primaryimage\"},\"thumbnailUrl\":\"https:\\\/\\\/frandl-sports.com\\\/wp-content\\\/uploads\\\/2017\\\/04\\\/Ergo-Grip-590x590-1.jpg\",\"datePublished\":\"2017-04-19T09:07:08+00:00\",\"dateModified\":\"2026-03-19T11:53:39+00:00\",\"breadcrumb\":{\"@id\":\"https:\\\/\\\/frandl-sports.com\\\/produkt\\\/downhill-comp-ergo-grip\\\/#breadcrumb\"},\"inLanguage\":\"en-GB\",\"potentialAction\":[{\"@type\":\"ReadAction\",\"target\":[\"https:\\\/\\\/frandl-sports.com\\\/produkt\\\/downhill-comp-ergo-grip\\\/\"]}]},{\"@type\":\"ImageObject\",\"inLanguage\":\"en-GB\",\"@id\":\"https:\\\/\\\/frandl-sports.com\\\/produkt\\\/downhill-comp-ergo-grip\\\/#primaryimage\",\"url\":\"https:\\\/\\\/frandl-sports.com\\\/wp-content\\\/uploads\\\/2017\\\/04\\\/Ergo-Grip-590x590-1.jpg\",\"contentUrl\":\"https:\\\/\\\/frandl-sports.com\\\/wp-content\\\/uploads\\\/2017\\\/04\\\/Ergo-Grip-590x590-1.jpg\",\"width\":590,\"height\":590},{\"@type\":\"BreadcrumbList\",\"@id\":\"https:\\\/\\\/frandl-sports.com\\\/produkt\\\/downhill-comp-ergo-grip\\\/#breadcrumb\",\"itemListElement\":[{\"@type\":\"ListItem\",\"position\":1,\"name\":\"Startseite\",\"item\":\"https:\\\/\\\/frandl-sports.com\\\/\"},{\"@type\":\"ListItem\",\"position\":2,\"name\":\"Shop\",\"item\":\"https:\\\/\\\/frandl-sports.com\\\/shop\\\/\"},{\"@type\":\"ListItem\",\"position\":3,\"name\":\"Downhill Comp Ergo Grip\"}]},{\"@type\":\"WebSite\",\"@id\":\"https:\\\/\\\/frandl-sports.com\\\/#website\",\"url\":\"https:\\\/\\\/frandl-sports.com\\\/\",\"name\":\"Frandl Sports\",\"description\":\"FRANDL SPORTS ist der kompetente Gesamtausstatter f\u00fcr professionelle Unternehmen im Bereich Wintersport\",\"publisher\":{\"@id\":\"https:\\\/\\\/frandl-sports.com\\\/#organization\"},\"potentialAction\":[{\"@type\":\"SearchAction\",\"target\":{\"@type\":\"EntryPoint\",\"urlTemplate\":\"https:\\\/\\\/frandl-sports.com\\\/?s={search_term_string}\"},\"query-input\":{\"@type\":\"PropertyValueSpecification\",\"valueRequired\":true,\"valueName\":\"search_term_string\"}}],\"inLanguage\":\"en-GB\"},{\"@type\":\"Organization\",\"@id\":\"https:\\\/\\\/frandl-sports.com\\\/#organization\",\"name\":\"Frandl Sports\",\"url\":\"https:\\\/\\\/frandl-sports.com\\\/\",\"logo\":{\"@type\":\"ImageObject\",\"inLanguage\":\"en-GB\",\"@id\":\"https:\\\/\\\/frandl-sports.com\\\/#\\\/schema\\\/logo\\\/image\\\/\",\"url\":\"https:\\\/\\\/frandl-sports.com\\\/wp-content\\\/uploads\\\/2026\\\/03\\\/Favicon_1.png\",\"contentUrl\":\"https:\\\/\\\/frandl-sports.com\\\/wp-content\\\/uploads\\\/2026\\\/03\\\/Favicon_1.png\",\"width\":500,\"height\":500,\"caption\":\"Frandl Sports\"},\"image\":{\"@id\":\"https:\\\/\\\/frandl-sports.com\\\/#\\\/schema\\\/logo\\\/image\\\/\"}}]}<\/script>\n<!-- \/ Yoast SEO plugin. -->","yoast_head_json":{"title":"Downhill Comp Ergo Grip - Frandl Sports","robots":{"index":"index","follow":"follow","max-snippet":"max-snippet:-1","max-image-preview":"max-image-preview:large","max-video-preview":"max-video-preview:-1"},"canonical":"https:\/\/frandl-sports.com\/en\/product\/downhill-comp-ergo-grip\/","og_locale":"en_GB","og_type":"article","og_title":"Downhill Comp Ergo Grip - Frandl Sports","og_description":"Kurze, schmiegsame Racing-Handschuhe mit Ergo-Grip-Konstruktion. Ideal f\u00fcr Abfahrt und Super G. Besonders stark vorgeformte Finger und minimales \u00dcberschussmaterial an der Handfl\u00e4che sorgen f\u00fcr hervorragende Passform und maximales Stockgef\u00fchl. Diese Handschuhe sind st\u00e4rker vorgeformt als unsere anderen Ergo-Grip-Modelle. Outer material Imr\u00e4gniertes Rindnappa. Insulation Thin-Foam-Laminierung\/100% Polyester. Lining 100 % polyester. Features Neoprenb\u00fcndchen mit Klettverschluss am Handgelenk.","og_url":"https:\/\/frandl-sports.com\/en\/product\/downhill-comp-ergo-grip\/","og_site_name":"Frandl Sports","article_modified_time":"2026-03-19T11:53:39+00:00","og_image":[{"width":590,"height":590,"url":"https:\/\/frandl-sports.com\/wp-content\/uploads\/2017\/04\/Ergo-Grip-590x590-1.jpg","type":"image\/jpeg"}],"twitter_card":"summary_large_image","twitter_misc":{"Estimated reading time":"1 minute"},"schema":{"@context":"https:\/\/schema.org","@graph":[{"@type":"WebPage","@id":"https:\/\/frandl-sports.com\/produkt\/downhill-comp-ergo-grip\/","url":"https:\/\/frandl-sports.com\/produkt\/downhill-comp-ergo-grip\/","name":"Downhill Comp Ergo Grip - Frandl Sports","isPartOf":{"@id":"https:\/\/frandl-sports.com\/#website"},"primaryImageOfPage":{"@id":"https:\/\/frandl-sports.com\/produkt\/downhill-comp-ergo-grip\/#primaryimage"},"image":{"@id":"https:\/\/frandl-sports.com\/produkt\/downhill-comp-ergo-grip\/#primaryimage"},"thumbnailUrl":"https:\/\/frandl-sports.com\/wp-content\/uploads\/2017\/04\/Ergo-Grip-590x590-1.jpg","datePublished":"2017-04-19T09:07:08+00:00","dateModified":"2026-03-19T11:53:39+00:00","breadcrumb":{"@id":"https:\/\/frandl-sports.com\/produkt\/downhill-comp-ergo-grip\/#breadcrumb"},"inLanguage":"en-GB","potentialAction":[{"@type":"ReadAction","target":["https:\/\/frandl-sports.com\/produkt\/downhill-comp-ergo-grip\/"]}]},{"@type":"ImageObject","inLanguage":"en-GB","@id":"https:\/\/frandl-sports.com\/produkt\/downhill-comp-ergo-grip\/#primaryimage","url":"https:\/\/frandl-sports.com\/wp-content\/uploads\/2017\/04\/Ergo-Grip-590x590-1.jpg","contentUrl":"https:\/\/frandl-sports.com\/wp-content\/uploads\/2017\/04\/Ergo-Grip-590x590-1.jpg","width":590,"height":590},{"@type":"BreadcrumbList","@id":"https:\/\/frandl-sports.com\/produkt\/downhill-comp-ergo-grip\/#breadcrumb","itemListElement":[{"@type":"ListItem","position":1,"name":"Startseite","item":"https:\/\/frandl-sports.com\/"},{"@type":"ListItem","position":2,"name":"Shop","item":"https:\/\/frandl-sports.com\/shop\/"},{"@type":"ListItem","position":3,"name":"Downhill Comp Ergo Grip"}]},{"@type":"WebSite","@id":"https:\/\/frandl-sports.com\/#website","url":"https:\/\/frandl-sports.com\/","name":"Frandl Sports","description":"FRANDL SPORTS is the competent all-round supplier for professional companies in the winter sports sector","publisher":{"@id":"https:\/\/frandl-sports.com\/#organization"},"potentialAction":[{"@type":"SearchAction","target":{"@type":"EntryPoint","urlTemplate":"https:\/\/frandl-sports.com\/?s={search_term_string}"},"query-input":{"@type":"PropertyValueSpecification","valueRequired":true,"valueName":"search_term_string"}}],"inLanguage":"en-GB"},{"@type":"Organization","@id":"https:\/\/frandl-sports.com\/#organization","name":"Frandl Sports","url":"https:\/\/frandl-sports.com\/","logo":{"@type":"ImageObject","inLanguage":"en-GB","@id":"https:\/\/frandl-sports.com\/#\/schema\/logo\/image\/","url":"https:\/\/frandl-sports.com\/wp-content\/uploads\/2026\/03\/Favicon_1.png","contentUrl":"https:\/\/frandl-sports.com\/wp-content\/uploads\/2026\/03\/Favicon_1.png","width":500,"height":500,"caption":"Frandl Sports"},"image":{"@id":"https:\/\/frandl-sports.com\/#\/schema\/logo\/image\/"}}]}},"brands":[{"id":693,"name":"Hestra","slug":"hestra"}],"_links":{"self":[{"href":"https:\/\/frandl-sports.com\/en\/wp-json\/wp\/v2\/product\/4008","targetHints":{"allow":["GET"]}}],"collection":[{"href":"https:\/\/frandl-sports.com\/en\/wp-json\/wp\/v2\/product"}],"about":[{"href":"https:\/\/frandl-sports.com\/en\/wp-json\/wp\/v2\/types\/product"}],"replies":[{"embeddable":true,"href":"https:\/\/frandl-sports.com\/en\/wp-json\/wp\/v2\/comments?post=4008"}],"wp:featuredmedia":[{"embeddable":true,"href":"https:\/\/frandl-sports.com\/en\/wp-json\/wp\/v2\/media\/38517"}],"wp:attachment":[{"href":"https:\/\/frandl-sports.com\/en\/wp-json\/wp\/v2\/media?parent=4008"}],"wp:term":[{"taxonomy":"pwb-brand","embeddable":true,"href":"https:\/\/frandl-sports.com\/en\/wp-json\/wp\/v2\/pwb-brand?post=4008"},{"taxonomy":"product_brand","embeddable":true,"href":"https:\/\/frandl-sports.com\/en\/wp-json\/wp\/v2\/product_brand?post=4008"},{"taxonomy":"product_cat","embeddable":true,"href":"https:\/\/frandl-sports.com\/en\/wp-json\/wp\/v2\/product_cat?post=4008"},{"taxonomy":"product_tag","embeddable":true,"href":"https:\/\/frandl-sports.com\/en\/wp-json\/wp\/v2\/product_tag?post=4008"}],"curies":[{"name":"wp","href":"https:\/\/api.w.org\/{rel}","templated":true}]}}